{"id":2692,"date":"2023-05-29T10:22:55","date_gmt":"2023-05-29T10:22:55","guid":{"rendered":"https:\/\/www.niupack.com\/avis-legal\/"},"modified":"2025-04-03T07:53:57","modified_gmt":"2025-04-03T07:53:57","slug":"avis-legal","status":"publish","type":"page","link":"https:\/\/www.niupack.com\/ca\/avis-legal\/","title":{"rendered":"Av\u00eds legal"},"content":{"rendered":"\t\t<div data-elementor-type=\"wp-page\" data-elementor-id=\"2692\" class=\"elementor elementor-2692 elementor-131\" data-elementor-post-type=\"page\">\n\t\t\t\t\t\t<section class=\"elementor-section elementor-top-section elementor-element elementor-element-48a7dcf6 elementor-section-boxed elementor-section-height-default elementor-section-height-default\" data-id=\"48a7dcf6\" data-element_type=\"section\" data-e-type=\"section\" data-settings=\"{&quot;background_background&quot;:&quot;classic&quot;}\">\n\t\t\t\t\t\t<div class=\"elementor-container elementor-column-gap-default\">\n\t\t\t\t\t<div class=\"elementor-column elementor-col-50 elementor-top-column elementor-element elementor-element-64059d52\" data-id=\"64059d52\" data-element_type=\"column\" data-e-type=\"column\">\n\t\t\t<div class=\"elementor-widget-wrap elementor-element-populated\">\n\t\t\t\t\t\t<div class=\"elementor-element elementor-element-68bd27e2 elementor-widget elementor-widget-spacer\" data-id=\"68bd27e2\" data-element_type=\"widget\" data-e-type=\"widget\" data-widget_type=\"spacer.default\">\n\t\t\t\t<div class=\"elementor-widget-container\">\n\t\t\t\t\t\t\t<div class=\"elementor-spacer\">\n\t\t\t<div class=\"elementor-spacer-inner\"><\/div>\n\t\t<\/div>\n\t\t\t\t\t\t<\/div>\n\t\t\t\t<\/div>\n\t\t\t\t<div class=\"elementor-element elementor-element-7f0b7191 elementor-widget elementor-widget-text-editor\" data-id=\"7f0b7191\" data-element_type=\"widget\" data-e-type=\"widget\" data-widget_type=\"text-editor.default\">\n\t\t\t\t<div class=\"elementor-widget-container\">\n\t\t\t\t\t\t\t\t\t<p>Home \/ Av\u00eds legal<\/p>\n\t\t\t\t\t\t\t\t<\/div>\n\t\t\t\t<\/div>\n\t\t\t\t<div class=\"elementor-element elementor-element-46a096f3 elementor-widget elementor-widget-text-editor\" data-id=\"46a096f3\" data-element_type=\"widget\" data-e-type=\"widget\" data-widget_type=\"text-editor.default\">\n\t\t\t\t<div class=\"elementor-widget-container\">\n\t\t\t\t\t\t\t\t\t<p><span class=\"tgroc3\">Av\u00eds legal<\/span><\/p>\n\t\t\t\t\t\t\t\t<\/div>\n\t\t\t\t<\/div>\n\t\t\t\t<div class=\"elementor-element elementor-element-2134643d elementor-widget elementor-widget-text-editor\" data-id=\"2134643d\" data-element_type=\"widget\" data-e-type=\"widget\" data-widget_type=\"text-editor.default\">\n\t\t\t\t<div class=\"elementor-widget-container\">\n\t\t\t\t\t\t\t\t\t<p>VOIDFILLER<\/p>\n\t\t\t\t\t\t\t\t<\/div>\n\t\t\t\t<\/div>\n\t\t\t\t<div class=\"elementor-element elementor-element-54a1f518 elementor-widget elementor-widget-spacer\" data-id=\"54a1f518\" data-element_type=\"widget\" data-e-type=\"widget\" data-widget_type=\"spacer.default\">\n\t\t\t\t<div class=\"elementor-widget-container\">\n\t\t\t\t\t\t\t<div class=\"elementor-spacer\">\n\t\t\t<div class=\"elementor-spacer-inner\"><\/div>\n\t\t<\/div>\n\t\t\t\t\t\t<\/div>\n\t\t\t\t<\/div>\n\t\t\t\t\t<\/div>\n\t\t<\/div>\n\t\t\t\t<div class=\"elementor-column elementor-col-50 elementor-top-column elementor-element elementor-element-7a68c2ae\" data-id=\"7a68c2ae\" data-element_type=\"column\" data-e-type=\"column\">\n\t\t\t<div class=\"elementor-widget-wrap\">\n\t\t\t\t\t\t\t<\/div>\n\t\t<\/div>\n\t\t\t\t\t<\/div>\n\t\t<\/section>\n\t\t\t\t<section class=\"elementor-section elementor-top-section elementor-element elementor-element-42a0c008 elementor-section-boxed elementor-section-height-default elementor-section-height-default\" data-id=\"42a0c008\" data-element_type=\"section\" data-e-type=\"section\" data-settings=\"{&quot;background_background&quot;:&quot;classic&quot;}\">\n\t\t\t\t\t\t<div class=\"elementor-container elementor-column-gap-default\">\n\t\t\t\t\t<div class=\"elementor-column elementor-col-50 elementor-top-column elementor-element elementor-element-7571b1c1\" data-id=\"7571b1c1\" data-element_type=\"column\" data-e-type=\"column\">\n\t\t\t<div class=\"elementor-widget-wrap elementor-element-populated\">\n\t\t\t\t\t\t<div class=\"elementor-element elementor-element-70a7f61a elementor-widget elementor-widget-spacer\" data-id=\"70a7f61a\" data-element_type=\"widget\" data-e-type=\"widget\" data-widget_type=\"spacer.default\">\n\t\t\t\t<div class=\"elementor-widget-container\">\n\t\t\t\t\t\t\t<div class=\"elementor-spacer\">\n\t\t\t<div class=\"elementor-spacer-inner\"><\/div>\n\t\t<\/div>\n\t\t\t\t\t\t<\/div>\n\t\t\t\t<\/div>\n\t\t\t\t\t<\/div>\n\t\t<\/div>\n\t\t\t\t<div class=\"elementor-column elementor-col-50 elementor-top-column elementor-element elementor-element-7b6fa665\" data-id=\"7b6fa665\" data-element_type=\"column\" data-e-type=\"column\">\n\t\t\t<div class=\"elementor-widget-wrap\">\n\t\t\t\t\t\t\t<\/div>\n\t\t<\/div>\n\t\t\t\t\t<\/div>\n\t\t<\/section>\n\t\t\t\t<section class=\"elementor-section elementor-top-section elementor-element elementor-element-16c4ebe0 elementor-section-boxed elementor-section-height-default elementor-section-height-default\" data-id=\"16c4ebe0\" data-element_type=\"section\" data-e-type=\"section\">\n\t\t\t\t\t\t<div class=\"elementor-container elementor-column-gap-default\">\n\t\t\t\t\t<div class=\"elementor-column elementor-col-100 elementor-top-column elementor-element elementor-element-3ddc785\" data-id=\"3ddc785\" data-element_type=\"column\" data-e-type=\"column\">\n\t\t\t<div class=\"elementor-widget-wrap elementor-element-populated\">\n\t\t\t\t\t\t<section class=\"elementor-section elementor-inner-section elementor-element elementor-element-33176a99 elementor-section-boxed elementor-section-height-default elementor-section-height-default\" data-id=\"33176a99\" data-element_type=\"section\" data-e-type=\"section\" data-settings=\"{&quot;background_background&quot;:&quot;classic&quot;}\">\n\t\t\t\t\t\t<div class=\"elementor-container elementor-column-gap-default\">\n\t\t\t\t\t<div class=\"elementor-column elementor-col-100 elementor-inner-column elementor-element elementor-element-3ad53a77\" data-id=\"3ad53a77\" data-element_type=\"column\" data-e-type=\"column\">\n\t\t\t<div class=\"elementor-widget-wrap elementor-element-populated\">\n\t\t\t\t\t\t<div class=\"elementor-element elementor-element-14fe29b9 elementor-widget elementor-widget-text-editor\" data-id=\"14fe29b9\" data-element_type=\"widget\" data-e-type=\"widget\" data-widget_type=\"text-editor.default\">\n\t\t\t\t<div class=\"elementor-widget-container\">\n\t\t\t\t\t\t\t\t\t<p class=\"p1\">Per a complir amb el que estableix la Llei 34\/2002, de 11 de juliol, de serveis de la societat de la informaci\u00f3 i de comer\u00e7 electr\u00f2nic, a continuaci\u00f3 s\u2019indiquen les dades de la informaci\u00f3 general d\u2019aquest lloc web:<\/p><p class=\"p1\"><b>OBJECTE<\/b><\/p><p class=\"p1\">Aquestes condicions generals (en endavant, les \u201cCondicions Generals\u201d) regulen l\u2019\u00fas de tots els serveis d\u2019aquest lloc web (des d\u2019ara \u201cel Portal\u201d) que Forankra Espa\u00f1a, SLU, posa a disposici\u00f3 dels usuaris d\u2019Internet. Per la simple utilitzaci\u00f3 del Portal, els usuaris expressen la plena acceptaci\u00f3 i sense reserves de les mateixes, les quals podran ser modificades per Forankra Espa\u00f1a, SLU en qualsevol moment. Els usuaris es veuen aix\u00ed mateix sotmesos a totes aquelles condicions particulars, avisos o reglaments d\u2019instruccions que es posin en el seu coneixement, en relaci\u00f3 als continguts o serveis concrets, que contemplen all\u00f2 previst en aquestes Condicions Generals sempre i quan no s\u2019hi oposin.<\/p><p class=\"p1\"><b>1. INFORMACI\u00d3 A L\u2019USUARI<\/b><\/p><p class=\"p1\">Forankra Espa\u00f1a, SLU, \u00e9s el Responsable del tractament de les dades personals de l\u2019Usuari i l\u2019informa que aquestes dades seran tractades de conformitat amb el que disposa la normativa vigent en protecci\u00f3 de dades personals, el Reglament (UE) 2016\/679 de 27 d\u2019abril de 2016 (GDPR) relatiu a la protecci\u00f3 de les persones f\u00edsiques pel que fa al tractament de dades personals i a la lliure circulaci\u00f3 d\u2019aquestes dades, per la qual cosa li facilita la seg\u00fcent informaci\u00f3 del tractament:<\/p><p class=\"p1\"><b>Objectiu del tractament:<\/b>\u00a0mantenir una relaci\u00f3 comercial amb l\u2019Usuari. Les operacions previstes per realitzar el tractament s\u00f3n:<\/p><ul class=\"ul1\"><li class=\"li1\">Remissi\u00f3 de comunicacions comercials publicit\u00e0ries per email, SMS, MMS, comunitats socials o qualsevol altre mitj\u00e0 electr\u00f2nic o f\u00edsic, present o futur, que possibiliti realitzar comunicacions comercials. Aquestes Comunicacions les ha de fer Forankra Espa\u00f1a, SLU i relacionades sobre els seus productes i serveis, o dels seus col\u00b7laboradors o prove\u00efdors amb els que aquest hagi arribat a algun acord de promoci\u00f3. En aquest cas, els tercers mai tindran acc\u00e9s a les dades personals.<\/li><li class=\"li1\">Realitzar estudis estad\u00edstics.<\/li><li class=\"li1\">Tramitar enc\u00e0rrecs de peticions o qualsevol tipus de petici\u00f3 que sigui realitzada per l\u2019usuari a trav\u00e9s de qualsevol de les formes de contacte que es posen a la seva disposici\u00f3.<\/li><li class=\"li1\">Remetre el butllet\u00ed de not\u00edcies de la p\u00e0gina web.<\/li><\/ul><p class=\"p1\"><b>Criteris de conservaci\u00f3 de les dades:<\/b>\u00a0Es conservaran mentre hi hagi un inter\u00e8s mutu per mantenir la fi del tractament i quan ja no sigui necessari per a tal objectiu, es suprimiran amb mesures de seguretat adequades per garantir la seudoniminaci\u00f3 de les dades o la destrucci\u00f3 total de les mateixes.<\/p><p class=\"p1\"><b>Comunicaci\u00f3 de les dades:<\/b>\u00a0No es comunicaran les dades a cap destinatari, llevat obligaci\u00f3 legal.<\/p><p class=\"p1\"><b>Drets que assisteixen a l\u2019Usuari:<\/b><\/p><ul class=\"ul1\"><li class=\"li1\">Dret a retirar el consentiment en qualsevol moment.<\/li><li class=\"li1\">Dret d\u2019acc\u00e9s, rectificaci\u00f3 i supressi\u00f3 de les seves dades i de la limitaci\u00f3 o oposici\u00f3 al seu tractament.<\/li><li class=\"li1\">Dret a presentar una reclamaci\u00f3 davant l\u2019autoritat de control (agpd.es) si considera que el tractament no s\u2019ajusta a la normativa vigent.<\/li><\/ul><p class=\"p1\"><b>Dades de contacte per exercir els seus drets:<\/b><\/p><ul class=\"ul1\"><li class=\"li1\">Direcci\u00f3 postal: Forankra Espa\u00f1a, SLU &#8211; C\/ de l&#8217;Alguer 2, nave 1 A (Pol. Ind. La Creueta) 08130 &#8211; Santa Perpetua de Mogoda (Barcelona)<\/li><li class=\"li1\">Direcci\u00f3 electr\u00f2nica: marketing@forankra.es<\/li><\/ul><p class=\"p1\"><b>2. CAR\u00c0CTER OBLIGATORI O FACULTATIU DE LA INFORMACI\u00d3 FACILITADA PER L\u2019USUARI<\/b><\/p><p class=\"p1\">Els Usuaris, mitjan\u00e7ant l\u2019entrada de dades en els camps en el formulari de contacte o presentats en formularis de desc\u00e0rrega, accepten expressament i de forma lliure i inequ\u00edvoca, que les seves dades s\u00f3n necess\u00e0ries per atendre la seva petici\u00f3, per part del prestador, sent volunt\u00e0ria la inclusi\u00f3 de dades en els camps restants. L\u2019Usuari garanteix que les dades personals facilitades a Forankra Espa\u00f1a, SLU s\u00f3n certes i es fa responsable de comunicar qualsevol modificaci\u00f3 de les mateixes.<\/p><p class=\"p1\">Forankra Espa\u00f1a, SLU informa i garanteix expressament als usuaris que les seves dades personals no seran cedides en cap cas a tercers, i que sempre que realitz\u00e9s algun tipus de cessi\u00f3 de dades personals, es demanar\u00e0 pr\u00e8viament el consentiment expr\u00e9s, informat i inequ\u00edvoc per part dels usuaris. Totes les dades sol\u00b7licitades a trav\u00e9s del lloc web s\u00f3n obligat\u00f2ries, ja que s\u00f3n necess\u00e0ries per a la prestaci\u00f3 d\u2019un servei \u00f2ptim a l\u2019usuari. En cas que no siguin facilitades totes les dades, no es garanteix que la informaci\u00f3 i serveis facilitats siguin completament ajustats a les seves necessitats.<\/p><p class=\"p1\"><b>3. MESURES DE SEGURETAT<\/b><\/p><p class=\"p1\">Que de conformitat amb el que disposen les normatives vigents en protecci\u00f3 de dades personals, Forankra Espa\u00f1a, SLU est\u00e0 complint amb totes les disposicions de les normatives del RGPD, per al tractament de les dades personals de la seva responsabilitat, i manifestament amb els principis descrits en el article 5 del RGPD, pels quals s\u00f3n tractats de manera l\u00edcita, lleial i transparent en relaci\u00f3 amb l\u2019interessat i adequades, pertinents i limitats al que \u00e9s necessari en relaci\u00f3 amb els objectius pels quals s\u00f3n tractats.<\/p><p class=\"p1\">Forankra Espa\u00f1a, SLU garanteix que ha implementat pol\u00edtiques t\u00e8cniques i organitzatives apropiades per aplicar les mesures de seguretat que estableix el RGPD, per protegir els drets i llibertats dels usuaris i els hi ha comunicat la informaci\u00f3 adequada perqu\u00e8 puguin exercir-los.<\/p><p class=\"p1\"><b>4. UTILITZACI\u00d3 DEL PORTAL I DELS SERVEIS PER ALS USUARIS<\/b><\/p><p class=\"p1\">Excepte en el cas que hagin obtingut pr\u00e8via i expressa autoritzaci\u00f3 espec\u00edficament atorgada a tal efecte per part de Forankra Espa\u00f1a, SLU, els usuaris s\u2019abstindran d\u2019obtenir o intentar obtenir qualsevol tipus de continguts, ja siguin textos, gr\u00e0fics, dibuixos, arxius de so, imatges o fotografies, v\u00eddeos, programari i en general qualsevol classe de material accessible a trav\u00e9s del Portal o dels serveis utilitzats per ells, per mitjans diferents dels que s\u2019hagin posat a la seva disposici\u00f3 a aquest efecte o dels que s\u2019emprin habitualment a aquest efecte a Internet.<\/p><p class=\"p1\">La reproducci\u00f3, modificaci\u00f3, c\u00f2pia, \u00fas, distribuci\u00f3, comercialitzaci\u00f3, comunicaci\u00f3 p\u00fablica o qualsevol altra utilitzaci\u00f3 de la informaci\u00f3 continguda en el lloc web de Forankra Espa\u00f1a, SLU (inclosos el seu propi disseny, configuraci\u00f3 i forma d\u2019exposici\u00f3 del lloc web) que es realitzin sense autoritzaci\u00f3 de Forankra Espa\u00f1a, SLU constitueix una infracci\u00f3 de la legislaci\u00f3 vigent en mat\u00e8ria de propietat intel\u00b7lectual.<\/p><p class=\"p1\">Per facilitar el seu acc\u00e9s, pot ser que Forankra Espa\u00f1a, SLU inclogui vincles a p\u00e0gines d\u2019Internet pertanyents o gestionades per tercers. En entrar en aquests llocs, revisar\u00e0 i acceptar\u00e0 vost\u00e8 les normes d\u2019\u00fas d\u2019aquesta p\u00e0gina abans d\u2019utilitzar-la. Tamb\u00e9 acceptar\u00e0 que Forankra Espa\u00f1a, SLU no t\u00e9 cap control sobre el contingut d\u2019aquestes p\u00e0gines i que no pot assumir cap responsabilitat per cap material creat o publicat per aquestes. A m\u00e9s, el vincle a un lloc ali\u00e8 a Forankra Espa\u00f1a, SLU no implica que aprovi aquest lloc ni els productes o serveis als quals fa refer\u00e8ncia.<\/p><p class=\"p1\"><b>5. POL\u00cdTICA DE COOKIES<\/b><\/p><p class=\"p1\">A trav\u00e9s d\u2019aquest lloc web no es recullen dades de car\u00e0cter personal dels usuaris sense el seu coneixement, ni se cedeixen a tercers.<\/p><p class=\"p1\">Amb la finalitat d\u2019oferir el millor servei i amb l\u2019objecte de facilitar l\u2019\u00fas, s\u2019analitzen el nombre de p\u00e0gines visitades, el nombre de visites, aix\u00ed com l\u2019activitat dels visitants i la seva freq\u00fc\u00e8ncia d\u2019utilitzaci\u00f3. A aquests efectes, Forankra Espa\u00f1a, SLU utilitza la informaci\u00f3 estad\u00edstica elaborada pel Prove\u00efdor de Serveis d\u2019Internet.<\/p><p class=\"p1\">Forankra Espa\u00f1a, SLU utilitza cookies per recollir informaci\u00f3 dels usuaris i registra les adreces IP d\u2019acc\u00e9s. S\u2019utilitzen cookies pr\u00f2pies de sessi\u00f3 i de tercers, amb finalitat t\u00e8cnica (aquelles que permeten a l\u2019usuari la navegaci\u00f3 a trav\u00e9s del lloc web i la utilitzaci\u00f3 de les diferents opcions i serveis que en ella existeixen).<\/p><p class=\"p1\"><b>6. EXCLUSI\u00d3 DE RESPONSABILITAT DELS CONTINGUTS<\/b><\/p><p class=\"p1\">L\u2019empresa no \u00e9s en cap cas responsable, ni de forma directa ni subsidi\u00e0ria, de cap contingut, informaci\u00f3, comunicaci\u00f3, opini\u00f3 o manifestaci\u00f3 de qualsevol tipus que tingui el seu origen en l\u2019usuari o qualsevol persona o entitat i que es comuniqui, difongui, transmeti o exhibeixi a trav\u00e9s d\u2019aquest portal.<\/p><p class=\"p1\"><b>7. PROPIETAT INTEL\u00b7LECTUAL I INDUSTRIAL<\/b><\/p><p class=\"p1\">Tots els continguts aix\u00ed com noms, logos, marques i bases de dades accessibles en les p\u00e0gines web del Portal estan subjectes a drets de propietat industrial i intel\u00b7lectual de Forankra Espa\u00f1a, SLU o de tercers titulars dels mateixos. En cap cas l\u2019acc\u00e9s a les p\u00e0gines web del Portal implica cap tipus de ren\u00fancia, transmissi\u00f3 o cessi\u00f3 total o parcial dels esmentats drets, ni confereix cap dret d\u2019utilitzaci\u00f3, alteraci\u00f3, explotaci\u00f3, reproducci\u00f3, distribuci\u00f3 o comunicaci\u00f3 p\u00fablica sobre els continguts o b\u00e9ns de propietat industrial sense la pr\u00e8via i expressa autoritzaci\u00f3 espec\u00edficament atorgada a tal efecte per part de l\u2019empresa o del tercer titular dels drets, excepte els drets de visualitzar i de realitzar c\u00f2pies per a \u00fas personal i exclusiu de l\u2019usuari, els quals hauran d\u2019exercir sempre conforme als principis de la bona fe i la legislaci\u00f3 aplicable.<\/p><p class=\"p1\">Forankra Espa\u00f1a, SLU i altres denominacions de productes, serveis, gr\u00e0fics i logotips s\u00f3n marques protegides per Forankra Espa\u00f1a, SLU. Les denominacions d\u2019altres productes, serveis i companyies esmentades en aquest document poden ser marques registrades dels seus respectius propietaris.<\/p><p class=\"p1\"><b>8. LLEI APLICABLE<\/b><\/p><p class=\"p1\">La llei aplicable en cas de disputa o conflicte d\u2019interpretaci\u00f3 dels termes que conformen aquest av\u00eds legal, aix\u00ed com qualsevol q\u00fcesti\u00f3 relacionada amb els serveis del present portal, ser\u00e0 la llei espanyola.<\/p>\t\t\t\t\t\t\t\t<\/div>\n\t\t\t\t<\/div>\n\t\t\t\t\t<\/div>\n\t\t<\/div>\n\t\t\t\t\t<\/div>\n\t\t<\/section>\n\t\t\t\t\t<\/div>\n\t\t<\/div>\n\t\t\t\t\t<\/div>\n\t\t<\/section>\n\t\t\t\t<\/div>\n\t\t","protected":false},"excerpt":{"rendered":"<p>Home \/ Av\u00eds legal Av\u00eds legal VOIDFILLER Per a complir amb el que estableix la Llei 34\/2002, de 11 de juliol, de serveis de la societat de la informaci\u00f3 i de comer\u00e7 electr\u00f2nic, a continuaci\u00f3 s\u2019indiquen les dades de la informaci\u00f3 general d\u2019aquest lloc web: OBJECTE Aquestes condicions generals (en endavant, les \u201cCondicions Generals\u201d) regulen [&hellip;]<\/p>\n","protected":false},"author":1,"featured_media":0,"parent":0,"menu_order":0,"comment_status":"closed","ping_status":"closed","template":"","meta":{"inline_featured_image":false,"footnotes":""},"class_list":["post-2692","page","type-page","status-publish","hentry"],"yoast_head":"<!-- This site is optimized with the Yoast SEO plugin v27.3 - https:\/\/yoast.com\/product\/yoast-seo-wordpress\/ -->\n<title>Av\u00eds legal - Niupack<\/title>\n<meta name=\"robots\" content=\"noindex, follow\" \/>\n<meta property=\"og:locale\" content=\"ca_ES\" \/>\n<meta property=\"og:type\" content=\"article\" \/>\n<meta property=\"og:title\" content=\"Av\u00eds legal - Niupack\" \/>\n<meta property=\"og:description\" content=\"Home \/ Av\u00eds legal Av\u00eds legal VOIDFILLER Per a complir amb el que estableix la Llei 34\/2002, de 11 de juliol, de serveis de la societat de la informaci\u00f3 i de comer\u00e7 electr\u00f2nic, a continuaci\u00f3 s\u2019indiquen les dades de la informaci\u00f3 general d\u2019aquest lloc web: OBJECTE Aquestes condicions generals (en endavant, les \u201cCondicions Generals\u201d) regulen [&hellip;]\" \/>\n<meta property=\"og:url\" content=\"https:\/\/www.niupack.com\/ca\/avis-legal\/\" \/>\n<meta property=\"og:site_name\" content=\"Niupack\" \/>\n<meta property=\"article:modified_time\" content=\"2025-04-03T07:53:57+00:00\" \/>\n<meta name=\"twitter:card\" content=\"summary_large_image\" \/>\n<meta name=\"twitter:label1\" content=\"Temps estimat de lectura\" \/>\n\t<meta name=\"twitter:data1\" content=\"9 minuts\" \/>\n<script type=\"application\/ld+json\" class=\"yoast-schema-graph\">{\"@context\":\"https:\\\/\\\/schema.org\",\"@graph\":[{\"@type\":\"WebPage\",\"@id\":\"https:\\\/\\\/www.niupack.com\\\/ca\\\/avis-legal\\\/\",\"url\":\"https:\\\/\\\/www.niupack.com\\\/ca\\\/avis-legal\\\/\",\"name\":\"Av\u00eds legal - Niupack\",\"isPartOf\":{\"@id\":\"https:\\\/\\\/www.niupack.com\\\/ca\\\/#website\"},\"datePublished\":\"2023-05-29T10:22:55+00:00\",\"dateModified\":\"2025-04-03T07:53:57+00:00\",\"breadcrumb\":{\"@id\":\"https:\\\/\\\/www.niupack.com\\\/ca\\\/avis-legal\\\/#breadcrumb\"},\"inLanguage\":\"ca\",\"potentialAction\":[{\"@type\":\"ReadAction\",\"target\":[\"https:\\\/\\\/www.niupack.com\\\/ca\\\/avis-legal\\\/\"]}]},{\"@type\":\"BreadcrumbList\",\"@id\":\"https:\\\/\\\/www.niupack.com\\\/ca\\\/avis-legal\\\/#breadcrumb\",\"itemListElement\":[{\"@type\":\"ListItem\",\"position\":1,\"name\":\"Portada\",\"item\":\"https:\\\/\\\/www.niupack.com\\\/ca\\\/\"},{\"@type\":\"ListItem\",\"position\":2,\"name\":\"Av\u00eds legal\"}]},{\"@type\":\"WebSite\",\"@id\":\"https:\\\/\\\/www.niupack.com\\\/ca\\\/#website\",\"url\":\"https:\\\/\\\/www.niupack.com\\\/ca\\\/\",\"name\":\"Niupack\",\"description\":\"Sistema ecol\u00f3gico para la protecci\u00f3n de mercanc\u00edas\",\"publisher\":{\"@id\":\"https:\\\/\\\/www.niupack.com\\\/ca\\\/#organization\"},\"potentialAction\":[{\"@type\":\"SearchAction\",\"target\":{\"@type\":\"EntryPoint\",\"urlTemplate\":\"https:\\\/\\\/www.niupack.com\\\/ca\\\/?s={search_term_string}\"},\"query-input\":{\"@type\":\"PropertyValueSpecification\",\"valueRequired\":true,\"valueName\":\"search_term_string\"}}],\"inLanguage\":\"ca\"},{\"@type\":\"Organization\",\"@id\":\"https:\\\/\\\/www.niupack.com\\\/ca\\\/#organization\",\"name\":\"Niupack\",\"url\":\"https:\\\/\\\/www.niupack.com\\\/ca\\\/\",\"logo\":{\"@type\":\"ImageObject\",\"inLanguage\":\"ca\",\"@id\":\"https:\\\/\\\/www.niupack.com\\\/ca\\\/#\\\/schema\\\/logo\\\/image\\\/\",\"url\":\"https:\\\/\\\/www.niupack.com\\\/wp-content\\\/uploads\\\/2023\\\/05\\\/Grupo-11931.png\",\"contentUrl\":\"https:\\\/\\\/www.niupack.com\\\/wp-content\\\/uploads\\\/2023\\\/05\\\/Grupo-11931.png\",\"width\":326,\"height\":78,\"caption\":\"Niupack\"},\"image\":{\"@id\":\"https:\\\/\\\/www.niupack.com\\\/ca\\\/#\\\/schema\\\/logo\\\/image\\\/\"}}]}<\/script>\n<!-- \/ Yoast SEO plugin. -->","yoast_head_json":{"title":"Av\u00eds legal - Niupack","robots":{"index":"noindex","follow":"follow"},"og_locale":"ca_ES","og_type":"article","og_title":"Av\u00eds legal - Niupack","og_description":"Home \/ Av\u00eds legal Av\u00eds legal VOIDFILLER Per a complir amb el que estableix la Llei 34\/2002, de 11 de juliol, de serveis de la societat de la informaci\u00f3 i de comer\u00e7 electr\u00f2nic, a continuaci\u00f3 s\u2019indiquen les dades de la informaci\u00f3 general d\u2019aquest lloc web: OBJECTE Aquestes condicions generals (en endavant, les \u201cCondicions Generals\u201d) regulen [&hellip;]","og_url":"https:\/\/www.niupack.com\/ca\/avis-legal\/","og_site_name":"Niupack","article_modified_time":"2025-04-03T07:53:57+00:00","twitter_card":"summary_large_image","twitter_misc":{"Temps estimat de lectura":"9 minuts"},"schema":{"@context":"https:\/\/schema.org","@graph":[{"@type":"WebPage","@id":"https:\/\/www.niupack.com\/ca\/avis-legal\/","url":"https:\/\/www.niupack.com\/ca\/avis-legal\/","name":"Av\u00eds legal - Niupack","isPartOf":{"@id":"https:\/\/www.niupack.com\/ca\/#website"},"datePublished":"2023-05-29T10:22:55+00:00","dateModified":"2025-04-03T07:53:57+00:00","breadcrumb":{"@id":"https:\/\/www.niupack.com\/ca\/avis-legal\/#breadcrumb"},"inLanguage":"ca","potentialAction":[{"@type":"ReadAction","target":["https:\/\/www.niupack.com\/ca\/avis-legal\/"]}]},{"@type":"BreadcrumbList","@id":"https:\/\/www.niupack.com\/ca\/avis-legal\/#breadcrumb","itemListElement":[{"@type":"ListItem","position":1,"name":"Portada","item":"https:\/\/www.niupack.com\/ca\/"},{"@type":"ListItem","position":2,"name":"Av\u00eds legal"}]},{"@type":"WebSite","@id":"https:\/\/www.niupack.com\/ca\/#website","url":"https:\/\/www.niupack.com\/ca\/","name":"Niupack","description":"Sistema ecol\u00f3gico para la protecci\u00f3n de mercanc\u00edas","publisher":{"@id":"https:\/\/www.niupack.com\/ca\/#organization"},"potentialAction":[{"@type":"SearchAction","target":{"@type":"EntryPoint","urlTemplate":"https:\/\/www.niupack.com\/ca\/?s={search_term_string}"},"query-input":{"@type":"PropertyValueSpecification","valueRequired":true,"valueName":"search_term_string"}}],"inLanguage":"ca"},{"@type":"Organization","@id":"https:\/\/www.niupack.com\/ca\/#organization","name":"Niupack","url":"https:\/\/www.niupack.com\/ca\/","logo":{"@type":"ImageObject","inLanguage":"ca","@id":"https:\/\/www.niupack.com\/ca\/#\/schema\/logo\/image\/","url":"https:\/\/www.niupack.com\/wp-content\/uploads\/2023\/05\/Grupo-11931.png","contentUrl":"https:\/\/www.niupack.com\/wp-content\/uploads\/2023\/05\/Grupo-11931.png","width":326,"height":78,"caption":"Niupack"},"image":{"@id":"https:\/\/www.niupack.com\/ca\/#\/schema\/logo\/image\/"}}]}},"_links":{"self":[{"href":"https:\/\/www.niupack.com\/ca\/wp-json\/wp\/v2\/pages\/2692","targetHints":{"allow":["GET"]}}],"collection":[{"href":"https:\/\/www.niupack.com\/ca\/wp-json\/wp\/v2\/pages"}],"about":[{"href":"https:\/\/www.niupack.com\/ca\/wp-json\/wp\/v2\/types\/page"}],"author":[{"embeddable":true,"href":"https:\/\/www.niupack.com\/ca\/wp-json\/wp\/v2\/users\/1"}],"replies":[{"embeddable":true,"href":"https:\/\/www.niupack.com\/ca\/wp-json\/wp\/v2\/comments?post=2692"}],"version-history":[{"count":7,"href":"https:\/\/www.niupack.com\/ca\/wp-json\/wp\/v2\/pages\/2692\/revisions"}],"predecessor-version":[{"id":12576,"href":"https:\/\/www.niupack.com\/ca\/wp-json\/wp\/v2\/pages\/2692\/revisions\/12576"}],"wp:attachment":[{"href":"https:\/\/www.niupack.com\/ca\/wp-json\/wp\/v2\/media?parent=2692"}],"curies":[{"name":"wp","href":"https:\/\/api.w.org\/{rel}","templated":true}]}}