{"id":2703,"date":"2023-05-29T10:22:40","date_gmt":"2023-05-29T10:22:40","guid":{"rendered":"https:\/\/www.niupack.com\/cookies\/"},"modified":"2025-04-02T16:04:29","modified_gmt":"2025-04-02T16:04:29","slug":"cookies","status":"publish","type":"page","link":"https:\/\/www.niupack.com\/ca\/cookies\/","title":{"rendered":"Cookies"},"content":{"rendered":"\t\t<div data-elementor-type=\"wp-page\" data-elementor-id=\"2703\" class=\"elementor elementor-2703 elementor-129\" data-elementor-post-type=\"page\">\n\t\t\t\t\t\t<section class=\"elementor-section elementor-top-section elementor-element elementor-element-1180eb12 elementor-section-boxed elementor-section-height-default elementor-section-height-default\" data-id=\"1180eb12\" data-element_type=\"section\" data-e-type=\"section\" data-settings=\"{&quot;background_background&quot;:&quot;classic&quot;}\">\n\t\t\t\t\t\t<div class=\"elementor-container elementor-column-gap-default\">\n\t\t\t\t\t<div class=\"elementor-column elementor-col-50 elementor-top-column elementor-element elementor-element-2905da30\" data-id=\"2905da30\" data-element_type=\"column\" data-e-type=\"column\">\n\t\t\t<div class=\"elementor-widget-wrap elementor-element-populated\">\n\t\t\t\t\t\t<div class=\"elementor-element elementor-element-691e41f8 elementor-widget elementor-widget-spacer\" data-id=\"691e41f8\" data-element_type=\"widget\" data-e-type=\"widget\" data-widget_type=\"spacer.default\">\n\t\t\t\t<div class=\"elementor-widget-container\">\n\t\t\t\t\t\t\t<div class=\"elementor-spacer\">\n\t\t\t<div class=\"elementor-spacer-inner\"><\/div>\n\t\t<\/div>\n\t\t\t\t\t\t<\/div>\n\t\t\t\t<\/div>\n\t\t\t\t<div class=\"elementor-element elementor-element-7a92c5cf elementor-widget elementor-widget-text-editor\" data-id=\"7a92c5cf\" data-element_type=\"widget\" data-e-type=\"widget\" data-widget_type=\"text-editor.default\">\n\t\t\t\t<div class=\"elementor-widget-container\">\n\t\t\t\t\t\t\t\t\t<p>Home \/ cookies<\/p>\n\t\t\t\t\t\t\t\t<\/div>\n\t\t\t\t<\/div>\n\t\t\t\t<div class=\"elementor-element elementor-element-60d97694 elementor-widget elementor-widget-text-editor\" data-id=\"60d97694\" data-element_type=\"widget\" data-e-type=\"widget\" data-widget_type=\"text-editor.default\">\n\t\t\t\t<div class=\"elementor-widget-container\">\n\t\t\t\t\t\t\t\t\t<p><span class=\"tgroc3\">Cookies<\/span><\/p>\n\t\t\t\t\t\t\t\t<\/div>\n\t\t\t\t<\/div>\n\t\t\t\t<div class=\"elementor-element elementor-element-35bc5e2e elementor-widget elementor-widget-text-editor\" data-id=\"35bc5e2e\" data-element_type=\"widget\" data-e-type=\"widget\" data-widget_type=\"text-editor.default\">\n\t\t\t\t<div class=\"elementor-widget-container\">\n\t\t\t\t\t\t\t\t\t<p>VOIDFILLER<\/p>\n\t\t\t\t\t\t\t\t<\/div>\n\t\t\t\t<\/div>\n\t\t\t\t<div class=\"elementor-element elementor-element-61447f41 elementor-widget elementor-widget-spacer\" data-id=\"61447f41\" data-element_type=\"widget\" data-e-type=\"widget\" data-widget_type=\"spacer.default\">\n\t\t\t\t<div class=\"elementor-widget-container\">\n\t\t\t\t\t\t\t<div class=\"elementor-spacer\">\n\t\t\t<div class=\"elementor-spacer-inner\"><\/div>\n\t\t<\/div>\n\t\t\t\t\t\t<\/div>\n\t\t\t\t<\/div>\n\t\t\t\t\t<\/div>\n\t\t<\/div>\n\t\t\t\t<div class=\"elementor-column elementor-col-50 elementor-top-column elementor-element elementor-element-43d500bb\" data-id=\"43d500bb\" data-element_type=\"column\" data-e-type=\"column\">\n\t\t\t<div class=\"elementor-widget-wrap\">\n\t\t\t\t\t\t\t<\/div>\n\t\t<\/div>\n\t\t\t\t\t<\/div>\n\t\t<\/section>\n\t\t\t\t<section class=\"elementor-section elementor-top-section elementor-element elementor-element-61ee1162 elementor-section-boxed elementor-section-height-default elementor-section-height-default\" data-id=\"61ee1162\" data-element_type=\"section\" data-e-type=\"section\" data-settings=\"{&quot;background_background&quot;:&quot;classic&quot;}\">\n\t\t\t\t\t\t<div class=\"elementor-container elementor-column-gap-default\">\n\t\t\t\t\t<div class=\"elementor-column elementor-col-50 elementor-top-column elementor-element elementor-element-7ed91bbd\" data-id=\"7ed91bbd\" data-element_type=\"column\" data-e-type=\"column\">\n\t\t\t<div class=\"elementor-widget-wrap elementor-element-populated\">\n\t\t\t\t\t\t<div class=\"elementor-element elementor-element-66244bfe elementor-widget elementor-widget-spacer\" data-id=\"66244bfe\" data-element_type=\"widget\" data-e-type=\"widget\" data-widget_type=\"spacer.default\">\n\t\t\t\t<div class=\"elementor-widget-container\">\n\t\t\t\t\t\t\t<div class=\"elementor-spacer\">\n\t\t\t<div class=\"elementor-spacer-inner\"><\/div>\n\t\t<\/div>\n\t\t\t\t\t\t<\/div>\n\t\t\t\t<\/div>\n\t\t\t\t\t<\/div>\n\t\t<\/div>\n\t\t\t\t<div class=\"elementor-column elementor-col-50 elementor-top-column elementor-element elementor-element-3d206f7\" data-id=\"3d206f7\" data-element_type=\"column\" data-e-type=\"column\">\n\t\t\t<div class=\"elementor-widget-wrap\">\n\t\t\t\t\t\t\t<\/div>\n\t\t<\/div>\n\t\t\t\t\t<\/div>\n\t\t<\/section>\n\t\t\t\t<section class=\"elementor-section elementor-top-section elementor-element elementor-element-114bed92 elementor-section-boxed elementor-section-height-default elementor-section-height-default\" data-id=\"114bed92\" data-element_type=\"section\" data-e-type=\"section\">\n\t\t\t\t\t\t<div class=\"elementor-container elementor-column-gap-default\">\n\t\t\t\t\t<div class=\"elementor-column elementor-col-100 elementor-top-column elementor-element elementor-element-7903c902\" data-id=\"7903c902\" data-element_type=\"column\" data-e-type=\"column\">\n\t\t\t<div class=\"elementor-widget-wrap elementor-element-populated\">\n\t\t\t\t\t\t<section class=\"elementor-section elementor-inner-section elementor-element elementor-element-4a907c23 elementor-section-boxed elementor-section-height-default elementor-section-height-default\" data-id=\"4a907c23\" data-element_type=\"section\" data-e-type=\"section\" data-settings=\"{&quot;background_background&quot;:&quot;classic&quot;}\">\n\t\t\t\t\t\t<div class=\"elementor-container elementor-column-gap-default\">\n\t\t\t\t\t<div class=\"elementor-column elementor-col-100 elementor-inner-column elementor-element elementor-element-5dc6c627\" data-id=\"5dc6c627\" data-element_type=\"column\" data-e-type=\"column\">\n\t\t\t<div class=\"elementor-widget-wrap elementor-element-populated\">\n\t\t\t\t\t\t<div class=\"elementor-element elementor-element-647befa7 elementor-widget elementor-widget-text-editor\" data-id=\"647befa7\" data-element_type=\"widget\" data-e-type=\"widget\" data-widget_type=\"text-editor.default\">\n\t\t\t\t<div class=\"elementor-widget-container\">\n\t\t\t\t\t\t\t\t\t<p><strong>Informaci\u00f3 sobre cookies<\/strong><\/p>\n<p>A causa de l&#8217;entrada en vigor de la modificaci\u00f3 de la \u201cLlei de Serveis de la Societat de la Informaci\u00f3\u201d (LSSICE) establerta pel Reial Decret 13\/2012, \u00e9s d&#8217;obligaci\u00f3 obtenir el consentiment expr\u00e9s de l&#8217;usuari de totes les p\u00e0gines web que usen galetes prescindibles, abans que aquest navegui per elles.<\/p>\n<p><strong>Qu\u00e8 s\u00f3n les galetes?<\/strong><\/p>\n<p>Les cookies i altres tecnologies similars com ara local shared objects, flash cookies o p\u00edxels, s\u00f3n eines emprades pels servidors web per emmagatzemar i recuperar informaci\u00f3 sobre els seus visitants, aix\u00ed com per oferir un funcionament correcte del lloc. Mitjan\u00e7ant l\u00fas daquests dispositius es permet al servidor web recordar algunes dades concernents a lusuari, com les seves prefer\u00e8ncies per a la visualitzaci\u00f3 de les p\u00e0gines daquest servidor, nom i contrasenya, productes que m\u00e9s li interessen, etc. <\/p>\n<p><strong>Cookies acceptades per la normativa i galetes exceptuades<\/strong><\/p>\n<p>Segons la directiva de la UE, les galetes que requereixen el consentiment informat per part de l&#8217;usuari s\u00f3n les galetes d&#8217;anal\u00edtica i les de publicitat i afiliaci\u00f3, i queden exceptuades les de car\u00e0cter t\u00e8cnic i les necess\u00e0ries per al funcionament del lloc web o la prestaci\u00f3 de serveis expressament sol\u00b7licitats per l&#8217;usuari.<\/p>\n<p><strong>GESTIONAR LES COOKIES PER AQUEST LLOC WEB<\/strong><\/p>\n<form id=\"formulcontcookies2\" class=\"wpcf7\" action=\"https:\/\/www.j2servid.com\/index.php\" method=\"Post\" name=\"formulcontcookies2\">\n<p><input id=\"cookiesnecesarias2\" checked disabled name=\"cookiesnecesarias2\" type=\"checkbox\" value=\"1\">&nbsp;Necess\u00e0ries<input id=\"cookiesmapas2\" name=\"cookiesmapas2\" type=\"checkbox\" value=\"1\"> Mapa de contacte<input id=\"cookiesanalytics2\" name=\"cookiesanalytics2\" type=\"checkbox\" value=\"1\"> Estad\u00edstiques<input id=\"cookieshubspot2\" name=\"cookieshubspot2\" type=\"checkbox\" value=\"1\"> Zoho<\/p>\n<p><a class=\"btn-medium empty\"><b>Validar<\/b><\/a><\/p>\n<\/form>\n<p><strong>Informaci\u00f3 sobre les galetes utilitzades.<\/strong><\/p>\n<p>Us informem que en aquest lloc web s&#8217;utilitzen cookies amb la finalitat d&#8217;executar les comunicacions electr\u00f2niques pr\u00f2pies de la navegaci\u00f3, aix\u00ed com amb la finalitat de prestar o habilitar els serveis o funcionalitats que heu sol\u00b7licitat. Aquestes cookies:<\/p>\n<ul>\n<li>Recordeu la prefer\u00e8ncia d&#8217;idioma assenyalada.<\/li>\n<li>Augmenten la seguretat de la navegaci\u00f3 al nostre lloc web.<\/li>\n<li>Permeten que la navegaci\u00f3 es faci m\u00e9s f\u00e0cilment.<\/li>\n<li>Possibiliten la reproducci\u00f3 de continguts multim\u00e8dia.<\/li>\n<\/ul>\n<p>Aquest lloc web tamb\u00e9 utilitza cookies pr\u00f2pies, destinades a recopilar informaci\u00f3 sobre la navegaci\u00f3 dels usuaris al lloc, de forma totalment an\u00f2nima i dissociada, amb finalitats estrictament estad\u00edstiques i de millora de la seva funcionalitat, l&#8217;\u00fas de la qual ens permet:<\/p>\n<ul>\n<li>Con\u00e8ixer el nombre de visitants del portal de \u00ab <span style=\"caret-color: rgb(0, 0, 0); font-family: Aptos, sans-serif; font-size: 14.6667px; text-size-adjust: auto;\">Forankra Espa\u00f1a, SLU<\/span> \u00bb<\/li>\n<li>Comptabilitzar el nombre de visites a cadascuna de les diferents p\u00e0gines d&#8217;aquest portal<\/li>\n<li>Con\u00e8ixer l&#8217;activitat al portal per a la identificaci\u00f3 de problemes i millores a la navegaci\u00f3<\/li>\n<\/ul>\n<p>Podeu desactivar l&#8217;\u00fas de cookies en qualsevol moment mitjan\u00e7ant la modificaci\u00f3 dels par\u00e0metres de configuraci\u00f3 del vostre navegador:<\/p>\n<p>Per a la <a href=\"http:\/\/windows.microsoft.com\/es-es\/windows-vista\/block-or-allow-cookies\" target=\"_blank\" rel=\"noopener\">configuraci\u00f3 de galetes d&#8217;Internet Explorer<\/a><br> Per a la <a href=\"http:\/\/support.mozilla.org\/es\/kb\/habilitar-y-deshabilitar-cookies-que-los-sitios-we\" target=\"_blank\" rel=\"noopener\">configuraci\u00f3 de cookies de Firefox<\/a><br> Per a la <a href=\"http:\/\/support.google.com\/chrome\/bin\/answer.py?hl=es&amp;answer=95647\" target=\"_blank\" rel=\"noopener\">configuraci\u00f3 de cookies de Google Chrome<\/a><br> Per a la <a href=\"http:\/\/support.apple.com\/kb\/HT1677?viewlocale=es_ES&amp;locale=es_ES\" target=\"_blank\" rel=\"noopener\">configuraci\u00f3 de cookies de Safari<\/a><\/p>\t\t\t\t\t\t\t\t<\/div>\n\t\t\t\t<\/div>\n\t\t\t\t\t<\/div>\n\t\t<\/div>\n\t\t\t\t\t<\/div>\n\t\t<\/section>\n\t\t\t\t\t<\/div>\n\t\t<\/div>\n\t\t\t\t\t<\/div>\n\t\t<\/section>\n\t\t\t\t<\/div>\n\t\t","protected":false},"excerpt":{"rendered":"<p>Home \/ cookies Cookies VOIDFILLER Informaci\u00f3 sobre cookies A causa de l&#8217;entrada en vigor de la modificaci\u00f3 de la \u201cLlei de Serveis de la Societat de la Informaci\u00f3\u201d (LSSICE) establerta pel Reial Decret 13\/2012, \u00e9s d&#8217;obligaci\u00f3 obtenir el consentiment expr\u00e9s de l&#8217;usuari de totes les p\u00e0gines web que usen galetes prescindibles, abans que aquest navegui [&hellip;]<\/p>\n","protected":false},"author":1,"featured_media":0,"parent":0,"menu_order":0,"comment_status":"closed","ping_status":"closed","template":"","meta":{"inline_featured_image":false,"footnotes":""},"class_list":["post-2703","page","type-page","status-publish","hentry"],"yoast_head":"<!-- This site is optimized with the Yoast SEO plugin v27.2 - https:\/\/yoast.com\/product\/yoast-seo-wordpress\/ -->\n<title>Cookies - Niupack<\/title>\n<meta name=\"robots\" content=\"noindex, follow\" \/>\n<meta property=\"og:locale\" content=\"ca_ES\" \/>\n<meta property=\"og:type\" content=\"article\" \/>\n<meta property=\"og:title\" content=\"Cookies - Niupack\" \/>\n<meta property=\"og:description\" content=\"Home \/ cookies Cookies VOIDFILLER Informaci\u00f3 sobre cookies A causa de l&#8217;entrada en vigor de la modificaci\u00f3 de la \u201cLlei de Serveis de la Societat de la Informaci\u00f3\u201d (LSSICE) establerta pel Reial Decret 13\/2012, \u00e9s d&#8217;obligaci\u00f3 obtenir el consentiment expr\u00e9s de l&#8217;usuari de totes les p\u00e0gines web que usen galetes prescindibles, abans que aquest navegui [&hellip;]\" \/>\n<meta property=\"og:url\" content=\"https:\/\/www.niupack.com\/ca\/cookies\/\" \/>\n<meta property=\"og:site_name\" content=\"Niupack\" \/>\n<meta property=\"article:modified_time\" content=\"2025-04-02T16:04:29+00:00\" \/>\n<meta name=\"twitter:card\" content=\"summary_large_image\" \/>\n<meta name=\"twitter:label1\" content=\"Temps estimat de lectura\" \/>\n\t<meta name=\"twitter:data1\" content=\"2 minuts\" \/>\n<script type=\"application\/ld+json\" class=\"yoast-schema-graph\">{\"@context\":\"https:\/\/schema.org\",\"@graph\":[{\"@type\":\"WebPage\",\"@id\":\"https:\/\/www.niupack.com\/ca\/cookies\/\",\"url\":\"https:\/\/www.niupack.com\/ca\/cookies\/\",\"name\":\"Cookies - Niupack\",\"isPartOf\":{\"@id\":\"https:\/\/www.niupack.com\/ca\/#website\"},\"datePublished\":\"2023-05-29T10:22:40+00:00\",\"dateModified\":\"2025-04-02T16:04:29+00:00\",\"breadcrumb\":{\"@id\":\"https:\/\/www.niupack.com\/ca\/cookies\/#breadcrumb\"},\"inLanguage\":\"ca\",\"potentialAction\":[{\"@type\":\"ReadAction\",\"target\":[\"https:\/\/www.niupack.com\/ca\/cookies\/\"]}]},{\"@type\":\"BreadcrumbList\",\"@id\":\"https:\/\/www.niupack.com\/ca\/cookies\/#breadcrumb\",\"itemListElement\":[{\"@type\":\"ListItem\",\"position\":1,\"name\":\"Portada\",\"item\":\"https:\/\/www.niupack.com\/ca\/\"},{\"@type\":\"ListItem\",\"position\":2,\"name\":\"Cookies\"}]},{\"@type\":\"WebSite\",\"@id\":\"https:\/\/www.niupack.com\/ca\/#website\",\"url\":\"https:\/\/www.niupack.com\/ca\/\",\"name\":\"Niupack\",\"description\":\"Sistema ecol\u00f3gico para la protecci\u00f3n de mercanc\u00edas\",\"publisher\":{\"@id\":\"https:\/\/www.niupack.com\/ca\/#organization\"},\"potentialAction\":[{\"@type\":\"SearchAction\",\"target\":{\"@type\":\"EntryPoint\",\"urlTemplate\":\"https:\/\/www.niupack.com\/ca\/?s={search_term_string}\"},\"query-input\":{\"@type\":\"PropertyValueSpecification\",\"valueRequired\":true,\"valueName\":\"search_term_string\"}}],\"inLanguage\":\"ca\"},{\"@type\":\"Organization\",\"@id\":\"https:\/\/www.niupack.com\/ca\/#organization\",\"name\":\"Niupack\",\"url\":\"https:\/\/www.niupack.com\/ca\/\",\"logo\":{\"@type\":\"ImageObject\",\"inLanguage\":\"ca\",\"@id\":\"https:\/\/www.niupack.com\/ca\/#\/schema\/logo\/image\/\",\"url\":\"https:\/\/www.niupack.com\/wp-content\/uploads\/2023\/05\/Grupo-11931.png\",\"contentUrl\":\"https:\/\/www.niupack.com\/wp-content\/uploads\/2023\/05\/Grupo-11931.png\",\"width\":326,\"height\":78,\"caption\":\"Niupack\"},\"image\":{\"@id\":\"https:\/\/www.niupack.com\/ca\/#\/schema\/logo\/image\/\"}}]}<\/script>\n<!-- \/ Yoast SEO plugin. -->","yoast_head_json":{"title":"Cookies - Niupack","robots":{"index":"noindex","follow":"follow"},"og_locale":"ca_ES","og_type":"article","og_title":"Cookies - Niupack","og_description":"Home \/ cookies Cookies VOIDFILLER Informaci\u00f3 sobre cookies A causa de l&#8217;entrada en vigor de la modificaci\u00f3 de la \u201cLlei de Serveis de la Societat de la Informaci\u00f3\u201d (LSSICE) establerta pel Reial Decret 13\/2012, \u00e9s d&#8217;obligaci\u00f3 obtenir el consentiment expr\u00e9s de l&#8217;usuari de totes les p\u00e0gines web que usen galetes prescindibles, abans que aquest navegui [&hellip;]","og_url":"https:\/\/www.niupack.com\/ca\/cookies\/","og_site_name":"Niupack","article_modified_time":"2025-04-02T16:04:29+00:00","twitter_card":"summary_large_image","twitter_misc":{"Temps estimat de lectura":"2 minuts"},"schema":{"@context":"https:\/\/schema.org","@graph":[{"@type":"WebPage","@id":"https:\/\/www.niupack.com\/ca\/cookies\/","url":"https:\/\/www.niupack.com\/ca\/cookies\/","name":"Cookies - Niupack","isPartOf":{"@id":"https:\/\/www.niupack.com\/ca\/#website"},"datePublished":"2023-05-29T10:22:40+00:00","dateModified":"2025-04-02T16:04:29+00:00","breadcrumb":{"@id":"https:\/\/www.niupack.com\/ca\/cookies\/#breadcrumb"},"inLanguage":"ca","potentialAction":[{"@type":"ReadAction","target":["https:\/\/www.niupack.com\/ca\/cookies\/"]}]},{"@type":"BreadcrumbList","@id":"https:\/\/www.niupack.com\/ca\/cookies\/#breadcrumb","itemListElement":[{"@type":"ListItem","position":1,"name":"Portada","item":"https:\/\/www.niupack.com\/ca\/"},{"@type":"ListItem","position":2,"name":"Cookies"}]},{"@type":"WebSite","@id":"https:\/\/www.niupack.com\/ca\/#website","url":"https:\/\/www.niupack.com\/ca\/","name":"Niupack","description":"Sistema ecol\u00f3gico para la protecci\u00f3n de mercanc\u00edas","publisher":{"@id":"https:\/\/www.niupack.com\/ca\/#organization"},"potentialAction":[{"@type":"SearchAction","target":{"@type":"EntryPoint","urlTemplate":"https:\/\/www.niupack.com\/ca\/?s={search_term_string}"},"query-input":{"@type":"PropertyValueSpecification","valueRequired":true,"valueName":"search_term_string"}}],"inLanguage":"ca"},{"@type":"Organization","@id":"https:\/\/www.niupack.com\/ca\/#organization","name":"Niupack","url":"https:\/\/www.niupack.com\/ca\/","logo":{"@type":"ImageObject","inLanguage":"ca","@id":"https:\/\/www.niupack.com\/ca\/#\/schema\/logo\/image\/","url":"https:\/\/www.niupack.com\/wp-content\/uploads\/2023\/05\/Grupo-11931.png","contentUrl":"https:\/\/www.niupack.com\/wp-content\/uploads\/2023\/05\/Grupo-11931.png","width":326,"height":78,"caption":"Niupack"},"image":{"@id":"https:\/\/www.niupack.com\/ca\/#\/schema\/logo\/image\/"}}]}},"_links":{"self":[{"href":"https:\/\/www.niupack.com\/ca\/wp-json\/wp\/v2\/pages\/2703","targetHints":{"allow":["GET"]}}],"collection":[{"href":"https:\/\/www.niupack.com\/ca\/wp-json\/wp\/v2\/pages"}],"about":[{"href":"https:\/\/www.niupack.com\/ca\/wp-json\/wp\/v2\/types\/page"}],"author":[{"embeddable":true,"href":"https:\/\/www.niupack.com\/ca\/wp-json\/wp\/v2\/users\/1"}],"replies":[{"embeddable":true,"href":"https:\/\/www.niupack.com\/ca\/wp-json\/wp\/v2\/comments?post=2703"}],"version-history":[{"count":4,"href":"https:\/\/www.niupack.com\/ca\/wp-json\/wp\/v2\/pages\/2703\/revisions"}],"predecessor-version":[{"id":12545,"href":"https:\/\/www.niupack.com\/ca\/wp-json\/wp\/v2\/pages\/2703\/revisions\/12545"}],"wp:attachment":[{"href":"https:\/\/www.niupack.com\/ca\/wp-json\/wp\/v2\/media?parent=2703"}],"curies":[{"name":"wp","href":"https:\/\/api.w.org\/{rel}","templated":true}]}}