{"id":2740,"date":"2023-05-29T10:22:30","date_gmt":"2023-05-29T10:22:30","guid":{"rendered":"https:\/\/www.niupack.com\/privadesa\/"},"modified":"2025-04-03T07:47:54","modified_gmt":"2025-04-03T07:47:54","slug":"privadesa","status":"publish","type":"page","link":"https:\/\/www.niupack.com\/ca\/privadesa\/","title":{"rendered":"Privadesa"},"content":{"rendered":"\t\t<div data-elementor-type=\"wp-page\" data-elementor-id=\"2740\" class=\"elementor elementor-2740 elementor-127\" data-elementor-post-type=\"page\">\n\t\t\t\t\t\t<section class=\"elementor-section elementor-top-section elementor-element elementor-element-2a590d22 elementor-section-boxed elementor-section-height-default elementor-section-height-default\" data-id=\"2a590d22\" data-element_type=\"section\" data-e-type=\"section\" data-settings=\"{&quot;background_background&quot;:&quot;classic&quot;}\">\n\t\t\t\t\t\t<div class=\"elementor-container elementor-column-gap-default\">\n\t\t\t\t\t<div class=\"elementor-column elementor-col-50 elementor-top-column elementor-element elementor-element-4c4599d6\" data-id=\"4c4599d6\" data-element_type=\"column\" data-e-type=\"column\">\n\t\t\t<div class=\"elementor-widget-wrap elementor-element-populated\">\n\t\t\t\t\t\t<div class=\"elementor-element elementor-element-794afce4 elementor-widget elementor-widget-spacer\" data-id=\"794afce4\" data-element_type=\"widget\" data-e-type=\"widget\" data-widget_type=\"spacer.default\">\n\t\t\t\t<div class=\"elementor-widget-container\">\n\t\t\t\t\t\t\t<div class=\"elementor-spacer\">\n\t\t\t<div class=\"elementor-spacer-inner\"><\/div>\n\t\t<\/div>\n\t\t\t\t\t\t<\/div>\n\t\t\t\t<\/div>\n\t\t\t\t<div class=\"elementor-element elementor-element-6f74d1ce elementor-widget elementor-widget-text-editor\" data-id=\"6f74d1ce\" data-element_type=\"widget\" data-e-type=\"widget\" data-widget_type=\"text-editor.default\">\n\t\t\t\t<div class=\"elementor-widget-container\">\n\t\t\t\t\t\t\t\t\t<p>Home \/ privadesa<\/p>\n\t\t\t\t\t\t\t\t<\/div>\n\t\t\t\t<\/div>\n\t\t\t\t<div class=\"elementor-element elementor-element-4633e42c elementor-widget elementor-widget-text-editor\" data-id=\"4633e42c\" data-element_type=\"widget\" data-e-type=\"widget\" data-widget_type=\"text-editor.default\">\n\t\t\t\t<div class=\"elementor-widget-container\">\n\t\t\t\t\t\t\t\t\t<p><span class=\"tgroc3\">Privadesa<\/span><\/p>\n\t\t\t\t\t\t\t\t<\/div>\n\t\t\t\t<\/div>\n\t\t\t\t<div class=\"elementor-element elementor-element-13c46820 elementor-widget elementor-widget-text-editor\" data-id=\"13c46820\" data-element_type=\"widget\" data-e-type=\"widget\" data-widget_type=\"text-editor.default\">\n\t\t\t\t<div class=\"elementor-widget-container\">\n\t\t\t\t\t\t\t\t\t<p>VOIDFILLER<\/p>\n\t\t\t\t\t\t\t\t<\/div>\n\t\t\t\t<\/div>\n\t\t\t\t<div class=\"elementor-element elementor-element-2aa9945b elementor-widget elementor-widget-spacer\" data-id=\"2aa9945b\" data-element_type=\"widget\" data-e-type=\"widget\" data-widget_type=\"spacer.default\">\n\t\t\t\t<div class=\"elementor-widget-container\">\n\t\t\t\t\t\t\t<div class=\"elementor-spacer\">\n\t\t\t<div class=\"elementor-spacer-inner\"><\/div>\n\t\t<\/div>\n\t\t\t\t\t\t<\/div>\n\t\t\t\t<\/div>\n\t\t\t\t\t<\/div>\n\t\t<\/div>\n\t\t\t\t<div class=\"elementor-column elementor-col-50 elementor-top-column elementor-element elementor-element-78018319\" data-id=\"78018319\" data-element_type=\"column\" data-e-type=\"column\">\n\t\t\t<div class=\"elementor-widget-wrap\">\n\t\t\t\t\t\t\t<\/div>\n\t\t<\/div>\n\t\t\t\t\t<\/div>\n\t\t<\/section>\n\t\t\t\t<section class=\"elementor-section elementor-top-section elementor-element elementor-element-41103147 elementor-section-boxed elementor-section-height-default elementor-section-height-default\" data-id=\"41103147\" data-element_type=\"section\" data-e-type=\"section\" data-settings=\"{&quot;background_background&quot;:&quot;classic&quot;}\">\n\t\t\t\t\t\t<div class=\"elementor-container elementor-column-gap-default\">\n\t\t\t\t\t<div class=\"elementor-column elementor-col-50 elementor-top-column elementor-element elementor-element-28bd810a\" data-id=\"28bd810a\" data-element_type=\"column\" data-e-type=\"column\">\n\t\t\t<div class=\"elementor-widget-wrap elementor-element-populated\">\n\t\t\t\t\t\t<div class=\"elementor-element elementor-element-6d8d309a elementor-widget elementor-widget-spacer\" data-id=\"6d8d309a\" data-element_type=\"widget\" data-e-type=\"widget\" data-widget_type=\"spacer.default\">\n\t\t\t\t<div class=\"elementor-widget-container\">\n\t\t\t\t\t\t\t<div class=\"elementor-spacer\">\n\t\t\t<div class=\"elementor-spacer-inner\"><\/div>\n\t\t<\/div>\n\t\t\t\t\t\t<\/div>\n\t\t\t\t<\/div>\n\t\t\t\t\t<\/div>\n\t\t<\/div>\n\t\t\t\t<div class=\"elementor-column elementor-col-50 elementor-top-column elementor-element elementor-element-6407b57f\" data-id=\"6407b57f\" data-element_type=\"column\" data-e-type=\"column\">\n\t\t\t<div class=\"elementor-widget-wrap\">\n\t\t\t\t\t\t\t<\/div>\n\t\t<\/div>\n\t\t\t\t\t<\/div>\n\t\t<\/section>\n\t\t\t\t<section class=\"elementor-section elementor-top-section elementor-element elementor-element-71355567 elementor-section-boxed elementor-section-height-default elementor-section-height-default\" data-id=\"71355567\" data-element_type=\"section\" data-e-type=\"section\">\n\t\t\t\t\t\t<div class=\"elementor-container elementor-column-gap-default\">\n\t\t\t\t\t<div class=\"elementor-column elementor-col-100 elementor-top-column elementor-element elementor-element-6db06da7\" data-id=\"6db06da7\" data-element_type=\"column\" data-e-type=\"column\">\n\t\t\t<div class=\"elementor-widget-wrap elementor-element-populated\">\n\t\t\t\t\t\t<section class=\"elementor-section elementor-inner-section elementor-element elementor-element-6951336d elementor-section-boxed elementor-section-height-default elementor-section-height-default\" data-id=\"6951336d\" data-element_type=\"section\" data-e-type=\"section\" data-settings=\"{&quot;background_background&quot;:&quot;classic&quot;}\">\n\t\t\t\t\t\t<div class=\"elementor-container elementor-column-gap-default\">\n\t\t\t\t\t<div class=\"elementor-column elementor-col-100 elementor-inner-column elementor-element elementor-element-67a9db08\" data-id=\"67a9db08\" data-element_type=\"column\" data-e-type=\"column\">\n\t\t\t<div class=\"elementor-widget-wrap elementor-element-populated\">\n\t\t\t\t\t\t<div class=\"elementor-element elementor-element-2ba1fbf9 elementor-widget elementor-widget-text-editor\" data-id=\"2ba1fbf9\" data-element_type=\"widget\" data-e-type=\"widget\" data-widget_type=\"text-editor.default\">\n\t\t\t\t<div class=\"elementor-widget-container\">\n\t\t\t\t\t\t\t\t\t<p class=\"p1\"><b>Qui \u00e9s el responsable del tractament de les seves dades?<\/b><\/p><p class=\"p1\"><b>Identitat:<\/b>\u00a0Forankra Espa\u00f1a SLU \u2013 CIF: B60092699<br \/><b>Direcci\u00f3 postal:<\/b>\u00a0C\/ de l&#8217;Alguer 2, nave 1 A (Pol. Ind. La Creueta) 08130 &#8211; Santa Perpetua de Mogoda (Barcelona)<br \/><b>Tel\u00e8fon:<\/b>\u00a093.877.50.11<br \/><b>Correu electr\u00f2nic:<\/b>\u00a0marketing@forankra.es<br \/><b>Delegat de Protecci\u00f3 de Dades:<\/b>\u00a0lopd@msanchez.cat<br \/><br \/><b>FINALITAT<\/b><br \/><b>Amb quina finalitat tractem les seves dades?<\/b><br \/>A Forankra Espa\u00f1a SLU tractem la informaci\u00f3 que ens faciliten les persones interessades amb l\u2019objectiu de gestionar l\u2019enviament de la informaci\u00f3 que ens sol\u00b7liciten i facilitar ofertes de productes i\/o serveis del seu inter\u00e8s, tamb\u00e9 elaborarem un \u201cperfil comercial\u201d d\u2019acord amb la informaci\u00f3 facilitada. No es prendran decisions automatitzades en base a aquest perfil.<br \/><br \/><b>Per quant de temps conservarem les seves dades?<\/b>\u00a0Criteris de conservaci\u00f3 de les dades: Es conservaran mentre hi hagi un inter\u00e8s mutu per mantenir l\u2019objectiu del tractament i quan ja no sigui necessari per a tal objectiu, es suprimiran amb mesures de seguretat adequades per garantir la seudoniminaci\u00f3 de les dades o la destrucci\u00f3 total de les mateixes.<br \/><br \/><b>LEGITIMACI\u00d3<\/b><br \/><b>Quina \u00e9s la legitimaci\u00f3 per al tractament de les seves dades?<\/b><br \/><br \/><b>Inter\u00e8s leg\u00edtim:<\/b><br \/><br \/>La base legal pel tractament de les seves dades \u00e9s mitjan\u00e7ant el consentiment de l\u2019afectat, l\u2019execuci\u00f3 de contracte de serveis i oferir respostes a les seves consultes rebudes mitjan\u00e7ant el formulari de contacte o correu electr\u00f2nic (segons els termes i condicions que consten en la nostra pol\u00edtica de privacitat). L\u2019oferta prospectiva de productes i serveis est\u00e0 basada en el consentiment que es sol\u00b7licita, sense que en cap cas la retirada d\u2019aquest consentiment condicioni l\u2019execuci\u00f3 del contracte de serveis.<br \/><br \/><b>DESTINATARIS<\/b><br \/><b>A quins destinataris es comunicaran les seves dades?<\/b><br \/><br \/>No es comunicaran les dades a cap destinatari, llevat obligaci\u00f3 legal.<br \/><br \/><b>DRETS<\/b><br \/><b>Quins s\u00f3n els seus drets quan ens facilita les seves dades?<\/b><br \/><br \/><b>Acc\u00e9s<\/b>\u00a0Qualsevol persona t\u00e9 dret a obtenir confirmaci\u00f3 sobre si en Forankra Espa\u00f1a SLU estem tractant dades personals que els concerneixin, o no.<br \/><b>Rectificaci\u00f3<\/b>\u00a0Les persones interessades tenen dret a sol\u00b7licitar la rectificaci\u00f3 de les dades inexactes.<br \/><b>Supressi\u00f3<\/b>\u00a0Les persones interessades podran sol\u00b7licitar l\u2019eliminaci\u00f3 de les seves dades personals i ja no siguin necessaris per als fins que van ser recollides.<br \/><b>Oposici\u00f3<\/b>\u00a0Els interessats poden oposar-se al tractament de les seves dades amb objectius de serveis que ens sol\u00b7licitin del seu inter\u00e8s. Forankra Espa\u00f1a SLU deixar\u00e0 de tractar les dades, excepte motius leg\u00edtims imperiosos o per exercir o defensar possibles reclamacions.<br \/><b>Limitaci\u00f3 del Tractament<\/b>\u00a0En determinades circumst\u00e0ncies que preveu l\u2019article 18 RGPD, els interessats poden sol\u00b7licitar la limitaci\u00f3 del tractament de les seves dades en els seg\u00fcents casos:<\/p><ul class=\"ul1\"><li class=\"li1\">Mentre es comprova la impugnaci\u00f3 de l\u2019exactitud de les teves dades.<\/li><li class=\"li1\">Quan el tractament \u00e9s il\u00b7l\u00edcit. Per\u00f2 s\u2019oposa a exercir el dret a la supressi\u00f3 de les seves dades.<\/li><li class=\"li1\">Quan Forankra Espa\u00f1a SLU no necessita tractar les seves dades, per\u00f2 vost\u00e8 els necessita per a l\u2019exercici o la defensa de reclamacions.<\/li><li class=\"li1\">Quan vost\u00e8 s\u2019oposi al tractament de dades per al compliment d\u2019una missi\u00f3 en inter\u00e8s p\u00fablic o per a la satisfacci\u00f3 d\u2019un inter\u00e8s leg\u00edtim.<\/li><li class=\"li1\">Mentre es verifica si els motius leg\u00edtims per al tractament per davant dels de vost\u00e8.<\/li><\/ul><p class=\"p1\"><br \/><b>Portabilitat<\/b>\u00a0En virtut del dret a la portabilitat, els interessats tenen dret a obtenir les seves dades personals en un format electr\u00f2nic estructurat d\u2019\u00fas com\u00fa i lectura mec\u00e0nica i transmetre\u2019ls a un altre responsable.<br \/><br \/><b>Canals d\u2019Atenci\u00f3<\/b><br \/><b>Podr\u00e0 exercir els seus drets a:<\/b><br \/>lopd@msanchez.cat<br \/>o<br \/>Departament Protecci\u00f3 de Dades<br \/><b>Direcci\u00f3 postal:<\/b>\u00a0C\/ de l&#8217;Alguer 2, nave 1 A (Pol. Ind. La Creueta) 08130 &#8211; Santa Perpetua de Mogoda (Barcelona)<br \/><b>Tel\u00e8fon:<\/b>\u00a093.877.50.11<br \/><b>Com pot exercir els drets?<\/b><br \/>Si vost\u00e8 considera que en Forankra Espa\u00f1a SLU no hem tractat les seves dades d\u2019acord amb la normativa, pot contactar amb el nostre delegat de protecci\u00f3 de dades a la seg\u00fcent adre\u00e7a de correu electr\u00f2nic: lopd@msanchez.cat<br \/>Per exercitar els seus drets, s\u2019haur\u00e0 d\u2019acompanyar a la seva sol\u00b7licitud, el seu DNI o document equivalent que acrediti la seva identitat.<br \/>L\u2019exercici d\u2019aquests drets \u00e9s gratu\u00eft.<br \/><br \/><b>Quines vies de reclamaci\u00f3 hi ha?<\/b><br \/>Els interessats tenen dret a presentar una reclamaci\u00f3 davant l\u2019Autoritat de Control en mat\u00e8ria de protecci\u00f3 de dades competent, especialment quan no hagi obtingut satisfacci\u00f3 en l\u2019exercici dels seus drets, i la forma de posar-se en contacte amb ella \u00e9s mitjan\u00e7ant la p\u00e0gina web: http:\/\/www.agpd.es.<\/p>\t\t\t\t\t\t\t\t<\/div>\n\t\t\t\t<\/div>\n\t\t\t\t\t<\/div>\n\t\t<\/div>\n\t\t\t\t\t<\/div>\n\t\t<\/section>\n\t\t\t\t\t<\/div>\n\t\t<\/div>\n\t\t\t\t\t<\/div>\n\t\t<\/section>\n\t\t\t\t<\/div>\n\t\t","protected":false},"excerpt":{"rendered":"<p>Home \/ privadesa Privadesa VOIDFILLER Qui \u00e9s el responsable del tractament de les seves dades? Identitat:\u00a0Forankra Espa\u00f1a SLU \u2013 CIF: B60092699Direcci\u00f3 postal:\u00a0C\/ de l&#8217;Alguer 2, nave 1 A (Pol. Ind. La Creueta) 08130 &#8211; Santa Perpetua de Mogoda (Barcelona)Tel\u00e8fon:\u00a093.877.50.11Correu electr\u00f2nic:\u00a0marketing@forankra.esDelegat de Protecci\u00f3 de Dades:\u00a0lopd@msanchez.cat FINALITATAmb quina finalitat tractem les seves dades?A Forankra Espa\u00f1a SLU tractem [&hellip;]<\/p>\n","protected":false},"author":1,"featured_media":0,"parent":0,"menu_order":0,"comment_status":"closed","ping_status":"closed","template":"","meta":{"inline_featured_image":false,"footnotes":""},"class_list":["post-2740","page","type-page","status-publish","hentry"],"yoast_head":"<!-- This site is optimized with the Yoast SEO plugin v27.3 - https:\/\/yoast.com\/product\/yoast-seo-wordpress\/ -->\n<title>Privadesa - Niupack<\/title>\n<meta name=\"robots\" content=\"noindex, follow\" \/>\n<meta property=\"og:locale\" content=\"ca_ES\" \/>\n<meta property=\"og:type\" content=\"article\" \/>\n<meta property=\"og:title\" content=\"Privadesa - Niupack\" \/>\n<meta property=\"og:description\" content=\"Home \/ privadesa Privadesa VOIDFILLER Qui \u00e9s el responsable del tractament de les seves dades? Identitat:\u00a0Forankra Espa\u00f1a SLU \u2013 CIF: B60092699Direcci\u00f3 postal:\u00a0C\/ de l&#8217;Alguer 2, nave 1 A (Pol. Ind. La Creueta) 08130 &#8211; Santa Perpetua de Mogoda (Barcelona)Tel\u00e8fon:\u00a093.877.50.11Correu electr\u00f2nic:\u00a0marketing@forankra.esDelegat de Protecci\u00f3 de Dades:\u00a0lopd@msanchez.cat FINALITATAmb quina finalitat tractem les seves dades?A Forankra Espa\u00f1a SLU tractem [&hellip;]\" \/>\n<meta property=\"og:url\" content=\"https:\/\/www.niupack.com\/ca\/privadesa\/\" \/>\n<meta property=\"og:site_name\" content=\"Niupack\" \/>\n<meta property=\"article:modified_time\" content=\"2025-04-03T07:47:54+00:00\" \/>\n<meta name=\"twitter:card\" content=\"summary_large_image\" \/>\n<meta name=\"twitter:label1\" content=\"Temps estimat de lectura\" \/>\n\t<meta name=\"twitter:data1\" content=\"4 minuts\" \/>\n<script type=\"application\/ld+json\" class=\"yoast-schema-graph\">{\"@context\":\"https:\\\/\\\/schema.org\",\"@graph\":[{\"@type\":\"WebPage\",\"@id\":\"https:\\\/\\\/www.niupack.com\\\/ca\\\/privadesa\\\/\",\"url\":\"https:\\\/\\\/www.niupack.com\\\/ca\\\/privadesa\\\/\",\"name\":\"Privadesa - Niupack\",\"isPartOf\":{\"@id\":\"https:\\\/\\\/www.niupack.com\\\/ca\\\/#website\"},\"datePublished\":\"2023-05-29T10:22:30+00:00\",\"dateModified\":\"2025-04-03T07:47:54+00:00\",\"breadcrumb\":{\"@id\":\"https:\\\/\\\/www.niupack.com\\\/ca\\\/privadesa\\\/#breadcrumb\"},\"inLanguage\":\"ca\",\"potentialAction\":[{\"@type\":\"ReadAction\",\"target\":[\"https:\\\/\\\/www.niupack.com\\\/ca\\\/privadesa\\\/\"]}]},{\"@type\":\"BreadcrumbList\",\"@id\":\"https:\\\/\\\/www.niupack.com\\\/ca\\\/privadesa\\\/#breadcrumb\",\"itemListElement\":[{\"@type\":\"ListItem\",\"position\":1,\"name\":\"Portada\",\"item\":\"https:\\\/\\\/www.niupack.com\\\/ca\\\/\"},{\"@type\":\"ListItem\",\"position\":2,\"name\":\"Privadesa\"}]},{\"@type\":\"WebSite\",\"@id\":\"https:\\\/\\\/www.niupack.com\\\/ca\\\/#website\",\"url\":\"https:\\\/\\\/www.niupack.com\\\/ca\\\/\",\"name\":\"Niupack\",\"description\":\"Sistema ecol\u00f3gico para la protecci\u00f3n de mercanc\u00edas\",\"publisher\":{\"@id\":\"https:\\\/\\\/www.niupack.com\\\/ca\\\/#organization\"},\"potentialAction\":[{\"@type\":\"SearchAction\",\"target\":{\"@type\":\"EntryPoint\",\"urlTemplate\":\"https:\\\/\\\/www.niupack.com\\\/ca\\\/?s={search_term_string}\"},\"query-input\":{\"@type\":\"PropertyValueSpecification\",\"valueRequired\":true,\"valueName\":\"search_term_string\"}}],\"inLanguage\":\"ca\"},{\"@type\":\"Organization\",\"@id\":\"https:\\\/\\\/www.niupack.com\\\/ca\\\/#organization\",\"name\":\"Niupack\",\"url\":\"https:\\\/\\\/www.niupack.com\\\/ca\\\/\",\"logo\":{\"@type\":\"ImageObject\",\"inLanguage\":\"ca\",\"@id\":\"https:\\\/\\\/www.niupack.com\\\/ca\\\/#\\\/schema\\\/logo\\\/image\\\/\",\"url\":\"https:\\\/\\\/www.niupack.com\\\/wp-content\\\/uploads\\\/2023\\\/05\\\/Grupo-11931.png\",\"contentUrl\":\"https:\\\/\\\/www.niupack.com\\\/wp-content\\\/uploads\\\/2023\\\/05\\\/Grupo-11931.png\",\"width\":326,\"height\":78,\"caption\":\"Niupack\"},\"image\":{\"@id\":\"https:\\\/\\\/www.niupack.com\\\/ca\\\/#\\\/schema\\\/logo\\\/image\\\/\"}}]}<\/script>\n<!-- \/ Yoast SEO plugin. -->","yoast_head_json":{"title":"Privadesa - Niupack","robots":{"index":"noindex","follow":"follow"},"og_locale":"ca_ES","og_type":"article","og_title":"Privadesa - Niupack","og_description":"Home \/ privadesa Privadesa VOIDFILLER Qui \u00e9s el responsable del tractament de les seves dades? Identitat:\u00a0Forankra Espa\u00f1a SLU \u2013 CIF: B60092699Direcci\u00f3 postal:\u00a0C\/ de l&#8217;Alguer 2, nave 1 A (Pol. Ind. La Creueta) 08130 &#8211; Santa Perpetua de Mogoda (Barcelona)Tel\u00e8fon:\u00a093.877.50.11Correu electr\u00f2nic:\u00a0marketing@forankra.esDelegat de Protecci\u00f3 de Dades:\u00a0lopd@msanchez.cat FINALITATAmb quina finalitat tractem les seves dades?A Forankra Espa\u00f1a SLU tractem [&hellip;]","og_url":"https:\/\/www.niupack.com\/ca\/privadesa\/","og_site_name":"Niupack","article_modified_time":"2025-04-03T07:47:54+00:00","twitter_card":"summary_large_image","twitter_misc":{"Temps estimat de lectura":"4 minuts"},"schema":{"@context":"https:\/\/schema.org","@graph":[{"@type":"WebPage","@id":"https:\/\/www.niupack.com\/ca\/privadesa\/","url":"https:\/\/www.niupack.com\/ca\/privadesa\/","name":"Privadesa - Niupack","isPartOf":{"@id":"https:\/\/www.niupack.com\/ca\/#website"},"datePublished":"2023-05-29T10:22:30+00:00","dateModified":"2025-04-03T07:47:54+00:00","breadcrumb":{"@id":"https:\/\/www.niupack.com\/ca\/privadesa\/#breadcrumb"},"inLanguage":"ca","potentialAction":[{"@type":"ReadAction","target":["https:\/\/www.niupack.com\/ca\/privadesa\/"]}]},{"@type":"BreadcrumbList","@id":"https:\/\/www.niupack.com\/ca\/privadesa\/#breadcrumb","itemListElement":[{"@type":"ListItem","position":1,"name":"Portada","item":"https:\/\/www.niupack.com\/ca\/"},{"@type":"ListItem","position":2,"name":"Privadesa"}]},{"@type":"WebSite","@id":"https:\/\/www.niupack.com\/ca\/#website","url":"https:\/\/www.niupack.com\/ca\/","name":"Niupack","description":"Sistema ecol\u00f3gico para la protecci\u00f3n de mercanc\u00edas","publisher":{"@id":"https:\/\/www.niupack.com\/ca\/#organization"},"potentialAction":[{"@type":"SearchAction","target":{"@type":"EntryPoint","urlTemplate":"https:\/\/www.niupack.com\/ca\/?s={search_term_string}"},"query-input":{"@type":"PropertyValueSpecification","valueRequired":true,"valueName":"search_term_string"}}],"inLanguage":"ca"},{"@type":"Organization","@id":"https:\/\/www.niupack.com\/ca\/#organization","name":"Niupack","url":"https:\/\/www.niupack.com\/ca\/","logo":{"@type":"ImageObject","inLanguage":"ca","@id":"https:\/\/www.niupack.com\/ca\/#\/schema\/logo\/image\/","url":"https:\/\/www.niupack.com\/wp-content\/uploads\/2023\/05\/Grupo-11931.png","contentUrl":"https:\/\/www.niupack.com\/wp-content\/uploads\/2023\/05\/Grupo-11931.png","width":326,"height":78,"caption":"Niupack"},"image":{"@id":"https:\/\/www.niupack.com\/ca\/#\/schema\/logo\/image\/"}}]}},"_links":{"self":[{"href":"https:\/\/www.niupack.com\/ca\/wp-json\/wp\/v2\/pages\/2740","targetHints":{"allow":["GET"]}}],"collection":[{"href":"https:\/\/www.niupack.com\/ca\/wp-json\/wp\/v2\/pages"}],"about":[{"href":"https:\/\/www.niupack.com\/ca\/wp-json\/wp\/v2\/types\/page"}],"author":[{"embeddable":true,"href":"https:\/\/www.niupack.com\/ca\/wp-json\/wp\/v2\/users\/1"}],"replies":[{"embeddable":true,"href":"https:\/\/www.niupack.com\/ca\/wp-json\/wp\/v2\/comments?post=2740"}],"version-history":[{"count":5,"href":"https:\/\/www.niupack.com\/ca\/wp-json\/wp\/v2\/pages\/2740\/revisions"}],"predecessor-version":[{"id":12552,"href":"https:\/\/www.niupack.com\/ca\/wp-json\/wp\/v2\/pages\/2740\/revisions\/12552"}],"wp:attachment":[{"href":"https:\/\/www.niupack.com\/ca\/wp-json\/wp\/v2\/media?parent=2740"}],"curies":[{"name":"wp","href":"https:\/\/api.w.org\/{rel}","templated":true}]}}