{"id":2746,"date":"2023-05-29T08:57:24","date_gmt":"2023-05-29T08:57:24","guid":{"rendered":"https:\/\/www.niupack.com\/sobre-nosaltres\/"},"modified":"2026-01-26T13:34:44","modified_gmt":"2026-01-26T13:34:44","slug":"sobre-nosaltres","status":"publish","type":"page","link":"https:\/\/www.niupack.com\/ca\/sobre-nosaltres\/","title":{"rendered":"Sobre nosaltres"},"content":{"rendered":"\t\t<div data-elementor-type=\"wp-page\" data-elementor-id=\"2746\" class=\"elementor elementor-2746 elementor-13\" data-elementor-post-type=\"page\">\n\t\t\t\t\t\t<section class=\"elementor-section elementor-top-section elementor-element elementor-element-6297c5fa elementor-section-boxed elementor-section-height-default elementor-section-height-default\" data-id=\"6297c5fa\" data-element_type=\"section\" data-e-type=\"section\" data-settings=\"{&quot;background_background&quot;:&quot;classic&quot;}\">\n\t\t\t\t\t\t<div class=\"elementor-container elementor-column-gap-default\">\n\t\t\t\t\t<div class=\"elementor-column elementor-col-50 elementor-top-column elementor-element elementor-element-4122676d\" data-id=\"4122676d\" data-element_type=\"column\" data-e-type=\"column\">\n\t\t\t<div class=\"elementor-widget-wrap elementor-element-populated\">\n\t\t\t\t\t\t<div class=\"elementor-element elementor-element-3ffa2e06 elementor-widget elementor-widget-spacer\" data-id=\"3ffa2e06\" data-element_type=\"widget\" data-e-type=\"widget\" data-widget_type=\"spacer.default\">\n\t\t\t\t<div class=\"elementor-widget-container\">\n\t\t\t\t\t\t\t<div class=\"elementor-spacer\">\n\t\t\t<div class=\"elementor-spacer-inner\"><\/div>\n\t\t<\/div>\n\t\t\t\t\t\t<\/div>\n\t\t\t\t<\/div>\n\t\t\t\t<div class=\"elementor-element elementor-element-314a07a1 bread elementor-widget elementor-widget-text-editor\" data-id=\"314a07a1\" data-element_type=\"widget\" data-e-type=\"widget\" data-widget_type=\"text-editor.default\">\n\t\t\t\t<div class=\"elementor-widget-container\">\n\t\t\t\t\t\t\t\t\t<p><a href=\"https:\/\/www.niupack.com\/ca\/\">Home<\/a> \/ sobre nosaltres<\/p>\t\t\t\t\t\t\t\t<\/div>\n\t\t\t\t<\/div>\n\t\t\t\t<div class=\"elementor-element elementor-element-e586e86 elementor-widget elementor-widget-text-editor\" data-id=\"e586e86\" data-element_type=\"widget\" data-e-type=\"widget\" data-widget_type=\"text-editor.default\">\n\t\t\t\t<div class=\"elementor-widget-container\">\n\t\t\t\t\t\t\t\t\t<span class=\"tgroc3\">Sobre nosotros<\/span>\t\t\t\t\t\t\t\t<\/div>\n\t\t\t\t<\/div>\n\t\t\t\t<div class=\"elementor-element elementor-element-2bf3e8c6 elementor-widget elementor-widget-text-editor\" data-id=\"2bf3e8c6\" data-element_type=\"widget\" data-e-type=\"widget\" data-widget_type=\"text-editor.default\">\n\t\t\t\t<div class=\"elementor-widget-container\">\n\t\t\t\t\t\t\t\t\t<p>VOIDFILLER<\/p>\t\t\t\t\t\t\t\t<\/div>\n\t\t\t\t<\/div>\n\t\t\t\t<div class=\"elementor-element elementor-element-1bc1a58d elementor-widget elementor-widget-spacer\" data-id=\"1bc1a58d\" data-element_type=\"widget\" data-e-type=\"widget\" data-widget_type=\"spacer.default\">\n\t\t\t\t<div class=\"elementor-widget-container\">\n\t\t\t\t\t\t\t<div class=\"elementor-spacer\">\n\t\t\t<div class=\"elementor-spacer-inner\"><\/div>\n\t\t<\/div>\n\t\t\t\t\t\t<\/div>\n\t\t\t\t<\/div>\n\t\t\t\t\t<\/div>\n\t\t<\/div>\n\t\t\t\t<div class=\"elementor-column elementor-col-50 elementor-top-column elementor-element elementor-element-333304a3\" data-id=\"333304a3\" data-element_type=\"column\" data-e-type=\"column\">\n\t\t\t<div class=\"elementor-widget-wrap\">\n\t\t\t\t\t\t\t<\/div>\n\t\t<\/div>\n\t\t\t\t\t<\/div>\n\t\t<\/section>\n\t\t\t\t<section class=\"elementor-section elementor-top-section elementor-element elementor-element-598843c7 elementor-section-boxed elementor-section-height-default elementor-section-height-default\" data-id=\"598843c7\" data-element_type=\"section\" data-e-type=\"section\" data-settings=\"{&quot;background_background&quot;:&quot;classic&quot;}\">\n\t\t\t\t\t\t<div class=\"elementor-container elementor-column-gap-default\">\n\t\t\t\t\t<div class=\"elementor-column elementor-col-50 elementor-top-column elementor-element elementor-element-950f593\" data-id=\"950f593\" data-element_type=\"column\" data-e-type=\"column\">\n\t\t\t<div class=\"elementor-widget-wrap elementor-element-populated\">\n\t\t\t\t\t\t<div class=\"elementor-element elementor-element-7b1887e6 elementor-widget elementor-widget-spacer\" data-id=\"7b1887e6\" data-element_type=\"widget\" data-e-type=\"widget\" data-widget_type=\"spacer.default\">\n\t\t\t\t<div class=\"elementor-widget-container\">\n\t\t\t\t\t\t\t<div class=\"elementor-spacer\">\n\t\t\t<div class=\"elementor-spacer-inner\"><\/div>\n\t\t<\/div>\n\t\t\t\t\t\t<\/div>\n\t\t\t\t<\/div>\n\t\t\t\t\t<\/div>\n\t\t<\/div>\n\t\t\t\t<div class=\"elementor-column elementor-col-50 elementor-top-column elementor-element elementor-element-6a1ae283\" data-id=\"6a1ae283\" data-element_type=\"column\" data-e-type=\"column\">\n\t\t\t<div class=\"elementor-widget-wrap\">\n\t\t\t\t\t\t\t<\/div>\n\t\t<\/div>\n\t\t\t\t\t<\/div>\n\t\t<\/section>\n\t\t\t\t<section class=\"elementor-section elementor-top-section elementor-element elementor-element-22a26275 elementor-section-boxed elementor-section-height-default elementor-section-height-default\" data-id=\"22a26275\" data-element_type=\"section\" data-e-type=\"section\">\n\t\t\t\t\t\t<div class=\"elementor-container elementor-column-gap-default\">\n\t\t\t\t\t<div class=\"elementor-column elementor-col-100 elementor-top-column elementor-element elementor-element-7e703e60\" data-id=\"7e703e60\" data-element_type=\"column\" data-e-type=\"column\">\n\t\t\t<div class=\"elementor-widget-wrap elementor-element-populated\">\n\t\t\t\t\t\t<section class=\"elementor-section elementor-inner-section elementor-element elementor-element-5d80e0f1 elementor-section-boxed elementor-section-height-default elementor-section-height-default\" data-id=\"5d80e0f1\" data-element_type=\"section\" data-e-type=\"section\" data-settings=\"{&quot;background_background&quot;:&quot;classic&quot;}\">\n\t\t\t\t\t\t<div class=\"elementor-container elementor-column-gap-default\">\n\t\t\t\t\t<div class=\"elementor-column elementor-col-100 elementor-inner-column elementor-element elementor-element-69cee1e9\" data-id=\"69cee1e9\" data-element_type=\"column\" data-e-type=\"column\">\n\t\t\t<div class=\"elementor-widget-wrap elementor-element-populated\">\n\t\t\t\t\t\t<div class=\"elementor-element elementor-element-1ec4a994 elementor-widget elementor-widget-text-editor\" data-id=\"1ec4a994\" data-element_type=\"widget\" data-e-type=\"widget\" data-widget_type=\"text-editor.default\">\n\t\t\t\t<div class=\"elementor-widget-container\">\n\t\t\t\t\t\t\t\t\tSom una empresa amb una experi\u00e8ncia de <span class=\"groc35\">m\u00e9s de 30 anys<\/span> al mercat de l&#8217;embalatge per a la <a style=\"color: #000000;\" href=\"https:\/\/www.niupack.com\/ca\/\" target=\"_blank\" rel=\"noopener\">protecci\u00f3 de mercaderies durant el transport<\/a>\t\t\t\t\t\t\t\t<\/div>\n\t\t\t\t<\/div>\n\t\t\t\t<div class=\"elementor-element elementor-element-3813fb56 elementor-widget elementor-widget-text-editor\" data-id=\"3813fb56\" data-element_type=\"widget\" data-e-type=\"widget\" data-widget_type=\"text-editor.default\">\n\t\t\t\t<div class=\"elementor-widget-container\">\n\t\t\t\t\t\t\t\t\t<p>A J2 Servid, estem treballant des de fa m\u00e9s de 30 anys a buscar diferents solucions en els sistemes de protecci\u00f3 i subjecci\u00f3 de c\u00e0rregues en el transport de les mercaderies i per aix\u00f2 el nostre objectiu \u00e9s la seguretat de les c\u00e0rregues. <br><br>La nostra filosofia \u00e9s estar investigant constantment noves solucions i innovant nous productes per protegir les seves c\u00e0rregues. <br><br>J2 Servid posa a la vostra disposici\u00f3 una \u00e0mplia gamma de diferents solucions per protegir la vostra mercaderia durant el transport, ja sigui per carretera, mar\u00edtim, aeri o ferroviari.<\/p>\t\t\t\t\t\t\t\t<\/div>\n\t\t\t\t<\/div>\n\t\t\t\t\t<\/div>\n\t\t<\/div>\n\t\t\t\t\t<\/div>\n\t\t<\/section>\n\t\t\t\t\t<\/div>\n\t\t<\/div>\n\t\t\t\t\t<\/div>\n\t\t<\/section>\n\t\t\t\t<section class=\"elementor-section elementor-top-section elementor-element elementor-element-1d0e7e46 elementor-section-boxed elementor-section-height-default elementor-section-height-default\" data-id=\"1d0e7e46\" data-element_type=\"section\" data-e-type=\"section\" data-settings=\"{&quot;background_background&quot;:&quot;classic&quot;}\">\n\t\t\t\t\t\t<div class=\"elementor-container elementor-column-gap-default\">\n\t\t\t\t\t<div class=\"elementor-column elementor-col-50 elementor-top-column elementor-element elementor-element-79aa6483\" data-id=\"79aa6483\" data-element_type=\"column\" data-e-type=\"column\">\n\t\t\t<div class=\"elementor-widget-wrap elementor-element-populated\">\n\t\t\t\t\t\t<div class=\"elementor-element elementor-element-75368ee elementor-widget elementor-widget-video\" data-id=\"75368ee\" data-element_type=\"widget\" data-e-type=\"widget\" data-settings=\"{&quot;youtube_url&quot;:&quot;https:\\\/\\\/youtu.be\\\/35Um5Ayx9vQ&quot;,&quot;video_type&quot;:&quot;youtube&quot;,&quot;controls&quot;:&quot;yes&quot;}\" data-widget_type=\"video.default\">\n\t\t\t\t<div class=\"elementor-widget-container\">\n\t\t\t\t\t\t\t<div class=\"elementor-wrapper elementor-open-inline\">\n\t\t\t<div class=\"elementor-video\"><\/div>\t\t<\/div>\n\t\t\t\t\t\t<\/div>\n\t\t\t\t<\/div>\n\t\t\t\t\t<\/div>\n\t\t<\/div>\n\t\t\t\t<div class=\"elementor-column elementor-col-50 elementor-top-column elementor-element elementor-element-255fa9a7\" data-id=\"255fa9a7\" data-element_type=\"column\" data-e-type=\"column\">\n\t\t\t<div class=\"elementor-widget-wrap elementor-element-populated\">\n\t\t\t\t\t\t<div class=\"elementor-element elementor-element-251cc3a3 elementor-widget elementor-widget-spacer\" data-id=\"251cc3a3\" data-element_type=\"widget\" data-e-type=\"widget\" data-widget_type=\"spacer.default\">\n\t\t\t\t<div class=\"elementor-widget-container\">\n\t\t\t\t\t\t\t<div class=\"elementor-spacer\">\n\t\t\t<div class=\"elementor-spacer-inner\"><\/div>\n\t\t<\/div>\n\t\t\t\t\t\t<\/div>\n\t\t\t\t<\/div>\n\t\t\t\t<div class=\"elementor-element elementor-element-6a8cf570 elementor-widget elementor-widget-text-editor\" data-id=\"6a8cf570\" data-element_type=\"widget\" data-e-type=\"widget\" data-widget_type=\"text-editor.default\">\n\t\t\t\t<div class=\"elementor-widget-container\">\n\t\t\t\t\t\t\t\t\t30 ANYS D&#8217;EXPERI\u00c8NCIA PROTEGINT MERCADERIES\t\t\t\t\t\t\t\t<\/div>\n\t\t\t\t<\/div>\n\t\t\t\t<div class=\"elementor-element elementor-element-2d112ce7 elementor-widget elementor-widget-text-editor\" data-id=\"2d112ce7\" data-element_type=\"widget\" data-e-type=\"widget\" data-widget_type=\"text-editor.default\">\n\t\t\t\t<div class=\"elementor-widget-container\">\n\t\t\t\t\t\t\t\t\tEspecialistes en solucions per protegir la c\u00e0rrega durant el transport\t\t\t\t\t\t\t\t<\/div>\n\t\t\t\t<\/div>\n\t\t\t\t<div class=\"elementor-element elementor-element-362fc308 elementor-align-left botom elementor-widget elementor-widget-button\" data-id=\"362fc308\" data-element_type=\"widget\" data-e-type=\"widget\" data-widget_type=\"button.default\">\n\t\t\t\t<div class=\"elementor-widget-container\">\n\t\t\t\t\t\t\t\t\t<div class=\"elementor-button-wrapper\">\n\t\t\t\t\t<a class=\"elementor-button elementor-button-link elementor-size-sm\" href=\"https:\/\/www.niupack.com\/ca\/contacte\/\">\n\t\t\t\t\t\t<span class=\"elementor-button-content-wrapper\">\n\t\t\t\t\t\t<span class=\"elementor-button-icon\">\n\t\t\t\t<svg xmlns=\"http:\/\/www.w3.org\/2000\/svg\" width=\"26.863\" height=\"16.066\" viewBox=\"0 0 26.863 16.066\"><g id=\"Grupo_11939\" data-name=\"Grupo 11939\" transform=\"translate(-522.463 -2444.656)\"><line id=\"L&#xED;nea_17\" data-name=\"L&#xED;nea 17\" x2=\"26.499\" transform=\"translate(522.463 2453.25)\" fill=\"none\" stroke=\"#000\" stroke-width=\"1\"><\/line><line id=\"L&#xED;nea_18\" data-name=\"L&#xED;nea 18\" x1=\"7.806\" y1=\"8.249\" transform=\"translate(541.156 2445)\" fill=\"none\" stroke=\"#000\" stroke-width=\"1\"><\/line><line id=\"L&#xED;nea_19\" data-name=\"L&#xED;nea 19\" y1=\"7.103\" x2=\"7.806\" transform=\"translate(541.156 2453.249)\" fill=\"none\" stroke=\"#000\" stroke-width=\"1\"><\/line><\/g><\/svg>\t\t\t<\/span>\n\t\t\t\t\t\t\t\t\t<span class=\"elementor-button-text\">CONTACTI AMB NOSALTRES<\/span>\n\t\t\t\t\t<\/span>\n\t\t\t\t\t<\/a>\n\t\t\t\t<\/div>\n\t\t\t\t\t\t\t\t<\/div>\n\t\t\t\t<\/div>\n\t\t\t\t\t<\/div>\n\t\t<\/div>\n\t\t\t\t\t<\/div>\n\t\t<\/section>\n\t\t\t\t<section class=\"elementor-section elementor-top-section elementor-element elementor-element-8d31942 elementor-section-boxed elementor-section-height-default elementor-section-height-default\" data-id=\"8d31942\" data-element_type=\"section\" data-e-type=\"section\" data-settings=\"{&quot;background_background&quot;:&quot;classic&quot;}\">\n\t\t\t\t\t\t<div class=\"elementor-container elementor-column-gap-default\">\n\t\t\t\t\t<div class=\"elementor-column elementor-col-50 elementor-top-column elementor-element elementor-element-555a8b6\" data-id=\"555a8b6\" data-element_type=\"column\" data-e-type=\"column\">\n\t\t\t<div class=\"elementor-widget-wrap elementor-element-populated\">\n\t\t\t\t\t\t<div class=\"elementor-element elementor-element-2e15595 elementor-widget elementor-widget-spacer\" data-id=\"2e15595\" data-element_type=\"widget\" data-e-type=\"widget\" data-widget_type=\"spacer.default\">\n\t\t\t\t<div class=\"elementor-widget-container\">\n\t\t\t\t\t\t\t<div class=\"elementor-spacer\">\n\t\t\t<div class=\"elementor-spacer-inner\"><\/div>\n\t\t<\/div>\n\t\t\t\t\t\t<\/div>\n\t\t\t\t<\/div>\n\t\t\t\t<div class=\"elementor-element elementor-element-96aca43 elementor-widget elementor-widget-text-editor\" data-id=\"96aca43\" data-element_type=\"widget\" data-e-type=\"widget\" data-widget_type=\"text-editor.default\">\n\t\t\t\t<div class=\"elementor-widget-container\">\n\t\t\t\t\t\t\t\t\t<span class=\"groc35\">M\u00e0xima garantia<\/span> dels nostres productes i presents a tot el territori Europeu\t\t\t\t\t\t\t\t<\/div>\n\t\t\t\t<\/div>\n\t\t\t\t<div class=\"elementor-element elementor-element-51d7ab3 elementor-widget elementor-widget-text-editor\" data-id=\"51d7ab3\" data-element_type=\"widget\" data-e-type=\"widget\" data-widget_type=\"text-editor.default\">\n\t\t\t\t<div class=\"elementor-widget-container\">\n\t\t\t\t\t\t\t\t\t<p>Amb tots els productes que produ\u00efm fem tests en un laboratori oficial de packaging per aconseguir la m\u00e0xima resist\u00e8ncia per a cada model.<\/p><p>Disposem de 2 plantes de producci\u00f3: una a Espanya (\u00e0rea de Barcelona) i una altra a It\u00e0lia (\u00e0rea d&#8217;Ancona), des d&#8217;on cobrim tot el mercat europeu. A totes dues localitzacions produ\u00efm tot tipus de Niupacks encara que la seu principal \u00e9s a Espanya (planta de Barcelona). <\/p>\t\t\t\t\t\t\t\t<\/div>\n\t\t\t\t<\/div>\n\t\t\t\t<div class=\"elementor-element elementor-element-ef1a62f elementor-hidden-desktop elementor-widget elementor-widget-spacer\" data-id=\"ef1a62f\" data-element_type=\"widget\" data-e-type=\"widget\" data-widget_type=\"spacer.default\">\n\t\t\t\t<div class=\"elementor-widget-container\">\n\t\t\t\t\t\t\t<div class=\"elementor-spacer\">\n\t\t\t<div class=\"elementor-spacer-inner\"><\/div>\n\t\t<\/div>\n\t\t\t\t\t\t<\/div>\n\t\t\t\t<\/div>\n\t\t\t\t<div class=\"elementor-element elementor-element-e6c56bc elementor-widget elementor-widget-spacer\" data-id=\"e6c56bc\" data-element_type=\"widget\" data-e-type=\"widget\" data-widget_type=\"spacer.default\">\n\t\t\t\t<div class=\"elementor-widget-container\">\n\t\t\t\t\t\t\t<div class=\"elementor-spacer\">\n\t\t\t<div class=\"elementor-spacer-inner\"><\/div>\n\t\t<\/div>\n\t\t\t\t\t\t<\/div>\n\t\t\t\t<\/div>\n\t\t\t\t\t<\/div>\n\t\t<\/div>\n\t\t\t\t<div class=\"elementor-column elementor-col-50 elementor-top-column elementor-element elementor-element-86afc36\" data-id=\"86afc36\" data-element_type=\"column\" data-e-type=\"column\">\n\t\t\t<div class=\"elementor-widget-wrap\">\n\t\t\t\t\t\t\t<\/div>\n\t\t<\/div>\n\t\t\t\t\t<\/div>\n\t\t<\/section>\n\t\t\t\t<\/div>\n\t\t","protected":false},"excerpt":{"rendered":"<p>Home \/ sobre nosaltres Sobre nosotros VOIDFILLER Som una empresa amb una experi\u00e8ncia de m\u00e9s de 30 anys al mercat de l&#8217;embalatge per a la protecci\u00f3 de mercaderies durant el transport A J2 Servid, estem treballant des de fa m\u00e9s de 30 anys a buscar diferents solucions en els sistemes de protecci\u00f3 i subjecci\u00f3 de [&hellip;]<\/p>\n","protected":false},"author":1,"featured_media":0,"parent":0,"menu_order":0,"comment_status":"closed","ping_status":"closed","template":"","meta":{"inline_featured_image":false,"footnotes":""},"class_list":["post-2746","page","type-page","status-publish","hentry"],"yoast_head":"<!-- This site is optimized with the Yoast SEO plugin v27.3 - https:\/\/yoast.com\/product\/yoast-seo-wordpress\/ -->\n<title>Sobre nosaltres - Niupack<\/title>\n<meta name=\"description\" content=\"Som una empresa amb una experi\u00e8ncia de m\u00e9s de 30 anys al mercat de l&#039;embalatge per a la protecci\u00f3 de mercaderies durant el transport.\" \/>\n<meta name=\"robots\" content=\"index, follow, max-snippet:-1, max-image-preview:large, max-video-preview:-1\" \/>\n<link rel=\"canonical\" href=\"https:\/\/www.niupack.com\/ca\/sobre-nosaltres\/\" \/>\n<meta property=\"og:locale\" content=\"ca_ES\" \/>\n<meta property=\"og:type\" content=\"article\" \/>\n<meta property=\"og:title\" content=\"Sobre nosaltres - Niupack\" \/>\n<meta property=\"og:description\" content=\"Som una empresa amb una experi\u00e8ncia de m\u00e9s de 30 anys al mercat de l&#039;embalatge per a la protecci\u00f3 de mercaderies durant el transport.\" \/>\n<meta property=\"og:url\" content=\"https:\/\/www.niupack.com\/ca\/sobre-nosaltres\/\" \/>\n<meta property=\"og:site_name\" content=\"Niupack\" \/>\n<meta property=\"article:modified_time\" content=\"2026-01-26T13:34:44+00:00\" \/>\n<meta name=\"twitter:card\" content=\"summary_large_image\" \/>\n<meta name=\"twitter:label1\" content=\"Temps estimat de lectura\" \/>\n\t<meta name=\"twitter:data1\" content=\"2 minuts\" \/>\n<script type=\"application\/ld+json\" class=\"yoast-schema-graph\">{\"@context\":\"https:\\\/\\\/schema.org\",\"@graph\":[{\"@type\":\"WebPage\",\"@id\":\"https:\\\/\\\/www.niupack.com\\\/ca\\\/sobre-nosaltres\\\/\",\"url\":\"https:\\\/\\\/www.niupack.com\\\/ca\\\/sobre-nosaltres\\\/\",\"name\":\"Sobre nosaltres - Niupack\",\"isPartOf\":{\"@id\":\"https:\\\/\\\/www.niupack.com\\\/ca\\\/#website\"},\"datePublished\":\"2023-05-29T08:57:24+00:00\",\"dateModified\":\"2026-01-26T13:34:44+00:00\",\"description\":\"Som una empresa amb una experi\u00e8ncia de m\u00e9s de 30 anys al mercat de l'embalatge per a la protecci\u00f3 de mercaderies durant el transport.\",\"breadcrumb\":{\"@id\":\"https:\\\/\\\/www.niupack.com\\\/ca\\\/sobre-nosaltres\\\/#breadcrumb\"},\"inLanguage\":\"ca\",\"potentialAction\":[{\"@type\":\"ReadAction\",\"target\":[\"https:\\\/\\\/www.niupack.com\\\/ca\\\/sobre-nosaltres\\\/\"]}]},{\"@type\":\"BreadcrumbList\",\"@id\":\"https:\\\/\\\/www.niupack.com\\\/ca\\\/sobre-nosaltres\\\/#breadcrumb\",\"itemListElement\":[{\"@type\":\"ListItem\",\"position\":1,\"name\":\"Portada\",\"item\":\"https:\\\/\\\/www.niupack.com\\\/ca\\\/\"},{\"@type\":\"ListItem\",\"position\":2,\"name\":\"Sobre nosaltres\"}]},{\"@type\":\"WebSite\",\"@id\":\"https:\\\/\\\/www.niupack.com\\\/ca\\\/#website\",\"url\":\"https:\\\/\\\/www.niupack.com\\\/ca\\\/\",\"name\":\"Niupack\",\"description\":\"Sistema ecol\u00f3gico para la protecci\u00f3n de mercanc\u00edas\",\"publisher\":{\"@id\":\"https:\\\/\\\/www.niupack.com\\\/ca\\\/#organization\"},\"potentialAction\":[{\"@type\":\"SearchAction\",\"target\":{\"@type\":\"EntryPoint\",\"urlTemplate\":\"https:\\\/\\\/www.niupack.com\\\/ca\\\/?s={search_term_string}\"},\"query-input\":{\"@type\":\"PropertyValueSpecification\",\"valueRequired\":true,\"valueName\":\"search_term_string\"}}],\"inLanguage\":\"ca\"},{\"@type\":\"Organization\",\"@id\":\"https:\\\/\\\/www.niupack.com\\\/ca\\\/#organization\",\"name\":\"Niupack\",\"url\":\"https:\\\/\\\/www.niupack.com\\\/ca\\\/\",\"logo\":{\"@type\":\"ImageObject\",\"inLanguage\":\"ca\",\"@id\":\"https:\\\/\\\/www.niupack.com\\\/ca\\\/#\\\/schema\\\/logo\\\/image\\\/\",\"url\":\"https:\\\/\\\/www.niupack.com\\\/wp-content\\\/uploads\\\/2023\\\/05\\\/Grupo-11931.png\",\"contentUrl\":\"https:\\\/\\\/www.niupack.com\\\/wp-content\\\/uploads\\\/2023\\\/05\\\/Grupo-11931.png\",\"width\":326,\"height\":78,\"caption\":\"Niupack\"},\"image\":{\"@id\":\"https:\\\/\\\/www.niupack.com\\\/ca\\\/#\\\/schema\\\/logo\\\/image\\\/\"}}]}<\/script>\n<!-- \/ Yoast SEO plugin. -->","yoast_head_json":{"title":"Sobre nosaltres - Niupack","description":"Som una empresa amb una experi\u00e8ncia de m\u00e9s de 30 anys al mercat de l'embalatge per a la protecci\u00f3 de mercaderies durant el transport.","robots":{"index":"index","follow":"follow","max-snippet":"max-snippet:-1","max-image-preview":"max-image-preview:large","max-video-preview":"max-video-preview:-1"},"canonical":"https:\/\/www.niupack.com\/ca\/sobre-nosaltres\/","og_locale":"ca_ES","og_type":"article","og_title":"Sobre nosaltres - Niupack","og_description":"Som una empresa amb una experi\u00e8ncia de m\u00e9s de 30 anys al mercat de l'embalatge per a la protecci\u00f3 de mercaderies durant el transport.","og_url":"https:\/\/www.niupack.com\/ca\/sobre-nosaltres\/","og_site_name":"Niupack","article_modified_time":"2026-01-26T13:34:44+00:00","twitter_card":"summary_large_image","twitter_misc":{"Temps estimat de lectura":"2 minuts"},"schema":{"@context":"https:\/\/schema.org","@graph":[{"@type":"WebPage","@id":"https:\/\/www.niupack.com\/ca\/sobre-nosaltres\/","url":"https:\/\/www.niupack.com\/ca\/sobre-nosaltres\/","name":"Sobre nosaltres - Niupack","isPartOf":{"@id":"https:\/\/www.niupack.com\/ca\/#website"},"datePublished":"2023-05-29T08:57:24+00:00","dateModified":"2026-01-26T13:34:44+00:00","description":"Som una empresa amb una experi\u00e8ncia de m\u00e9s de 30 anys al mercat de l'embalatge per a la protecci\u00f3 de mercaderies durant el transport.","breadcrumb":{"@id":"https:\/\/www.niupack.com\/ca\/sobre-nosaltres\/#breadcrumb"},"inLanguage":"ca","potentialAction":[{"@type":"ReadAction","target":["https:\/\/www.niupack.com\/ca\/sobre-nosaltres\/"]}]},{"@type":"BreadcrumbList","@id":"https:\/\/www.niupack.com\/ca\/sobre-nosaltres\/#breadcrumb","itemListElement":[{"@type":"ListItem","position":1,"name":"Portada","item":"https:\/\/www.niupack.com\/ca\/"},{"@type":"ListItem","position":2,"name":"Sobre nosaltres"}]},{"@type":"WebSite","@id":"https:\/\/www.niupack.com\/ca\/#website","url":"https:\/\/www.niupack.com\/ca\/","name":"Niupack","description":"Sistema ecol\u00f3gico para la protecci\u00f3n de mercanc\u00edas","publisher":{"@id":"https:\/\/www.niupack.com\/ca\/#organization"},"potentialAction":[{"@type":"SearchAction","target":{"@type":"EntryPoint","urlTemplate":"https:\/\/www.niupack.com\/ca\/?s={search_term_string}"},"query-input":{"@type":"PropertyValueSpecification","valueRequired":true,"valueName":"search_term_string"}}],"inLanguage":"ca"},{"@type":"Organization","@id":"https:\/\/www.niupack.com\/ca\/#organization","name":"Niupack","url":"https:\/\/www.niupack.com\/ca\/","logo":{"@type":"ImageObject","inLanguage":"ca","@id":"https:\/\/www.niupack.com\/ca\/#\/schema\/logo\/image\/","url":"https:\/\/www.niupack.com\/wp-content\/uploads\/2023\/05\/Grupo-11931.png","contentUrl":"https:\/\/www.niupack.com\/wp-content\/uploads\/2023\/05\/Grupo-11931.png","width":326,"height":78,"caption":"Niupack"},"image":{"@id":"https:\/\/www.niupack.com\/ca\/#\/schema\/logo\/image\/"}}]}},"_links":{"self":[{"href":"https:\/\/www.niupack.com\/ca\/wp-json\/wp\/v2\/pages\/2746","targetHints":{"allow":["GET"]}}],"collection":[{"href":"https:\/\/www.niupack.com\/ca\/wp-json\/wp\/v2\/pages"}],"about":[{"href":"https:\/\/www.niupack.com\/ca\/wp-json\/wp\/v2\/types\/page"}],"author":[{"embeddable":true,"href":"https:\/\/www.niupack.com\/ca\/wp-json\/wp\/v2\/users\/1"}],"replies":[{"embeddable":true,"href":"https:\/\/www.niupack.com\/ca\/wp-json\/wp\/v2\/comments?post=2746"}],"version-history":[{"count":16,"href":"https:\/\/www.niupack.com\/ca\/wp-json\/wp\/v2\/pages\/2746\/revisions"}],"predecessor-version":[{"id":44261,"href":"https:\/\/www.niupack.com\/ca\/wp-json\/wp\/v2\/pages\/2746\/revisions\/44261"}],"wp:attachment":[{"href":"https:\/\/www.niupack.com\/ca\/wp-json\/wp\/v2\/media?parent=2746"}],"curies":[{"name":"wp","href":"https:\/\/api.w.org\/{rel}","templated":true}]}}