{"id":4108,"date":"2023-05-29T08:57:24","date_gmt":"2023-05-29T08:57:24","guid":{"rendered":"https:\/\/www.niupack.com\/uber-uns\/"},"modified":"2026-01-26T14:14:49","modified_gmt":"2026-01-26T14:14:49","slug":"uber-uns","status":"publish","type":"page","link":"https:\/\/www.niupack.com\/de\/uber-uns\/","title":{"rendered":"\u00dcber uns"},"content":{"rendered":"\t\t<div data-elementor-type=\"wp-page\" data-elementor-id=\"4108\" class=\"elementor elementor-4108 elementor-13\" data-elementor-post-type=\"page\">\n\t\t\t\t\t\t<section class=\"elementor-section elementor-top-section elementor-element elementor-element-6297c5fa elementor-section-boxed elementor-section-height-default elementor-section-height-default\" data-id=\"6297c5fa\" data-element_type=\"section\" data-e-type=\"section\" data-settings=\"{&quot;background_background&quot;:&quot;classic&quot;}\">\n\t\t\t\t\t\t<div class=\"elementor-container elementor-column-gap-default\">\n\t\t\t\t\t<div class=\"elementor-column elementor-col-50 elementor-top-column elementor-element elementor-element-4122676d\" data-id=\"4122676d\" data-element_type=\"column\" data-e-type=\"column\">\n\t\t\t<div class=\"elementor-widget-wrap elementor-element-populated\">\n\t\t\t\t\t\t<div class=\"elementor-element elementor-element-3ffa2e06 elementor-widget elementor-widget-spacer\" data-id=\"3ffa2e06\" data-element_type=\"widget\" data-e-type=\"widget\" data-widget_type=\"spacer.default\">\n\t\t\t\t<div class=\"elementor-widget-container\">\n\t\t\t\t\t\t\t<div class=\"elementor-spacer\">\n\t\t\t<div class=\"elementor-spacer-inner\"><\/div>\n\t\t<\/div>\n\t\t\t\t\t\t<\/div>\n\t\t\t\t<\/div>\n\t\t\t\t<div class=\"elementor-element elementor-element-314a07a1 bread elementor-widget elementor-widget-text-editor\" data-id=\"314a07a1\" data-element_type=\"widget\" data-e-type=\"widget\" data-widget_type=\"text-editor.default\">\n\t\t\t\t<div class=\"elementor-widget-container\">\n\t\t\t\t\t\t\t\t\t<p>Home \/ <a href=\"https:\/\/www.niupack.com\/de\/\">\u00dcber uns<\/a><\/p>\t\t\t\t\t\t\t\t<\/div>\n\t\t\t\t<\/div>\n\t\t\t\t<div class=\"elementor-element elementor-element-e586e86 elementor-widget elementor-widget-text-editor\" data-id=\"e586e86\" data-element_type=\"widget\" data-e-type=\"widget\" data-widget_type=\"text-editor.default\">\n\t\t\t\t<div class=\"elementor-widget-container\">\n\t\t\t\t\t\t\t\t\t<span class=\"tgroc3\">\u00dcber uns<\/span>\t\t\t\t\t\t\t\t<\/div>\n\t\t\t\t<\/div>\n\t\t\t\t<div class=\"elementor-element elementor-element-2bf3e8c6 elementor-widget elementor-widget-text-editor\" data-id=\"2bf3e8c6\" data-element_type=\"widget\" data-e-type=\"widget\" data-widget_type=\"text-editor.default\">\n\t\t\t\t<div class=\"elementor-widget-container\">\n\t\t\t\t\t\t\t\t\t<p>VOIDFILLER<\/p>\t\t\t\t\t\t\t\t<\/div>\n\t\t\t\t<\/div>\n\t\t\t\t<div class=\"elementor-element elementor-element-1bc1a58d elementor-widget elementor-widget-spacer\" data-id=\"1bc1a58d\" data-element_type=\"widget\" data-e-type=\"widget\" data-widget_type=\"spacer.default\">\n\t\t\t\t<div class=\"elementor-widget-container\">\n\t\t\t\t\t\t\t<div class=\"elementor-spacer\">\n\t\t\t<div class=\"elementor-spacer-inner\"><\/div>\n\t\t<\/div>\n\t\t\t\t\t\t<\/div>\n\t\t\t\t<\/div>\n\t\t\t\t\t<\/div>\n\t\t<\/div>\n\t\t\t\t<div class=\"elementor-column elementor-col-50 elementor-top-column elementor-element elementor-element-333304a3\" data-id=\"333304a3\" data-element_type=\"column\" data-e-type=\"column\">\n\t\t\t<div class=\"elementor-widget-wrap\">\n\t\t\t\t\t\t\t<\/div>\n\t\t<\/div>\n\t\t\t\t\t<\/div>\n\t\t<\/section>\n\t\t\t\t<section class=\"elementor-section elementor-top-section elementor-element elementor-element-598843c7 elementor-section-boxed elementor-section-height-default elementor-section-height-default\" data-id=\"598843c7\" data-element_type=\"section\" data-e-type=\"section\" data-settings=\"{&quot;background_background&quot;:&quot;classic&quot;}\">\n\t\t\t\t\t\t<div class=\"elementor-container elementor-column-gap-default\">\n\t\t\t\t\t<div class=\"elementor-column elementor-col-50 elementor-top-column elementor-element elementor-element-950f593\" data-id=\"950f593\" data-element_type=\"column\" data-e-type=\"column\">\n\t\t\t<div class=\"elementor-widget-wrap elementor-element-populated\">\n\t\t\t\t\t\t<div class=\"elementor-element elementor-element-7b1887e6 elementor-widget elementor-widget-spacer\" data-id=\"7b1887e6\" data-element_type=\"widget\" data-e-type=\"widget\" data-widget_type=\"spacer.default\">\n\t\t\t\t<div class=\"elementor-widget-container\">\n\t\t\t\t\t\t\t<div class=\"elementor-spacer\">\n\t\t\t<div class=\"elementor-spacer-inner\"><\/div>\n\t\t<\/div>\n\t\t\t\t\t\t<\/div>\n\t\t\t\t<\/div>\n\t\t\t\t\t<\/div>\n\t\t<\/div>\n\t\t\t\t<div class=\"elementor-column elementor-col-50 elementor-top-column elementor-element elementor-element-6a1ae283\" data-id=\"6a1ae283\" data-element_type=\"column\" data-e-type=\"column\">\n\t\t\t<div class=\"elementor-widget-wrap\">\n\t\t\t\t\t\t\t<\/div>\n\t\t<\/div>\n\t\t\t\t\t<\/div>\n\t\t<\/section>\n\t\t\t\t<section class=\"elementor-section elementor-top-section elementor-element elementor-element-22a26275 elementor-section-boxed elementor-section-height-default elementor-section-height-default\" data-id=\"22a26275\" data-element_type=\"section\" data-e-type=\"section\">\n\t\t\t\t\t\t<div class=\"elementor-container elementor-column-gap-default\">\n\t\t\t\t\t<div class=\"elementor-column elementor-col-100 elementor-top-column elementor-element elementor-element-7e703e60\" data-id=\"7e703e60\" data-element_type=\"column\" data-e-type=\"column\">\n\t\t\t<div class=\"elementor-widget-wrap elementor-element-populated\">\n\t\t\t\t\t\t<section class=\"elementor-section elementor-inner-section elementor-element elementor-element-5d80e0f1 elementor-section-boxed elementor-section-height-default elementor-section-height-default\" data-id=\"5d80e0f1\" data-element_type=\"section\" data-e-type=\"section\" data-settings=\"{&quot;background_background&quot;:&quot;classic&quot;}\">\n\t\t\t\t\t\t<div class=\"elementor-container elementor-column-gap-default\">\n\t\t\t\t\t<div class=\"elementor-column elementor-col-100 elementor-inner-column elementor-element elementor-element-69cee1e9\" data-id=\"69cee1e9\" data-element_type=\"column\" data-e-type=\"column\">\n\t\t\t<div class=\"elementor-widget-wrap elementor-element-populated\">\n\t\t\t\t\t\t<div class=\"elementor-element elementor-element-1ec4a994 elementor-widget elementor-widget-text-editor\" data-id=\"1ec4a994\" data-element_type=\"widget\" data-e-type=\"widget\" data-widget_type=\"text-editor.default\">\n\t\t\t\t<div class=\"elementor-widget-container\">\n\t\t\t\t\t\t\t\t\tWir sind ein Unternehmen mit <span class=\"groc35\">mehr als 30<\/span> Jahren Erfahrung auf dem Gebiet der Transport- und Ladungssicherung, spezialisiert auf die <a style=\"color: #000000;\" href=\"https:\/\/www.niupack.com\/de\/\" target=\"_blank\" rel=\"noopener\">sichere Verpackung von G\u00fctern.<\/a>\t\t\t\t\t\t\t\t<\/div>\n\t\t\t\t<\/div>\n\t\t\t\t<div class=\"elementor-element elementor-element-3813fb56 elementor-widget elementor-widget-text-editor\" data-id=\"3813fb56\" data-element_type=\"widget\" data-e-type=\"widget\" data-widget_type=\"text-editor.default\">\n\t\t\t\t<div class=\"elementor-widget-container\">\n\t\t\t\t\t\t\t\t\t<p>Bei J2 Servid sind wir seit mehr als 30 Jahren bem\u00fcht, verschiedene L\u00f6sungen f\u00fcr Ladungssicherungs- und Transportsicherungssysteme zu finden, wobei unser ultimatives Ziel die Sicherheit Ihrer Ladung ist. <br><br>Unsere Philosophie ist es, st\u00e4ndig nach neuen, innovativen L\u00f6sungen zu forschen und neue Produkte zur Sicherung der Ladung zu entwickeln. <br><br>J2 Servid bietet eine breite Palette verschiedener L\u00f6sungen zum Schutz Ihrer Waren w\u00e4hrend des Transports, sei es auf der Stra\u00dfe, zur See, in der Luft oder auf der Schiene.<\/p>\t\t\t\t\t\t\t\t<\/div>\n\t\t\t\t<\/div>\n\t\t\t\t\t<\/div>\n\t\t<\/div>\n\t\t\t\t\t<\/div>\n\t\t<\/section>\n\t\t\t\t\t<\/div>\n\t\t<\/div>\n\t\t\t\t\t<\/div>\n\t\t<\/section>\n\t\t\t\t<section class=\"elementor-section elementor-top-section elementor-element elementor-element-1d0e7e46 elementor-section-boxed elementor-section-height-default elementor-section-height-default\" data-id=\"1d0e7e46\" data-element_type=\"section\" data-e-type=\"section\" data-settings=\"{&quot;background_background&quot;:&quot;classic&quot;}\">\n\t\t\t\t\t\t<div class=\"elementor-container elementor-column-gap-default\">\n\t\t\t\t\t<div class=\"elementor-column elementor-col-50 elementor-top-column elementor-element elementor-element-79aa6483\" data-id=\"79aa6483\" data-element_type=\"column\" data-e-type=\"column\">\n\t\t\t<div class=\"elementor-widget-wrap elementor-element-populated\">\n\t\t\t\t\t\t<div class=\"elementor-element elementor-element-75368ee elementor-widget elementor-widget-video\" data-id=\"75368ee\" data-element_type=\"widget\" data-e-type=\"widget\" data-settings=\"{&quot;youtube_url&quot;:&quot;https:\\\/\\\/youtu.be\\\/35Um5Ayx9vQ&quot;,&quot;video_type&quot;:&quot;youtube&quot;,&quot;controls&quot;:&quot;yes&quot;}\" data-widget_type=\"video.default\">\n\t\t\t\t<div class=\"elementor-widget-container\">\n\t\t\t\t\t\t\t<div class=\"elementor-wrapper elementor-open-inline\">\n\t\t\t<div class=\"elementor-video\"><\/div>\t\t<\/div>\n\t\t\t\t\t\t<\/div>\n\t\t\t\t<\/div>\n\t\t\t\t\t<\/div>\n\t\t<\/div>\n\t\t\t\t<div class=\"elementor-column elementor-col-50 elementor-top-column elementor-element elementor-element-255fa9a7\" data-id=\"255fa9a7\" data-element_type=\"column\" data-e-type=\"column\">\n\t\t\t<div class=\"elementor-widget-wrap elementor-element-populated\">\n\t\t\t\t\t\t<div class=\"elementor-element elementor-element-251cc3a3 elementor-widget elementor-widget-spacer\" data-id=\"251cc3a3\" data-element_type=\"widget\" data-e-type=\"widget\" data-widget_type=\"spacer.default\">\n\t\t\t\t<div class=\"elementor-widget-container\">\n\t\t\t\t\t\t\t<div class=\"elementor-spacer\">\n\t\t\t<div class=\"elementor-spacer-inner\"><\/div>\n\t\t<\/div>\n\t\t\t\t\t\t<\/div>\n\t\t\t\t<\/div>\n\t\t\t\t<div class=\"elementor-element elementor-element-6a8cf570 elementor-widget elementor-widget-text-editor\" data-id=\"6a8cf570\" data-element_type=\"widget\" data-e-type=\"widget\" data-widget_type=\"text-editor.default\">\n\t\t\t\t<div class=\"elementor-widget-container\">\n\t\t\t\t\t\t\t\t\t30 JAHRE ERFAHRUNG IN WARENSICHERUNG\t\t\t\t\t\t\t\t<\/div>\n\t\t\t\t<\/div>\n\t\t\t\t<div class=\"elementor-element elementor-element-2d112ce7 elementor-widget elementor-widget-text-editor\" data-id=\"2d112ce7\" data-element_type=\"widget\" data-e-type=\"widget\" data-widget_type=\"text-editor.default\">\n\t\t\t\t<div class=\"elementor-widget-container\">\n\t\t\t\t\t\t\t\t\tWir sind Experten f\u00fcr L\u00f6sungen in Sicherung Ihrer Fracht beim Transport\t\t\t\t\t\t\t\t<\/div>\n\t\t\t\t<\/div>\n\t\t\t\t<div class=\"elementor-element elementor-element-362fc308 elementor-align-left botom elementor-widget elementor-widget-button\" data-id=\"362fc308\" data-element_type=\"widget\" data-e-type=\"widget\" data-widget_type=\"button.default\">\n\t\t\t\t<div class=\"elementor-widget-container\">\n\t\t\t\t\t\t\t\t\t<div class=\"elementor-button-wrapper\">\n\t\t\t\t\t<a class=\"elementor-button elementor-button-link elementor-size-sm\" href=\"https:\/\/www.niupack.com\/de\/kontakt\/\">\n\t\t\t\t\t\t<span class=\"elementor-button-content-wrapper\">\n\t\t\t\t\t\t<span class=\"elementor-button-icon\">\n\t\t\t\t<svg xmlns=\"http:\/\/www.w3.org\/2000\/svg\" width=\"26.863\" height=\"16.066\" viewBox=\"0 0 26.863 16.066\"><g id=\"Grupo_11939\" data-name=\"Grupo 11939\" transform=\"translate(-522.463 -2444.656)\"><line id=\"L&#xED;nea_17\" data-name=\"L&#xED;nea 17\" x2=\"26.499\" transform=\"translate(522.463 2453.25)\" fill=\"none\" stroke=\"#000\" stroke-width=\"1\"><\/line><line id=\"L&#xED;nea_18\" data-name=\"L&#xED;nea 18\" x1=\"7.806\" y1=\"8.249\" transform=\"translate(541.156 2445)\" fill=\"none\" stroke=\"#000\" stroke-width=\"1\"><\/line><line id=\"L&#xED;nea_19\" data-name=\"L&#xED;nea 19\" y1=\"7.103\" x2=\"7.806\" transform=\"translate(541.156 2453.249)\" fill=\"none\" stroke=\"#000\" stroke-width=\"1\"><\/line><\/g><\/svg>\t\t\t<\/span>\n\t\t\t\t\t\t\t\t\t<span class=\"elementor-button-text\">KONTAKTIEREN SIE UNS<\/span>\n\t\t\t\t\t<\/span>\n\t\t\t\t\t<\/a>\n\t\t\t\t<\/div>\n\t\t\t\t\t\t\t\t<\/div>\n\t\t\t\t<\/div>\n\t\t\t\t\t<\/div>\n\t\t<\/div>\n\t\t\t\t\t<\/div>\n\t\t<\/section>\n\t\t\t\t<section class=\"elementor-section elementor-top-section elementor-element elementor-element-8d31942 elementor-section-boxed elementor-section-height-default elementor-section-height-default\" data-id=\"8d31942\" data-element_type=\"section\" data-e-type=\"section\" data-settings=\"{&quot;background_background&quot;:&quot;classic&quot;}\">\n\t\t\t\t\t\t<div class=\"elementor-container elementor-column-gap-default\">\n\t\t\t\t\t<div class=\"elementor-column elementor-col-50 elementor-top-column elementor-element elementor-element-555a8b6\" data-id=\"555a8b6\" data-element_type=\"column\" data-e-type=\"column\">\n\t\t\t<div class=\"elementor-widget-wrap elementor-element-populated\">\n\t\t\t\t\t\t<div class=\"elementor-element elementor-element-2e15595 elementor-widget elementor-widget-spacer\" data-id=\"2e15595\" data-element_type=\"widget\" data-e-type=\"widget\" data-widget_type=\"spacer.default\">\n\t\t\t\t<div class=\"elementor-widget-container\">\n\t\t\t\t\t\t\t<div class=\"elementor-spacer\">\n\t\t\t<div class=\"elementor-spacer-inner\"><\/div>\n\t\t<\/div>\n\t\t\t\t\t\t<\/div>\n\t\t\t\t<\/div>\n\t\t\t\t<div class=\"elementor-element elementor-element-96aca43 elementor-widget elementor-widget-text-editor\" data-id=\"96aca43\" data-element_type=\"widget\" data-e-type=\"widget\" data-widget_type=\"text-editor.default\">\n\t\t\t\t<div class=\"elementor-widget-container\">\n\t\t\t\t\t\t\t\t\t<span class=\"groc35\">Maximale Garantie<\/span> f\u00fcr unsere Produkte und Pr\u00e4senz auf dem gesamten europ\u00e4ischen Markt\t\t\t\t\t\t\t\t<\/div>\n\t\t\t\t<\/div>\n\t\t\t\t<div class=\"elementor-element elementor-element-51d7ab3 elementor-widget elementor-widget-text-editor\" data-id=\"51d7ab3\" data-element_type=\"widget\" data-e-type=\"widget\" data-widget_type=\"text-editor.default\">\n\t\t\t\t<div class=\"elementor-widget-container\">\n\t\t\t\t\t\t\t\t\t<p>Alle von uns hergestellten Produkte werden in einem offiziellen Verpackungslabor gepr\u00fcft, um die bestm\u00f6gliche Belastbarkeit f\u00fcr jedes Modell zu erreichen.<\/p><p>Unsere zwei Produktionsst\u00e4tten befinden sich in Spanien (Barcelona) und in Italien (Ancona), von wo aus wir den gesamten europ\u00e4ischen Markt abdecken. An beiden Standorten stellen wir alle Modelle von Niupacks her, wobei sich der Hauptsitz in Spanien (Werk Barcelona) befindet. <\/p>\t\t\t\t\t\t\t\t<\/div>\n\t\t\t\t<\/div>\n\t\t\t\t<div class=\"elementor-element elementor-element-ef1a62f elementor-hidden-desktop elementor-widget elementor-widget-spacer\" data-id=\"ef1a62f\" data-element_type=\"widget\" data-e-type=\"widget\" data-widget_type=\"spacer.default\">\n\t\t\t\t<div class=\"elementor-widget-container\">\n\t\t\t\t\t\t\t<div class=\"elementor-spacer\">\n\t\t\t<div class=\"elementor-spacer-inner\"><\/div>\n\t\t<\/div>\n\t\t\t\t\t\t<\/div>\n\t\t\t\t<\/div>\n\t\t\t\t<div class=\"elementor-element elementor-element-e6c56bc elementor-widget elementor-widget-spacer\" data-id=\"e6c56bc\" data-element_type=\"widget\" data-e-type=\"widget\" data-widget_type=\"spacer.default\">\n\t\t\t\t<div class=\"elementor-widget-container\">\n\t\t\t\t\t\t\t<div class=\"elementor-spacer\">\n\t\t\t<div class=\"elementor-spacer-inner\"><\/div>\n\t\t<\/div>\n\t\t\t\t\t\t<\/div>\n\t\t\t\t<\/div>\n\t\t\t\t\t<\/div>\n\t\t<\/div>\n\t\t\t\t<div class=\"elementor-column elementor-col-50 elementor-top-column elementor-element elementor-element-86afc36\" data-id=\"86afc36\" data-element_type=\"column\" data-e-type=\"column\">\n\t\t\t<div class=\"elementor-widget-wrap\">\n\t\t\t\t\t\t\t<\/div>\n\t\t<\/div>\n\t\t\t\t\t<\/div>\n\t\t<\/section>\n\t\t\t\t<\/div>\n\t\t","protected":false},"excerpt":{"rendered":"<p>Home \/ \u00dcber uns \u00dcber uns VOIDFILLER Wir sind ein Unternehmen mit mehr als 30 Jahren Erfahrung auf dem Gebiet der Transport- und Ladungssicherung, spezialisiert auf die sichere Verpackung von G\u00fctern. Bei J2 Servid sind wir seit mehr als 30 Jahren bem\u00fcht, verschiedene L\u00f6sungen f\u00fcr Ladungssicherungs- und Transportsicherungssysteme zu finden, wobei unser ultimatives Ziel die [&hellip;]<\/p>\n","protected":false},"author":1,"featured_media":0,"parent":0,"menu_order":0,"comment_status":"closed","ping_status":"closed","template":"","meta":{"inline_featured_image":false,"footnotes":""},"class_list":["post-4108","page","type-page","status-publish","hentry"],"yoast_head":"<!-- This site is optimized with the Yoast SEO plugin v27.3 - https:\/\/yoast.com\/product\/yoast-seo-wordpress\/ -->\n<title>\u00dcber uns - Niupack<\/title>\n<meta name=\"description\" content=\"Wir sind ein Unternehmen mit mehr als 30 Jahren Erfahrung auf dem Markt f\u00fcr Verpackungen zum Schutz von Waren w\u00e4hrend des Transports.\" \/>\n<meta name=\"robots\" content=\"index, follow, max-snippet:-1, max-image-preview:large, max-video-preview:-1\" \/>\n<link rel=\"canonical\" href=\"https:\/\/www.niupack.com\/de\/uber-uns\/\" \/>\n<meta property=\"og:locale\" content=\"de_DE\" \/>\n<meta property=\"og:type\" content=\"article\" \/>\n<meta property=\"og:title\" content=\"\u00dcber uns - Niupack\" \/>\n<meta property=\"og:description\" content=\"Wir sind ein Unternehmen mit mehr als 30 Jahren Erfahrung auf dem Markt f\u00fcr Verpackungen zum Schutz von Waren w\u00e4hrend des Transports.\" \/>\n<meta property=\"og:url\" content=\"https:\/\/www.niupack.com\/de\/uber-uns\/\" \/>\n<meta property=\"og:site_name\" content=\"Niupack\" \/>\n<meta property=\"article:modified_time\" content=\"2026-01-26T14:14:49+00:00\" \/>\n<meta name=\"twitter:card\" content=\"summary_large_image\" \/>\n<meta name=\"twitter:label1\" content=\"Gesch\u00e4tzte Lesezeit\" \/>\n\t<meta name=\"twitter:data1\" content=\"2\u00a0Minuten\" \/>\n<script type=\"application\/ld+json\" class=\"yoast-schema-graph\">{\"@context\":\"https:\\\/\\\/schema.org\",\"@graph\":[{\"@type\":\"WebPage\",\"@id\":\"https:\\\/\\\/www.niupack.com\\\/de\\\/uber-uns\\\/\",\"url\":\"https:\\\/\\\/www.niupack.com\\\/de\\\/uber-uns\\\/\",\"name\":\"\u00dcber uns - Niupack\",\"isPartOf\":{\"@id\":\"https:\\\/\\\/www.niupack.com\\\/de\\\/#website\"},\"datePublished\":\"2023-05-29T08:57:24+00:00\",\"dateModified\":\"2026-01-26T14:14:49+00:00\",\"description\":\"Wir sind ein Unternehmen mit mehr als 30 Jahren Erfahrung auf dem Markt f\u00fcr Verpackungen zum Schutz von Waren w\u00e4hrend des Transports.\",\"breadcrumb\":{\"@id\":\"https:\\\/\\\/www.niupack.com\\\/de\\\/uber-uns\\\/#breadcrumb\"},\"inLanguage\":\"de\",\"potentialAction\":[{\"@type\":\"ReadAction\",\"target\":[\"https:\\\/\\\/www.niupack.com\\\/de\\\/uber-uns\\\/\"]}]},{\"@type\":\"BreadcrumbList\",\"@id\":\"https:\\\/\\\/www.niupack.com\\\/de\\\/uber-uns\\\/#breadcrumb\",\"itemListElement\":[{\"@type\":\"ListItem\",\"position\":1,\"name\":\"Portada\",\"item\":\"https:\\\/\\\/www.niupack.com\\\/de\\\/\"},{\"@type\":\"ListItem\",\"position\":2,\"name\":\"\u00dcber uns\"}]},{\"@type\":\"WebSite\",\"@id\":\"https:\\\/\\\/www.niupack.com\\\/de\\\/#website\",\"url\":\"https:\\\/\\\/www.niupack.com\\\/de\\\/\",\"name\":\"Niupack\",\"description\":\"Sistema ecol\u00f3gico para la protecci\u00f3n de mercanc\u00edas\",\"publisher\":{\"@id\":\"https:\\\/\\\/www.niupack.com\\\/de\\\/#organization\"},\"potentialAction\":[{\"@type\":\"SearchAction\",\"target\":{\"@type\":\"EntryPoint\",\"urlTemplate\":\"https:\\\/\\\/www.niupack.com\\\/de\\\/?s={search_term_string}\"},\"query-input\":{\"@type\":\"PropertyValueSpecification\",\"valueRequired\":true,\"valueName\":\"search_term_string\"}}],\"inLanguage\":\"de\"},{\"@type\":\"Organization\",\"@id\":\"https:\\\/\\\/www.niupack.com\\\/de\\\/#organization\",\"name\":\"Niupack\",\"url\":\"https:\\\/\\\/www.niupack.com\\\/de\\\/\",\"logo\":{\"@type\":\"ImageObject\",\"inLanguage\":\"de\",\"@id\":\"https:\\\/\\\/www.niupack.com\\\/de\\\/#\\\/schema\\\/logo\\\/image\\\/\",\"url\":\"https:\\\/\\\/www.niupack.com\\\/wp-content\\\/uploads\\\/2023\\\/05\\\/Grupo-11931.png\",\"contentUrl\":\"https:\\\/\\\/www.niupack.com\\\/wp-content\\\/uploads\\\/2023\\\/05\\\/Grupo-11931.png\",\"width\":326,\"height\":78,\"caption\":\"Niupack\"},\"image\":{\"@id\":\"https:\\\/\\\/www.niupack.com\\\/de\\\/#\\\/schema\\\/logo\\\/image\\\/\"}}]}<\/script>\n<!-- \/ Yoast SEO plugin. -->","yoast_head_json":{"title":"\u00dcber uns - Niupack","description":"Wir sind ein Unternehmen mit mehr als 30 Jahren Erfahrung auf dem Markt f\u00fcr Verpackungen zum Schutz von Waren w\u00e4hrend des Transports.","robots":{"index":"index","follow":"follow","max-snippet":"max-snippet:-1","max-image-preview":"max-image-preview:large","max-video-preview":"max-video-preview:-1"},"canonical":"https:\/\/www.niupack.com\/de\/uber-uns\/","og_locale":"de_DE","og_type":"article","og_title":"\u00dcber uns - Niupack","og_description":"Wir sind ein Unternehmen mit mehr als 30 Jahren Erfahrung auf dem Markt f\u00fcr Verpackungen zum Schutz von Waren w\u00e4hrend des Transports.","og_url":"https:\/\/www.niupack.com\/de\/uber-uns\/","og_site_name":"Niupack","article_modified_time":"2026-01-26T14:14:49+00:00","twitter_card":"summary_large_image","twitter_misc":{"Gesch\u00e4tzte Lesezeit":"2\u00a0Minuten"},"schema":{"@context":"https:\/\/schema.org","@graph":[{"@type":"WebPage","@id":"https:\/\/www.niupack.com\/de\/uber-uns\/","url":"https:\/\/www.niupack.com\/de\/uber-uns\/","name":"\u00dcber uns - Niupack","isPartOf":{"@id":"https:\/\/www.niupack.com\/de\/#website"},"datePublished":"2023-05-29T08:57:24+00:00","dateModified":"2026-01-26T14:14:49+00:00","description":"Wir sind ein Unternehmen mit mehr als 30 Jahren Erfahrung auf dem Markt f\u00fcr Verpackungen zum Schutz von Waren w\u00e4hrend des Transports.","breadcrumb":{"@id":"https:\/\/www.niupack.com\/de\/uber-uns\/#breadcrumb"},"inLanguage":"de","potentialAction":[{"@type":"ReadAction","target":["https:\/\/www.niupack.com\/de\/uber-uns\/"]}]},{"@type":"BreadcrumbList","@id":"https:\/\/www.niupack.com\/de\/uber-uns\/#breadcrumb","itemListElement":[{"@type":"ListItem","position":1,"name":"Portada","item":"https:\/\/www.niupack.com\/de\/"},{"@type":"ListItem","position":2,"name":"\u00dcber uns"}]},{"@type":"WebSite","@id":"https:\/\/www.niupack.com\/de\/#website","url":"https:\/\/www.niupack.com\/de\/","name":"Niupack","description":"Sistema ecol\u00f3gico para la protecci\u00f3n de mercanc\u00edas","publisher":{"@id":"https:\/\/www.niupack.com\/de\/#organization"},"potentialAction":[{"@type":"SearchAction","target":{"@type":"EntryPoint","urlTemplate":"https:\/\/www.niupack.com\/de\/?s={search_term_string}"},"query-input":{"@type":"PropertyValueSpecification","valueRequired":true,"valueName":"search_term_string"}}],"inLanguage":"de"},{"@type":"Organization","@id":"https:\/\/www.niupack.com\/de\/#organization","name":"Niupack","url":"https:\/\/www.niupack.com\/de\/","logo":{"@type":"ImageObject","inLanguage":"de","@id":"https:\/\/www.niupack.com\/de\/#\/schema\/logo\/image\/","url":"https:\/\/www.niupack.com\/wp-content\/uploads\/2023\/05\/Grupo-11931.png","contentUrl":"https:\/\/www.niupack.com\/wp-content\/uploads\/2023\/05\/Grupo-11931.png","width":326,"height":78,"caption":"Niupack"},"image":{"@id":"https:\/\/www.niupack.com\/de\/#\/schema\/logo\/image\/"}}]}},"_links":{"self":[{"href":"https:\/\/www.niupack.com\/de\/wp-json\/wp\/v2\/pages\/4108","targetHints":{"allow":["GET"]}}],"collection":[{"href":"https:\/\/www.niupack.com\/de\/wp-json\/wp\/v2\/pages"}],"about":[{"href":"https:\/\/www.niupack.com\/de\/wp-json\/wp\/v2\/types\/page"}],"author":[{"embeddable":true,"href":"https:\/\/www.niupack.com\/de\/wp-json\/wp\/v2\/users\/1"}],"replies":[{"embeddable":true,"href":"https:\/\/www.niupack.com\/de\/wp-json\/wp\/v2\/comments?post=4108"}],"version-history":[{"count":17,"href":"https:\/\/www.niupack.com\/de\/wp-json\/wp\/v2\/pages\/4108\/revisions"}],"predecessor-version":[{"id":44265,"href":"https:\/\/www.niupack.com\/de\/wp-json\/wp\/v2\/pages\/4108\/revisions\/44265"}],"wp:attachment":[{"href":"https:\/\/www.niupack.com\/de\/wp-json\/wp\/v2\/media?parent=4108"}],"curies":[{"name":"wp","href":"https:\/\/api.w.org\/{rel}","templated":true}]}}