{"id":2489,"date":"2023-05-29T10:22:40","date_gmt":"2023-05-29T10:22:40","guid":{"rendered":"https:\/\/albajunyent.com\/demos\/niupack\/cookies\/"},"modified":"2025-04-02T16:03:23","modified_gmt":"2025-04-02T16:03:23","slug":"cookies","status":"publish","type":"page","link":"https:\/\/www.niupack.com\/en\/cookies\/","title":{"rendered":"Cookies"},"content":{"rendered":"\t\t<div data-elementor-type=\"wp-page\" data-elementor-id=\"2489\" class=\"elementor elementor-2489 elementor-129\" data-elementor-post-type=\"page\">\n\t\t\t\t\t\t<section class=\"elementor-section elementor-top-section elementor-element elementor-element-1180eb12 elementor-section-boxed elementor-section-height-default elementor-section-height-default\" data-id=\"1180eb12\" data-element_type=\"section\" data-e-type=\"section\" data-settings=\"{&quot;background_background&quot;:&quot;classic&quot;}\">\n\t\t\t\t\t\t<div class=\"elementor-container elementor-column-gap-default\">\n\t\t\t\t\t<div class=\"elementor-column elementor-col-50 elementor-top-column elementor-element elementor-element-2905da30\" data-id=\"2905da30\" data-element_type=\"column\" data-e-type=\"column\">\n\t\t\t<div class=\"elementor-widget-wrap elementor-element-populated\">\n\t\t\t\t\t\t<div class=\"elementor-element elementor-element-691e41f8 elementor-widget elementor-widget-spacer\" data-id=\"691e41f8\" data-element_type=\"widget\" data-e-type=\"widget\" data-widget_type=\"spacer.default\">\n\t\t\t\t<div class=\"elementor-widget-container\">\n\t\t\t\t\t\t\t<div class=\"elementor-spacer\">\n\t\t\t<div class=\"elementor-spacer-inner\"><\/div>\n\t\t<\/div>\n\t\t\t\t\t\t<\/div>\n\t\t\t\t<\/div>\n\t\t\t\t<div class=\"elementor-element elementor-element-7a92c5cf elementor-widget elementor-widget-text-editor\" data-id=\"7a92c5cf\" data-element_type=\"widget\" data-e-type=\"widget\" data-widget_type=\"text-editor.default\">\n\t\t\t\t<div class=\"elementor-widget-container\">\n\t\t\t\t\t\t\t\t\t<p>Home \/ cookies<\/p>\n\t\t\t\t\t\t\t\t<\/div>\n\t\t\t\t<\/div>\n\t\t\t\t<div class=\"elementor-element elementor-element-60d97694 elementor-widget elementor-widget-text-editor\" data-id=\"60d97694\" data-element_type=\"widget\" data-e-type=\"widget\" data-widget_type=\"text-editor.default\">\n\t\t\t\t<div class=\"elementor-widget-container\">\n\t\t\t\t\t\t\t\t\t<p><span class=\"tgroc3\">Cookies<\/span><\/p>\n\t\t\t\t\t\t\t\t<\/div>\n\t\t\t\t<\/div>\n\t\t\t\t<div class=\"elementor-element elementor-element-35bc5e2e elementor-widget elementor-widget-text-editor\" data-id=\"35bc5e2e\" data-element_type=\"widget\" data-e-type=\"widget\" data-widget_type=\"text-editor.default\">\n\t\t\t\t<div class=\"elementor-widget-container\">\n\t\t\t\t\t\t\t\t\t<p>VOIDFILLER<\/p>\n\t\t\t\t\t\t\t\t<\/div>\n\t\t\t\t<\/div>\n\t\t\t\t<div class=\"elementor-element elementor-element-61447f41 elementor-widget elementor-widget-spacer\" data-id=\"61447f41\" data-element_type=\"widget\" data-e-type=\"widget\" data-widget_type=\"spacer.default\">\n\t\t\t\t<div class=\"elementor-widget-container\">\n\t\t\t\t\t\t\t<div class=\"elementor-spacer\">\n\t\t\t<div class=\"elementor-spacer-inner\"><\/div>\n\t\t<\/div>\n\t\t\t\t\t\t<\/div>\n\t\t\t\t<\/div>\n\t\t\t\t\t<\/div>\n\t\t<\/div>\n\t\t\t\t<div class=\"elementor-column elementor-col-50 elementor-top-column elementor-element elementor-element-43d500bb\" data-id=\"43d500bb\" data-element_type=\"column\" data-e-type=\"column\">\n\t\t\t<div class=\"elementor-widget-wrap\">\n\t\t\t\t\t\t\t<\/div>\n\t\t<\/div>\n\t\t\t\t\t<\/div>\n\t\t<\/section>\n\t\t\t\t<section class=\"elementor-section elementor-top-section elementor-element elementor-element-61ee1162 elementor-section-boxed elementor-section-height-default elementor-section-height-default\" data-id=\"61ee1162\" data-element_type=\"section\" data-e-type=\"section\" data-settings=\"{&quot;background_background&quot;:&quot;classic&quot;}\">\n\t\t\t\t\t\t<div class=\"elementor-container elementor-column-gap-default\">\n\t\t\t\t\t<div class=\"elementor-column elementor-col-50 elementor-top-column elementor-element elementor-element-7ed91bbd\" data-id=\"7ed91bbd\" data-element_type=\"column\" data-e-type=\"column\">\n\t\t\t<div class=\"elementor-widget-wrap elementor-element-populated\">\n\t\t\t\t\t\t<div class=\"elementor-element elementor-element-66244bfe elementor-widget elementor-widget-spacer\" data-id=\"66244bfe\" data-element_type=\"widget\" data-e-type=\"widget\" data-widget_type=\"spacer.default\">\n\t\t\t\t<div class=\"elementor-widget-container\">\n\t\t\t\t\t\t\t<div class=\"elementor-spacer\">\n\t\t\t<div class=\"elementor-spacer-inner\"><\/div>\n\t\t<\/div>\n\t\t\t\t\t\t<\/div>\n\t\t\t\t<\/div>\n\t\t\t\t\t<\/div>\n\t\t<\/div>\n\t\t\t\t<div class=\"elementor-column elementor-col-50 elementor-top-column elementor-element elementor-element-3d206f7\" data-id=\"3d206f7\" data-element_type=\"column\" data-e-type=\"column\">\n\t\t\t<div class=\"elementor-widget-wrap\">\n\t\t\t\t\t\t\t<\/div>\n\t\t<\/div>\n\t\t\t\t\t<\/div>\n\t\t<\/section>\n\t\t\t\t<section class=\"elementor-section elementor-top-section elementor-element elementor-element-114bed92 elementor-section-boxed elementor-section-height-default elementor-section-height-default\" data-id=\"114bed92\" data-element_type=\"section\" data-e-type=\"section\">\n\t\t\t\t\t\t<div class=\"elementor-container elementor-column-gap-default\">\n\t\t\t\t\t<div class=\"elementor-column elementor-col-100 elementor-top-column elementor-element elementor-element-7903c902\" data-id=\"7903c902\" data-element_type=\"column\" data-e-type=\"column\">\n\t\t\t<div class=\"elementor-widget-wrap elementor-element-populated\">\n\t\t\t\t\t\t<section class=\"elementor-section elementor-inner-section elementor-element elementor-element-4a907c23 elementor-section-boxed elementor-section-height-default elementor-section-height-default\" data-id=\"4a907c23\" data-element_type=\"section\" data-e-type=\"section\" data-settings=\"{&quot;background_background&quot;:&quot;classic&quot;}\">\n\t\t\t\t\t\t<div class=\"elementor-container elementor-column-gap-default\">\n\t\t\t\t\t<div class=\"elementor-column elementor-col-100 elementor-inner-column elementor-element elementor-element-5dc6c627\" data-id=\"5dc6c627\" data-element_type=\"column\" data-e-type=\"column\">\n\t\t\t<div class=\"elementor-widget-wrap elementor-element-populated\">\n\t\t\t\t\t\t<div class=\"elementor-element elementor-element-647befa7 elementor-widget elementor-widget-text-editor\" data-id=\"647befa7\" data-element_type=\"widget\" data-e-type=\"widget\" data-widget_type=\"text-editor.default\">\n\t\t\t\t<div class=\"elementor-widget-container\">\n\t\t\t\t\t\t\t\t\t<p><strong>Information about cookies<\/strong><\/p>\n<p>Due to the entry into force of the modification of the &#8220;Ley de Servicios de la Sociedad de la Informaci\u00f3n&#8221; (LSSICE) established by Royal Decree 13\/2012, it is mandatory to obtain the express consent of the user of all Web pages that use expendable cookies, before it navigates through them.<\/p>\n<p><strong>What are cookies?<\/strong><\/p>\n<p>Cookies and other similar technologies such as local shared objects, flash cookies or pixels, are tools used by Web servers to store and retrieve information about their visitors, as well as to offer a correct functioning of the site. Through the use of these devices, the Web server is allowed to remember some data concerning the user, such as their preferences for viewing the pages of that server, name and password, products that interest them the most, etc. <\/p>\n<p><strong>Cookies accepted by the regulations and excepted cookies<\/strong><\/p>\n<p>According to the EU directive, the cookies that require the informed consent of the user are analytical cookies and advertising and affiliation cookies, excepting those of a technical nature and those necessary for the operation of the website or the provision of services. expressly requested by the user.<\/p>\n<p><strong>MANAGE COOKIES FOR THIS WEBSITE<\/strong><\/p>\n<form id=\"formulcontcookies2\" class=\"wpcf7\" action=\"https:\/\/www.j2servid.com\/index.php\" method=\"Post\" name=\"formulcontcookies2\">\n<p><input id=\"cookiesnecesarias2\" checked disabled name=\"cookiesnecesarias2\" type=\"checkbox\" value=\"1\">&nbsp;Necessary <input id=\"cookiesmapas2\" name=\"cookiesmapas2\" type=\"checkbox\" value=\"1\"> Contact map <input id=\"cookiesanalytics2\" name=\"cookiesanalytics2\" type=\"checkbox\" value=\"1\"> Statistics <input id=\"cookieshubspot2\" name=\"cookieshubspot2\" type=\"checkbox\" value=\"1\"> Zoho<\/p>\n<p><a class=\"btn-medium empty\"><b>Validate<\/b><\/a><\/p>\n<\/form>\n<p><strong>Information about the cookies used.<\/strong><\/p>\n<p>We inform you that cookies are used on this website for the purpose of executing electronic communications typical of browsing, as well as for the purpose of providing or enabling the services or functionalities requested by you. These cookies:<\/p>\n<ul>\n<li>They remember the indicated language preference.<\/li>\n<li>They increase the security of navigation on our website.<\/li>\n<li>They allow navigation to be done more easily.<\/li>\n<li>They enable the reproduction of multimedia content.<\/li>\n<\/ul>\n<p>This website also uses its own cookies, designed to collect information on user navigation on the site, in a totally anonymous and dissociated way, for strictly statistical purposes and to improve its functionality, the use of which allows us to:<\/p>\n<ul>\n<li>To know the number of visitors to the portal of &#8220;<span style=\"caret-color: rgb(0, 0, 0); font-family: Aptos, sans-serif; font-size: 14.6667px; text-size-adjust: auto;\">Forankra Espa\u00f1a, SLU<\/span>&#8220;.<\/li>\n<li>Count the number of visits to each of the different pages of this portal<\/li>\n<li>Know the activity in the portal to identify problems and improvements in navigation<\/li>\n<\/ul>\n<p>You can deactivate the use of cookies at any time by modifying the configuration parameters of your browser:<\/p>\n<p>For <a href=\"http:\/\/windows.microsoft.com\/es-es\/windows-vista\/block-or-allow-cookies\" target=\"_blank\" rel=\"noopener\">Internet Explorer Cookie Settings<\/a><br>For <a href=\"http:\/\/support.mozilla.org\/es\/kb\/habilitar-y-deshabilitar-cookies-que-los-sitios-we\" target=\"_blank\" rel=\"noopener\">Firefox Cookie Settings<\/a><br>For <a href=\"http:\/\/support.google.com\/chrome\/bin\/answer.py?hl=es&amp;answer=95647\" target=\"_blank\" rel=\"noopener\">Google Chrome Cookie Settings<\/a><br>For <a href=\"http:\/\/support.apple.com\/kb\/HT1677?viewlocale=es_ES&amp;locale=es_ES\" target=\"_blank\" rel=\"noopener\">Safari Cookie Settings<\/a><\/p>\t\t\t\t\t\t\t\t<\/div>\n\t\t\t\t<\/div>\n\t\t\t\t\t<\/div>\n\t\t<\/div>\n\t\t\t\t\t<\/div>\n\t\t<\/section>\n\t\t\t\t\t<\/div>\n\t\t<\/div>\n\t\t\t\t\t<\/div>\n\t\t<\/section>\n\t\t\t\t<\/div>\n\t\t","protected":false},"excerpt":{"rendered":"<p>Home \/ cookies Cookies VOIDFILLER Information about cookies Due to the entry into force of the modification of the &#8220;Ley de Servicios de la Sociedad de la Informaci\u00f3n&#8221; (LSSICE) established by Royal Decree 13\/2012, it is mandatory to obtain the express consent of the user of all Web pages that use expendable cookies, before it [&hellip;]<\/p>\n","protected":false},"author":1,"featured_media":0,"parent":0,"menu_order":0,"comment_status":"closed","ping_status":"closed","template":"","meta":{"inline_featured_image":false,"footnotes":""},"class_list":["post-2489","page","type-page","status-publish","hentry"],"yoast_head":"<!-- This site is optimized with the Yoast SEO plugin v27.3 - https:\/\/yoast.com\/product\/yoast-seo-wordpress\/ -->\n<title>Cookies - Niupack<\/title>\n<meta name=\"robots\" content=\"noindex, follow\" \/>\n<meta property=\"og:locale\" content=\"en_US\" \/>\n<meta property=\"og:type\" content=\"article\" \/>\n<meta property=\"og:title\" content=\"Cookies - Niupack\" \/>\n<meta property=\"og:description\" content=\"Home \/ cookies Cookies VOIDFILLER Information about cookies Due to the entry into force of the modification of the &#8220;Ley de Servicios de la Sociedad de la Informaci\u00f3n&#8221; (LSSICE) established by Royal Decree 13\/2012, it is mandatory to obtain the express consent of the user of all Web pages that use expendable cookies, before it [&hellip;]\" \/>\n<meta property=\"og:url\" content=\"https:\/\/www.niupack.com\/en\/cookies\/\" \/>\n<meta property=\"og:site_name\" content=\"Niupack\" \/>\n<meta property=\"article:modified_time\" content=\"2025-04-02T16:03:23+00:00\" \/>\n<meta name=\"twitter:card\" content=\"summary_large_image\" \/>\n<meta name=\"twitter:label1\" content=\"Est. reading time\" \/>\n\t<meta name=\"twitter:data1\" content=\"2 minutes\" \/>\n<script type=\"application\/ld+json\" class=\"yoast-schema-graph\">{\"@context\":\"https:\\\/\\\/schema.org\",\"@graph\":[{\"@type\":\"WebPage\",\"@id\":\"https:\\\/\\\/www.niupack.com\\\/en\\\/cookies\\\/\",\"url\":\"https:\\\/\\\/www.niupack.com\\\/en\\\/cookies\\\/\",\"name\":\"Cookies - Niupack\",\"isPartOf\":{\"@id\":\"https:\\\/\\\/www.niupack.com\\\/en\\\/#website\"},\"datePublished\":\"2023-05-29T10:22:40+00:00\",\"dateModified\":\"2025-04-02T16:03:23+00:00\",\"breadcrumb\":{\"@id\":\"https:\\\/\\\/www.niupack.com\\\/en\\\/cookies\\\/#breadcrumb\"},\"inLanguage\":\"en-US\",\"potentialAction\":[{\"@type\":\"ReadAction\",\"target\":[\"https:\\\/\\\/www.niupack.com\\\/en\\\/cookies\\\/\"]}]},{\"@type\":\"BreadcrumbList\",\"@id\":\"https:\\\/\\\/www.niupack.com\\\/en\\\/cookies\\\/#breadcrumb\",\"itemListElement\":[{\"@type\":\"ListItem\",\"position\":1,\"name\":\"Portada\",\"item\":\"https:\\\/\\\/www.niupack.com\\\/en\\\/\"},{\"@type\":\"ListItem\",\"position\":2,\"name\":\"Cookies\"}]},{\"@type\":\"WebSite\",\"@id\":\"https:\\\/\\\/www.niupack.com\\\/en\\\/#website\",\"url\":\"https:\\\/\\\/www.niupack.com\\\/en\\\/\",\"name\":\"Niupack\",\"description\":\"Sistema ecol\u00f3gico para la protecci\u00f3n de mercanc\u00edas\",\"publisher\":{\"@id\":\"https:\\\/\\\/www.niupack.com\\\/en\\\/#organization\"},\"potentialAction\":[{\"@type\":\"SearchAction\",\"target\":{\"@type\":\"EntryPoint\",\"urlTemplate\":\"https:\\\/\\\/www.niupack.com\\\/en\\\/?s={search_term_string}\"},\"query-input\":{\"@type\":\"PropertyValueSpecification\",\"valueRequired\":true,\"valueName\":\"search_term_string\"}}],\"inLanguage\":\"en-US\"},{\"@type\":\"Organization\",\"@id\":\"https:\\\/\\\/www.niupack.com\\\/en\\\/#organization\",\"name\":\"Niupack\",\"url\":\"https:\\\/\\\/www.niupack.com\\\/en\\\/\",\"logo\":{\"@type\":\"ImageObject\",\"inLanguage\":\"en-US\",\"@id\":\"https:\\\/\\\/www.niupack.com\\\/en\\\/#\\\/schema\\\/logo\\\/image\\\/\",\"url\":\"https:\\\/\\\/www.niupack.com\\\/wp-content\\\/uploads\\\/2023\\\/05\\\/Grupo-11931.png\",\"contentUrl\":\"https:\\\/\\\/www.niupack.com\\\/wp-content\\\/uploads\\\/2023\\\/05\\\/Grupo-11931.png\",\"width\":326,\"height\":78,\"caption\":\"Niupack\"},\"image\":{\"@id\":\"https:\\\/\\\/www.niupack.com\\\/en\\\/#\\\/schema\\\/logo\\\/image\\\/\"}}]}<\/script>\n<!-- \/ Yoast SEO plugin. -->","yoast_head_json":{"title":"Cookies - Niupack","robots":{"index":"noindex","follow":"follow"},"og_locale":"en_US","og_type":"article","og_title":"Cookies - Niupack","og_description":"Home \/ cookies Cookies VOIDFILLER Information about cookies Due to the entry into force of the modification of the &#8220;Ley de Servicios de la Sociedad de la Informaci\u00f3n&#8221; (LSSICE) established by Royal Decree 13\/2012, it is mandatory to obtain the express consent of the user of all Web pages that use expendable cookies, before it [&hellip;]","og_url":"https:\/\/www.niupack.com\/en\/cookies\/","og_site_name":"Niupack","article_modified_time":"2025-04-02T16:03:23+00:00","twitter_card":"summary_large_image","twitter_misc":{"Est. reading time":"2 minutes"},"schema":{"@context":"https:\/\/schema.org","@graph":[{"@type":"WebPage","@id":"https:\/\/www.niupack.com\/en\/cookies\/","url":"https:\/\/www.niupack.com\/en\/cookies\/","name":"Cookies - Niupack","isPartOf":{"@id":"https:\/\/www.niupack.com\/en\/#website"},"datePublished":"2023-05-29T10:22:40+00:00","dateModified":"2025-04-02T16:03:23+00:00","breadcrumb":{"@id":"https:\/\/www.niupack.com\/en\/cookies\/#breadcrumb"},"inLanguage":"en-US","potentialAction":[{"@type":"ReadAction","target":["https:\/\/www.niupack.com\/en\/cookies\/"]}]},{"@type":"BreadcrumbList","@id":"https:\/\/www.niupack.com\/en\/cookies\/#breadcrumb","itemListElement":[{"@type":"ListItem","position":1,"name":"Portada","item":"https:\/\/www.niupack.com\/en\/"},{"@type":"ListItem","position":2,"name":"Cookies"}]},{"@type":"WebSite","@id":"https:\/\/www.niupack.com\/en\/#website","url":"https:\/\/www.niupack.com\/en\/","name":"Niupack","description":"Sistema ecol\u00f3gico para la protecci\u00f3n de mercanc\u00edas","publisher":{"@id":"https:\/\/www.niupack.com\/en\/#organization"},"potentialAction":[{"@type":"SearchAction","target":{"@type":"EntryPoint","urlTemplate":"https:\/\/www.niupack.com\/en\/?s={search_term_string}"},"query-input":{"@type":"PropertyValueSpecification","valueRequired":true,"valueName":"search_term_string"}}],"inLanguage":"en-US"},{"@type":"Organization","@id":"https:\/\/www.niupack.com\/en\/#organization","name":"Niupack","url":"https:\/\/www.niupack.com\/en\/","logo":{"@type":"ImageObject","inLanguage":"en-US","@id":"https:\/\/www.niupack.com\/en\/#\/schema\/logo\/image\/","url":"https:\/\/www.niupack.com\/wp-content\/uploads\/2023\/05\/Grupo-11931.png","contentUrl":"https:\/\/www.niupack.com\/wp-content\/uploads\/2023\/05\/Grupo-11931.png","width":326,"height":78,"caption":"Niupack"},"image":{"@id":"https:\/\/www.niupack.com\/en\/#\/schema\/logo\/image\/"}}]}},"_links":{"self":[{"href":"https:\/\/www.niupack.com\/en\/wp-json\/wp\/v2\/pages\/2489","targetHints":{"allow":["GET"]}}],"collection":[{"href":"https:\/\/www.niupack.com\/en\/wp-json\/wp\/v2\/pages"}],"about":[{"href":"https:\/\/www.niupack.com\/en\/wp-json\/wp\/v2\/types\/page"}],"author":[{"embeddable":true,"href":"https:\/\/www.niupack.com\/en\/wp-json\/wp\/v2\/users\/1"}],"replies":[{"embeddable":true,"href":"https:\/\/www.niupack.com\/en\/wp-json\/wp\/v2\/comments?post=2489"}],"version-history":[{"count":4,"href":"https:\/\/www.niupack.com\/en\/wp-json\/wp\/v2\/pages\/2489\/revisions"}],"predecessor-version":[{"id":12544,"href":"https:\/\/www.niupack.com\/en\/wp-json\/wp\/v2\/pages\/2489\/revisions\/12544"}],"wp:attachment":[{"href":"https:\/\/www.niupack.com\/en\/wp-json\/wp\/v2\/media?parent=2489"}],"curies":[{"name":"wp","href":"https:\/\/api.w.org\/{rel}","templated":true}]}}