{"id":2491,"date":"2023-05-29T10:22:30","date_gmt":"2023-05-29T10:22:30","guid":{"rendered":"https:\/\/albajunyent.com\/demos\/niupack\/privacity\/"},"modified":"2025-04-03T07:51:45","modified_gmt":"2025-04-03T07:51:45","slug":"privacity","status":"publish","type":"page","link":"https:\/\/www.niupack.com\/en\/privacity\/","title":{"rendered":"Privacity"},"content":{"rendered":"\t\t<div data-elementor-type=\"wp-page\" data-elementor-id=\"2491\" class=\"elementor elementor-2491 elementor-127\" data-elementor-post-type=\"page\">\n\t\t\t\t\t\t<section class=\"elementor-section elementor-top-section elementor-element elementor-element-2a590d22 elementor-section-boxed elementor-section-height-default elementor-section-height-default\" data-id=\"2a590d22\" data-element_type=\"section\" data-e-type=\"section\" data-settings=\"{&quot;background_background&quot;:&quot;classic&quot;}\">\n\t\t\t\t\t\t<div class=\"elementor-container elementor-column-gap-default\">\n\t\t\t\t\t<div class=\"elementor-column elementor-col-50 elementor-top-column elementor-element elementor-element-4c4599d6\" data-id=\"4c4599d6\" data-element_type=\"column\" data-e-type=\"column\">\n\t\t\t<div class=\"elementor-widget-wrap elementor-element-populated\">\n\t\t\t\t\t\t<div class=\"elementor-element elementor-element-794afce4 elementor-widget elementor-widget-spacer\" data-id=\"794afce4\" data-element_type=\"widget\" data-e-type=\"widget\" data-widget_type=\"spacer.default\">\n\t\t\t\t<div class=\"elementor-widget-container\">\n\t\t\t\t\t\t\t<div class=\"elementor-spacer\">\n\t\t\t<div class=\"elementor-spacer-inner\"><\/div>\n\t\t<\/div>\n\t\t\t\t\t\t<\/div>\n\t\t\t\t<\/div>\n\t\t\t\t<div class=\"elementor-element elementor-element-6f74d1ce elementor-widget elementor-widget-text-editor\" data-id=\"6f74d1ce\" data-element_type=\"widget\" data-e-type=\"widget\" data-widget_type=\"text-editor.default\">\n\t\t\t\t<div class=\"elementor-widget-container\">\n\t\t\t\t\t\t\t\t\t<p>Home \/ privacity<\/p>\n\t\t\t\t\t\t\t\t<\/div>\n\t\t\t\t<\/div>\n\t\t\t\t<div class=\"elementor-element elementor-element-4633e42c elementor-widget elementor-widget-text-editor\" data-id=\"4633e42c\" data-element_type=\"widget\" data-e-type=\"widget\" data-widget_type=\"text-editor.default\">\n\t\t\t\t<div class=\"elementor-widget-container\">\n\t\t\t\t\t\t\t\t\t<p><span class=\"tgroc3\">Privacity<\/span><\/p>\n\t\t\t\t\t\t\t\t<\/div>\n\t\t\t\t<\/div>\n\t\t\t\t<div class=\"elementor-element elementor-element-13c46820 elementor-widget elementor-widget-text-editor\" data-id=\"13c46820\" data-element_type=\"widget\" data-e-type=\"widget\" data-widget_type=\"text-editor.default\">\n\t\t\t\t<div class=\"elementor-widget-container\">\n\t\t\t\t\t\t\t\t\t<p>VOIDFILLER<\/p>\n\t\t\t\t\t\t\t\t<\/div>\n\t\t\t\t<\/div>\n\t\t\t\t<div class=\"elementor-element elementor-element-2aa9945b elementor-widget elementor-widget-spacer\" data-id=\"2aa9945b\" data-element_type=\"widget\" data-e-type=\"widget\" data-widget_type=\"spacer.default\">\n\t\t\t\t<div class=\"elementor-widget-container\">\n\t\t\t\t\t\t\t<div class=\"elementor-spacer\">\n\t\t\t<div class=\"elementor-spacer-inner\"><\/div>\n\t\t<\/div>\n\t\t\t\t\t\t<\/div>\n\t\t\t\t<\/div>\n\t\t\t\t\t<\/div>\n\t\t<\/div>\n\t\t\t\t<div class=\"elementor-column elementor-col-50 elementor-top-column elementor-element elementor-element-78018319\" data-id=\"78018319\" data-element_type=\"column\" data-e-type=\"column\">\n\t\t\t<div class=\"elementor-widget-wrap\">\n\t\t\t\t\t\t\t<\/div>\n\t\t<\/div>\n\t\t\t\t\t<\/div>\n\t\t<\/section>\n\t\t\t\t<section class=\"elementor-section elementor-top-section elementor-element elementor-element-41103147 elementor-section-boxed elementor-section-height-default elementor-section-height-default\" data-id=\"41103147\" data-element_type=\"section\" data-e-type=\"section\" data-settings=\"{&quot;background_background&quot;:&quot;classic&quot;}\">\n\t\t\t\t\t\t<div class=\"elementor-container elementor-column-gap-default\">\n\t\t\t\t\t<div class=\"elementor-column elementor-col-50 elementor-top-column elementor-element elementor-element-28bd810a\" data-id=\"28bd810a\" data-element_type=\"column\" data-e-type=\"column\">\n\t\t\t<div class=\"elementor-widget-wrap elementor-element-populated\">\n\t\t\t\t\t\t<div class=\"elementor-element elementor-element-6d8d309a elementor-widget elementor-widget-spacer\" data-id=\"6d8d309a\" data-element_type=\"widget\" data-e-type=\"widget\" data-widget_type=\"spacer.default\">\n\t\t\t\t<div class=\"elementor-widget-container\">\n\t\t\t\t\t\t\t<div class=\"elementor-spacer\">\n\t\t\t<div class=\"elementor-spacer-inner\"><\/div>\n\t\t<\/div>\n\t\t\t\t\t\t<\/div>\n\t\t\t\t<\/div>\n\t\t\t\t\t<\/div>\n\t\t<\/div>\n\t\t\t\t<div class=\"elementor-column elementor-col-50 elementor-top-column elementor-element elementor-element-6407b57f\" data-id=\"6407b57f\" data-element_type=\"column\" data-e-type=\"column\">\n\t\t\t<div class=\"elementor-widget-wrap\">\n\t\t\t\t\t\t\t<\/div>\n\t\t<\/div>\n\t\t\t\t\t<\/div>\n\t\t<\/section>\n\t\t\t\t<section class=\"elementor-section elementor-top-section elementor-element elementor-element-71355567 elementor-section-boxed elementor-section-height-default elementor-section-height-default\" data-id=\"71355567\" data-element_type=\"section\" data-e-type=\"section\">\n\t\t\t\t\t\t<div class=\"elementor-container elementor-column-gap-default\">\n\t\t\t\t\t<div class=\"elementor-column elementor-col-100 elementor-top-column elementor-element elementor-element-6db06da7\" data-id=\"6db06da7\" data-element_type=\"column\" data-e-type=\"column\">\n\t\t\t<div class=\"elementor-widget-wrap elementor-element-populated\">\n\t\t\t\t\t\t<section class=\"elementor-section elementor-inner-section elementor-element elementor-element-6951336d elementor-section-boxed elementor-section-height-default elementor-section-height-default\" data-id=\"6951336d\" data-element_type=\"section\" data-e-type=\"section\" data-settings=\"{&quot;background_background&quot;:&quot;classic&quot;}\">\n\t\t\t\t\t\t<div class=\"elementor-container elementor-column-gap-default\">\n\t\t\t\t\t<div class=\"elementor-column elementor-col-100 elementor-inner-column elementor-element elementor-element-67a9db08\" data-id=\"67a9db08\" data-element_type=\"column\" data-e-type=\"column\">\n\t\t\t<div class=\"elementor-widget-wrap elementor-element-populated\">\n\t\t\t\t\t\t<div class=\"elementor-element elementor-element-2ba1fbf9 elementor-widget elementor-widget-text-editor\" data-id=\"2ba1fbf9\" data-element_type=\"widget\" data-e-type=\"widget\" data-widget_type=\"text-editor.default\">\n\t\t\t\t<div class=\"elementor-widget-container\">\n\t\t\t\t\t\t\t\t\t<p class=\"p1\"><b>Who is responsible for managing your data?<\/b><\/p><p class=\"p1\"><b>Identity:<\/b>\u00a0Forankra Espa\u00f1a SLU \u2013 CIF: B60092699<br \/><b>Postal address:<\/b>\u00a0C\/ de l&#8217;Alguer 2, nave 1 A (Pol. Ind. La Creueta) 08130 &#8211; Santa Perpetua de Mogoda (Barcelona)<br \/><b>Telephone:<\/b>\u00a093.877.50.11<br \/><b>E-mail:<\/b>\u00a0marketing@forankra.es<br \/><b>Data protection representative:<\/b>\u00a0lopd@msanchez.cat<br \/><br \/><b>OBJECTIVE<\/b><br \/><b>With what objectives do we handle your data?<\/b><br \/>In Forankra Espa\u00f1a SLU, we process the information provided to us by interested parties with the aim of sending requested information as well as personalized offers about products and\/or services of interest. A business profile shall be elaborated according to the information provided. No automated decisions will be made based on that profile.<br \/><br \/><b>How long will we keep your data?<\/b>\u00a0Data retention criteria: The data will be kept as long as both parties have a mutual interest in doing so. When data is no longer necessary for that purpose, it will be suppressed with adequate security measures to guarantee the pseudonymization of the data or total destruction of the data.<br \/><br \/><b>LEGITIMATION<\/b><br \/><b>What is the legitimation for processing your data?<\/b><br \/><br \/><b>Legitimate interest:<\/b><br \/><br \/>The legal basis for the processing of your data is through the consent of the interested party, the execution of the service contract and the provision of answers to your queries received by means of the contact form or by email (according to the terms and conditions set out in our privacy policy). The prospective offer of products and services is based on the requested consent and in no case will the withdrawal of this consent affect the execution of the services contract.<br \/><br \/><b>RECIPIENTS<\/b><br \/><b>To which recipients will your data be communicated?<\/b><br \/><br \/>The data will not be communicated to any recipient, except under legal obligation.<br \/><br \/><b>RIGHTS<\/b><br \/><b>What are your rights when you provide us with your data?<\/b><br \/><br \/><b>Access<\/b>\u00a0Everyone has the right to obtain confirmation as to whether or not Forankra Espa\u00f1a SLU is processing personal data concerning them.<br \/><b>Rectification<\/b>\u00a0The interested parties have the right to request rectification of inaccurate data about them.<br \/><b>Deletion<\/b>\u00a0The interested parties can request the deletion of any personal data that is no longer needed for the objectives they were provided for.<br \/><b>Objection<\/b>\u00a0Interested parties may object to the processing of their data for the purposes of requested services of interest to them. Forankra Espa\u00f1a SLU will stop processing said data, except for compelling legitimate reasons or to exercise or defend potential claims.<br \/><b>Restriction of processing<\/b>\u00a0in certain circumstances provided for in Article 18 of the GDPR, interested parties may request the restriction of the processing of their data in the following cases:<\/p><ul class=\"ul1\"><li class=\"li1\">While accuracy of their personal data contested is being verified.<\/li><li class=\"li1\">When data processing is unlawful, but the interested party opposes the deletion of his\/her personal data.<\/li><li class=\"li1\">When Forankra Espa\u00f1a SLU no longer need the interested party\u2019s data, but the interested party needs it to submit or defend claims.<\/li><li class=\"li1\">When the interested party objects to data processing for the fulfillment of a mandate in the public interest or for the satisfaction of a legitimate interest, while we verify whether the legitimate reasons for data processing prevail over those of the interested party.<\/li><\/ul><p class=\"p1\"><br \/><b>Portability<\/b>\u00a0According to the right to portability, the interested party has the right to obtain his\/her personal data in a structured, common-use format and machine-readable format and be able to transfer it to a third party.<br \/><br \/><b>Communication channels<\/b><br \/><b>You can exercise your rights by contacting:<\/b><br \/>lopd@msanchez.cat<br \/>or<br \/>the Department of Data Protection<br \/><b>Postal address:<\/b>\u00a0C\/ de l&#8217;Alguer 2, nave 1 A (Pol. Ind. La Creueta) 08130 &#8211; Santa Perpetua de Mogoda (Barcelona)<br \/><b>Telephone:<\/b>\u00a093.877.50.11<br \/><br \/><b>How can you exercise your rights?<\/b><br \/>If you consider that Forankra Espa\u00f1a SLU has not processed your data according to the regulations, you can contact our data processing representative through the following e-mail: lopd@msanchez.cat<br \/>In order to exercise your rights, your ID or other documentation which proves your identity must be attached to your request form. Exercising your rights is free of charge.<br \/><br \/><b>What are the claim procedures?<\/b><br \/>Interested parties have the right to file a complaint with the competent Data Protection Supervisory Authority, especially when they have not obtained satisfaction in the exercise of their rights. The Supervisory Authority can be contacted through the following website: http:\/\/www.agpd.es.<\/p>\t\t\t\t\t\t\t\t<\/div>\n\t\t\t\t<\/div>\n\t\t\t\t\t<\/div>\n\t\t<\/div>\n\t\t\t\t\t<\/div>\n\t\t<\/section>\n\t\t\t\t\t<\/div>\n\t\t<\/div>\n\t\t\t\t\t<\/div>\n\t\t<\/section>\n\t\t\t\t<\/div>\n\t\t","protected":false},"excerpt":{"rendered":"<p>Home \/ privacity Privacity VOIDFILLER Who is responsible for managing your data? Identity:\u00a0Forankra Espa\u00f1a SLU \u2013 CIF: B60092699Postal address:\u00a0C\/ de l&#8217;Alguer 2, nave 1 A (Pol. Ind. La Creueta) 08130 &#8211; Santa Perpetua de Mogoda (Barcelona)Telephone:\u00a093.877.50.11E-mail:\u00a0marketing@forankra.esData protection representative:\u00a0lopd@msanchez.cat OBJECTIVEWith what objectives do we handle your data?In Forankra Espa\u00f1a SLU, we process the information provided to [&hellip;]<\/p>\n","protected":false},"author":1,"featured_media":0,"parent":0,"menu_order":0,"comment_status":"closed","ping_status":"closed","template":"","meta":{"inline_featured_image":false,"footnotes":""},"class_list":["post-2491","page","type-page","status-publish","hentry"],"yoast_head":"<!-- This site is optimized with the Yoast SEO plugin v27.3 - https:\/\/yoast.com\/product\/yoast-seo-wordpress\/ -->\n<title>Privacity - Niupack<\/title>\n<meta name=\"robots\" content=\"noindex, follow\" \/>\n<meta property=\"og:locale\" content=\"en_US\" \/>\n<meta property=\"og:type\" content=\"article\" \/>\n<meta property=\"og:title\" content=\"Privacity - Niupack\" \/>\n<meta property=\"og:description\" content=\"Home \/ privacity Privacity VOIDFILLER Who is responsible for managing your data? Identity:\u00a0Forankra Espa\u00f1a SLU \u2013 CIF: B60092699Postal address:\u00a0C\/ de l&#8217;Alguer 2, nave 1 A (Pol. Ind. La Creueta) 08130 &#8211; Santa Perpetua de Mogoda (Barcelona)Telephone:\u00a093.877.50.11E-mail:\u00a0marketing@forankra.esData protection representative:\u00a0lopd@msanchez.cat OBJECTIVEWith what objectives do we handle your data?In Forankra Espa\u00f1a SLU, we process the information provided to [&hellip;]\" \/>\n<meta property=\"og:url\" content=\"https:\/\/www.niupack.com\/en\/privacity\/\" \/>\n<meta property=\"og:site_name\" content=\"Niupack\" \/>\n<meta property=\"article:modified_time\" content=\"2025-04-03T07:51:45+00:00\" \/>\n<meta name=\"twitter:card\" content=\"summary_large_image\" \/>\n<meta name=\"twitter:label1\" content=\"Est. reading time\" \/>\n\t<meta name=\"twitter:data1\" content=\"4 minutes\" \/>\n<script type=\"application\/ld+json\" class=\"yoast-schema-graph\">{\"@context\":\"https:\\\/\\\/schema.org\",\"@graph\":[{\"@type\":\"WebPage\",\"@id\":\"https:\\\/\\\/www.niupack.com\\\/en\\\/privacity\\\/\",\"url\":\"https:\\\/\\\/www.niupack.com\\\/en\\\/privacity\\\/\",\"name\":\"Privacity - Niupack\",\"isPartOf\":{\"@id\":\"https:\\\/\\\/www.niupack.com\\\/en\\\/#website\"},\"datePublished\":\"2023-05-29T10:22:30+00:00\",\"dateModified\":\"2025-04-03T07:51:45+00:00\",\"breadcrumb\":{\"@id\":\"https:\\\/\\\/www.niupack.com\\\/en\\\/privacity\\\/#breadcrumb\"},\"inLanguage\":\"en-US\",\"potentialAction\":[{\"@type\":\"ReadAction\",\"target\":[\"https:\\\/\\\/www.niupack.com\\\/en\\\/privacity\\\/\"]}]},{\"@type\":\"BreadcrumbList\",\"@id\":\"https:\\\/\\\/www.niupack.com\\\/en\\\/privacity\\\/#breadcrumb\",\"itemListElement\":[{\"@type\":\"ListItem\",\"position\":1,\"name\":\"Portada\",\"item\":\"https:\\\/\\\/www.niupack.com\\\/en\\\/\"},{\"@type\":\"ListItem\",\"position\":2,\"name\":\"Privacity\"}]},{\"@type\":\"WebSite\",\"@id\":\"https:\\\/\\\/www.niupack.com\\\/en\\\/#website\",\"url\":\"https:\\\/\\\/www.niupack.com\\\/en\\\/\",\"name\":\"Niupack\",\"description\":\"Sistema ecol\u00f3gico para la protecci\u00f3n de mercanc\u00edas\",\"publisher\":{\"@id\":\"https:\\\/\\\/www.niupack.com\\\/en\\\/#organization\"},\"potentialAction\":[{\"@type\":\"SearchAction\",\"target\":{\"@type\":\"EntryPoint\",\"urlTemplate\":\"https:\\\/\\\/www.niupack.com\\\/en\\\/?s={search_term_string}\"},\"query-input\":{\"@type\":\"PropertyValueSpecification\",\"valueRequired\":true,\"valueName\":\"search_term_string\"}}],\"inLanguage\":\"en-US\"},{\"@type\":\"Organization\",\"@id\":\"https:\\\/\\\/www.niupack.com\\\/en\\\/#organization\",\"name\":\"Niupack\",\"url\":\"https:\\\/\\\/www.niupack.com\\\/en\\\/\",\"logo\":{\"@type\":\"ImageObject\",\"inLanguage\":\"en-US\",\"@id\":\"https:\\\/\\\/www.niupack.com\\\/en\\\/#\\\/schema\\\/logo\\\/image\\\/\",\"url\":\"https:\\\/\\\/www.niupack.com\\\/wp-content\\\/uploads\\\/2023\\\/05\\\/Grupo-11931.png\",\"contentUrl\":\"https:\\\/\\\/www.niupack.com\\\/wp-content\\\/uploads\\\/2023\\\/05\\\/Grupo-11931.png\",\"width\":326,\"height\":78,\"caption\":\"Niupack\"},\"image\":{\"@id\":\"https:\\\/\\\/www.niupack.com\\\/en\\\/#\\\/schema\\\/logo\\\/image\\\/\"}}]}<\/script>\n<!-- \/ Yoast SEO plugin. -->","yoast_head_json":{"title":"Privacity - Niupack","robots":{"index":"noindex","follow":"follow"},"og_locale":"en_US","og_type":"article","og_title":"Privacity - Niupack","og_description":"Home \/ privacity Privacity VOIDFILLER Who is responsible for managing your data? Identity:\u00a0Forankra Espa\u00f1a SLU \u2013 CIF: B60092699Postal address:\u00a0C\/ de l&#8217;Alguer 2, nave 1 A (Pol. Ind. La Creueta) 08130 &#8211; Santa Perpetua de Mogoda (Barcelona)Telephone:\u00a093.877.50.11E-mail:\u00a0marketing@forankra.esData protection representative:\u00a0lopd@msanchez.cat OBJECTIVEWith what objectives do we handle your data?In Forankra Espa\u00f1a SLU, we process the information provided to [&hellip;]","og_url":"https:\/\/www.niupack.com\/en\/privacity\/","og_site_name":"Niupack","article_modified_time":"2025-04-03T07:51:45+00:00","twitter_card":"summary_large_image","twitter_misc":{"Est. reading time":"4 minutes"},"schema":{"@context":"https:\/\/schema.org","@graph":[{"@type":"WebPage","@id":"https:\/\/www.niupack.com\/en\/privacity\/","url":"https:\/\/www.niupack.com\/en\/privacity\/","name":"Privacity - Niupack","isPartOf":{"@id":"https:\/\/www.niupack.com\/en\/#website"},"datePublished":"2023-05-29T10:22:30+00:00","dateModified":"2025-04-03T07:51:45+00:00","breadcrumb":{"@id":"https:\/\/www.niupack.com\/en\/privacity\/#breadcrumb"},"inLanguage":"en-US","potentialAction":[{"@type":"ReadAction","target":["https:\/\/www.niupack.com\/en\/privacity\/"]}]},{"@type":"BreadcrumbList","@id":"https:\/\/www.niupack.com\/en\/privacity\/#breadcrumb","itemListElement":[{"@type":"ListItem","position":1,"name":"Portada","item":"https:\/\/www.niupack.com\/en\/"},{"@type":"ListItem","position":2,"name":"Privacity"}]},{"@type":"WebSite","@id":"https:\/\/www.niupack.com\/en\/#website","url":"https:\/\/www.niupack.com\/en\/","name":"Niupack","description":"Sistema ecol\u00f3gico para la protecci\u00f3n de mercanc\u00edas","publisher":{"@id":"https:\/\/www.niupack.com\/en\/#organization"},"potentialAction":[{"@type":"SearchAction","target":{"@type":"EntryPoint","urlTemplate":"https:\/\/www.niupack.com\/en\/?s={search_term_string}"},"query-input":{"@type":"PropertyValueSpecification","valueRequired":true,"valueName":"search_term_string"}}],"inLanguage":"en-US"},{"@type":"Organization","@id":"https:\/\/www.niupack.com\/en\/#organization","name":"Niupack","url":"https:\/\/www.niupack.com\/en\/","logo":{"@type":"ImageObject","inLanguage":"en-US","@id":"https:\/\/www.niupack.com\/en\/#\/schema\/logo\/image\/","url":"https:\/\/www.niupack.com\/wp-content\/uploads\/2023\/05\/Grupo-11931.png","contentUrl":"https:\/\/www.niupack.com\/wp-content\/uploads\/2023\/05\/Grupo-11931.png","width":326,"height":78,"caption":"Niupack"},"image":{"@id":"https:\/\/www.niupack.com\/en\/#\/schema\/logo\/image\/"}}]}},"_links":{"self":[{"href":"https:\/\/www.niupack.com\/en\/wp-json\/wp\/v2\/pages\/2491","targetHints":{"allow":["GET"]}}],"collection":[{"href":"https:\/\/www.niupack.com\/en\/wp-json\/wp\/v2\/pages"}],"about":[{"href":"https:\/\/www.niupack.com\/en\/wp-json\/wp\/v2\/types\/page"}],"author":[{"embeddable":true,"href":"https:\/\/www.niupack.com\/en\/wp-json\/wp\/v2\/users\/1"}],"replies":[{"embeddable":true,"href":"https:\/\/www.niupack.com\/en\/wp-json\/wp\/v2\/comments?post=2491"}],"version-history":[{"count":6,"href":"https:\/\/www.niupack.com\/en\/wp-json\/wp\/v2\/pages\/2491\/revisions"}],"predecessor-version":[{"id":12561,"href":"https:\/\/www.niupack.com\/en\/wp-json\/wp\/v2\/pages\/2491\/revisions\/12561"}],"wp:attachment":[{"href":"https:\/\/www.niupack.com\/en\/wp-json\/wp\/v2\/media?parent=2491"}],"curies":[{"name":"wp","href":"https:\/\/api.w.org\/{rel}","templated":true}]}}