{"id":5043,"date":"2023-05-29T08:57:24","date_gmt":"2023-05-29T08:57:24","guid":{"rendered":"https:\/\/www.niupack.com\/a-propos-de-nous\/"},"modified":"2026-01-26T14:23:52","modified_gmt":"2026-01-26T14:23:52","slug":"a-propos-de-nous","status":"publish","type":"page","link":"https:\/\/www.niupack.com\/fr\/a-propos-de-nous\/","title":{"rendered":"\u00c0 propos de nous"},"content":{"rendered":"\t\t<div data-elementor-type=\"wp-page\" data-elementor-id=\"5043\" class=\"elementor elementor-5043 elementor-13\" data-elementor-post-type=\"page\">\n\t\t\t\t\t\t<section class=\"elementor-section elementor-top-section elementor-element elementor-element-6297c5fa elementor-section-boxed elementor-section-height-default elementor-section-height-default\" data-id=\"6297c5fa\" data-element_type=\"section\" data-e-type=\"section\" data-settings=\"{&quot;background_background&quot;:&quot;classic&quot;}\">\n\t\t\t\t\t\t<div class=\"elementor-container elementor-column-gap-default\">\n\t\t\t\t\t<div class=\"elementor-column elementor-col-50 elementor-top-column elementor-element elementor-element-4122676d\" data-id=\"4122676d\" data-element_type=\"column\" data-e-type=\"column\">\n\t\t\t<div class=\"elementor-widget-wrap elementor-element-populated\">\n\t\t\t\t\t\t<div class=\"elementor-element elementor-element-3ffa2e06 elementor-widget elementor-widget-spacer\" data-id=\"3ffa2e06\" data-element_type=\"widget\" data-e-type=\"widget\" data-widget_type=\"spacer.default\">\n\t\t\t\t<div class=\"elementor-widget-container\">\n\t\t\t\t\t\t\t<div class=\"elementor-spacer\">\n\t\t\t<div class=\"elementor-spacer-inner\"><\/div>\n\t\t<\/div>\n\t\t\t\t\t\t<\/div>\n\t\t\t\t<\/div>\n\t\t\t\t<div class=\"elementor-element elementor-element-314a07a1 bread elementor-widget elementor-widget-text-editor\" data-id=\"314a07a1\" data-element_type=\"widget\" data-e-type=\"widget\" data-widget_type=\"text-editor.default\">\n\t\t\t\t<div class=\"elementor-widget-container\">\n\t\t\t\t\t\t\t\t\t<p><a href=\"https:\/\/www.niupack.com\/fr\/\">Home<\/a> \/ \u00e0 propos de nous<\/p>\t\t\t\t\t\t\t\t<\/div>\n\t\t\t\t<\/div>\n\t\t\t\t<div class=\"elementor-element elementor-element-e586e86 elementor-widget elementor-widget-text-editor\" data-id=\"e586e86\" data-element_type=\"widget\" data-e-type=\"widget\" data-widget_type=\"text-editor.default\">\n\t\t\t\t<div class=\"elementor-widget-container\">\n\t\t\t\t\t\t\t\t\t<span class=\"tgroc3\">\u00c0 propos de nous<\/span>\t\t\t\t\t\t\t\t<\/div>\n\t\t\t\t<\/div>\n\t\t\t\t<div class=\"elementor-element elementor-element-2bf3e8c6 elementor-widget elementor-widget-text-editor\" data-id=\"2bf3e8c6\" data-element_type=\"widget\" data-e-type=\"widget\" data-widget_type=\"text-editor.default\">\n\t\t\t\t<div class=\"elementor-widget-container\">\n\t\t\t\t\t\t\t\t\t<p>VOIDFILLER<\/p>\t\t\t\t\t\t\t\t<\/div>\n\t\t\t\t<\/div>\n\t\t\t\t<div class=\"elementor-element elementor-element-1bc1a58d elementor-widget elementor-widget-spacer\" data-id=\"1bc1a58d\" data-element_type=\"widget\" data-e-type=\"widget\" data-widget_type=\"spacer.default\">\n\t\t\t\t<div class=\"elementor-widget-container\">\n\t\t\t\t\t\t\t<div class=\"elementor-spacer\">\n\t\t\t<div class=\"elementor-spacer-inner\"><\/div>\n\t\t<\/div>\n\t\t\t\t\t\t<\/div>\n\t\t\t\t<\/div>\n\t\t\t\t\t<\/div>\n\t\t<\/div>\n\t\t\t\t<div class=\"elementor-column elementor-col-50 elementor-top-column elementor-element elementor-element-333304a3\" data-id=\"333304a3\" data-element_type=\"column\" data-e-type=\"column\">\n\t\t\t<div class=\"elementor-widget-wrap\">\n\t\t\t\t\t\t\t<\/div>\n\t\t<\/div>\n\t\t\t\t\t<\/div>\n\t\t<\/section>\n\t\t\t\t<section class=\"elementor-section elementor-top-section elementor-element elementor-element-598843c7 elementor-section-boxed elementor-section-height-default elementor-section-height-default\" data-id=\"598843c7\" data-element_type=\"section\" data-e-type=\"section\" data-settings=\"{&quot;background_background&quot;:&quot;classic&quot;}\">\n\t\t\t\t\t\t<div class=\"elementor-container elementor-column-gap-default\">\n\t\t\t\t\t<div class=\"elementor-column elementor-col-50 elementor-top-column elementor-element elementor-element-950f593\" data-id=\"950f593\" data-element_type=\"column\" data-e-type=\"column\">\n\t\t\t<div class=\"elementor-widget-wrap elementor-element-populated\">\n\t\t\t\t\t\t<div class=\"elementor-element elementor-element-7b1887e6 elementor-widget elementor-widget-spacer\" data-id=\"7b1887e6\" data-element_type=\"widget\" data-e-type=\"widget\" data-widget_type=\"spacer.default\">\n\t\t\t\t<div class=\"elementor-widget-container\">\n\t\t\t\t\t\t\t<div class=\"elementor-spacer\">\n\t\t\t<div class=\"elementor-spacer-inner\"><\/div>\n\t\t<\/div>\n\t\t\t\t\t\t<\/div>\n\t\t\t\t<\/div>\n\t\t\t\t\t<\/div>\n\t\t<\/div>\n\t\t\t\t<div class=\"elementor-column elementor-col-50 elementor-top-column elementor-element elementor-element-6a1ae283\" data-id=\"6a1ae283\" data-element_type=\"column\" data-e-type=\"column\">\n\t\t\t<div class=\"elementor-widget-wrap\">\n\t\t\t\t\t\t\t<\/div>\n\t\t<\/div>\n\t\t\t\t\t<\/div>\n\t\t<\/section>\n\t\t\t\t<section class=\"elementor-section elementor-top-section elementor-element elementor-element-22a26275 elementor-section-boxed elementor-section-height-default elementor-section-height-default\" data-id=\"22a26275\" data-element_type=\"section\" data-e-type=\"section\">\n\t\t\t\t\t\t<div class=\"elementor-container elementor-column-gap-default\">\n\t\t\t\t\t<div class=\"elementor-column elementor-col-100 elementor-top-column elementor-element elementor-element-7e703e60\" data-id=\"7e703e60\" data-element_type=\"column\" data-e-type=\"column\">\n\t\t\t<div class=\"elementor-widget-wrap elementor-element-populated\">\n\t\t\t\t\t\t<section class=\"elementor-section elementor-inner-section elementor-element elementor-element-5d80e0f1 elementor-section-boxed elementor-section-height-default elementor-section-height-default\" data-id=\"5d80e0f1\" data-element_type=\"section\" data-e-type=\"section\" data-settings=\"{&quot;background_background&quot;:&quot;classic&quot;}\">\n\t\t\t\t\t\t<div class=\"elementor-container elementor-column-gap-default\">\n\t\t\t\t\t<div class=\"elementor-column elementor-col-100 elementor-inner-column elementor-element elementor-element-69cee1e9\" data-id=\"69cee1e9\" data-element_type=\"column\" data-e-type=\"column\">\n\t\t\t<div class=\"elementor-widget-wrap elementor-element-populated\">\n\t\t\t\t\t\t<div class=\"elementor-element elementor-element-1ec4a994 elementor-widget elementor-widget-text-editor\" data-id=\"1ec4a994\" data-element_type=\"widget\" data-e-type=\"widget\" data-widget_type=\"text-editor.default\">\n\t\t\t\t<div class=\"elementor-widget-container\">\n\t\t\t\t\t\t\t\t\tNous sommes une entreprise qui a <span class=\"groc35\">plus de 30<\/span> ans d\u2019exp\u00e9rience sur le march\u00e9 de l\u2019emballage pour la <a style=\"color: #000000;\" href=\"https:\/\/www.niupack.com\/fr\/\" target=\"_blank\" rel=\"noopener\">protection des marchandises pendant le transport.<\/a>\t\t\t\t\t\t\t\t<\/div>\n\t\t\t\t<\/div>\n\t\t\t\t<div class=\"elementor-element elementor-element-3813fb56 elementor-widget elementor-widget-text-editor\" data-id=\"3813fb56\" data-element_type=\"widget\" data-e-type=\"widget\" data-widget_type=\"text-editor.default\">\n\t\t\t\t<div class=\"elementor-widget-container\">\n\t\t\t\t\t\t\t\t\t<p>Chez J2 Servid, nous travaillons depuis plus de 30 ans \u00e0 la recherche de diff\u00e9rentes solutions en mati\u00e8re de syst\u00e8mes de protection et d\u2019arrimage du chargement pour le transport de marchandises. C\u2019est pourquoi notre objectif est la s\u00e9curit\u00e9 de vos cargaisons. <br><br>Notre philosophie est de rechercher constamment de nouvelles solutions et d\u2019innover de nouveaux produits pour prot\u00e9ger vos cargaisons. <br><br>J2 Servid propose une large gamme de solutions diff\u00e9rentes pour prot\u00e9ger vos marchandises pendant le transport, qu\u2019il soit routier, maritime, a\u00e9rien ou ferroviaire.<\/p>\t\t\t\t\t\t\t\t<\/div>\n\t\t\t\t<\/div>\n\t\t\t\t\t<\/div>\n\t\t<\/div>\n\t\t\t\t\t<\/div>\n\t\t<\/section>\n\t\t\t\t\t<\/div>\n\t\t<\/div>\n\t\t\t\t\t<\/div>\n\t\t<\/section>\n\t\t\t\t<section class=\"elementor-section elementor-top-section elementor-element elementor-element-1d0e7e46 elementor-section-boxed elementor-section-height-default elementor-section-height-default\" data-id=\"1d0e7e46\" data-element_type=\"section\" data-e-type=\"section\" data-settings=\"{&quot;background_background&quot;:&quot;classic&quot;}\">\n\t\t\t\t\t\t<div class=\"elementor-container elementor-column-gap-default\">\n\t\t\t\t\t<div class=\"elementor-column elementor-col-50 elementor-top-column elementor-element elementor-element-79aa6483\" data-id=\"79aa6483\" data-element_type=\"column\" data-e-type=\"column\">\n\t\t\t<div class=\"elementor-widget-wrap elementor-element-populated\">\n\t\t\t\t\t\t<div class=\"elementor-element elementor-element-75368ee elementor-widget elementor-widget-video\" data-id=\"75368ee\" data-element_type=\"widget\" data-e-type=\"widget\" data-settings=\"{&quot;youtube_url&quot;:&quot;https:\\\/\\\/youtu.be\\\/35Um5Ayx9vQ&quot;,&quot;video_type&quot;:&quot;youtube&quot;,&quot;controls&quot;:&quot;yes&quot;}\" data-widget_type=\"video.default\">\n\t\t\t\t<div class=\"elementor-widget-container\">\n\t\t\t\t\t\t\t<div class=\"elementor-wrapper elementor-open-inline\">\n\t\t\t<div class=\"elementor-video\"><\/div>\t\t<\/div>\n\t\t\t\t\t\t<\/div>\n\t\t\t\t<\/div>\n\t\t\t\t\t<\/div>\n\t\t<\/div>\n\t\t\t\t<div class=\"elementor-column elementor-col-50 elementor-top-column elementor-element elementor-element-255fa9a7\" data-id=\"255fa9a7\" data-element_type=\"column\" data-e-type=\"column\">\n\t\t\t<div class=\"elementor-widget-wrap elementor-element-populated\">\n\t\t\t\t\t\t<div class=\"elementor-element elementor-element-251cc3a3 elementor-widget elementor-widget-spacer\" data-id=\"251cc3a3\" data-element_type=\"widget\" data-e-type=\"widget\" data-widget_type=\"spacer.default\">\n\t\t\t\t<div class=\"elementor-widget-container\">\n\t\t\t\t\t\t\t<div class=\"elementor-spacer\">\n\t\t\t<div class=\"elementor-spacer-inner\"><\/div>\n\t\t<\/div>\n\t\t\t\t\t\t<\/div>\n\t\t\t\t<\/div>\n\t\t\t\t<div class=\"elementor-element elementor-element-6a8cf570 elementor-widget elementor-widget-text-editor\" data-id=\"6a8cf570\" data-element_type=\"widget\" data-e-type=\"widget\" data-widget_type=\"text-editor.default\">\n\t\t\t\t<div class=\"elementor-widget-container\">\n\t\t\t\t\t\t\t\t\t30 ANS D&#8217;EXP\u00c9RIENCE DANS LA PROTECTION DE MARCHANDISE\t\t\t\t\t\t\t\t<\/div>\n\t\t\t\t<\/div>\n\t\t\t\t<div class=\"elementor-element elementor-element-2d112ce7 elementor-widget elementor-widget-text-editor\" data-id=\"2d112ce7\" data-element_type=\"widget\" data-e-type=\"widget\" data-widget_type=\"text-editor.default\">\n\t\t\t\t<div class=\"elementor-widget-container\">\n\t\t\t\t\t\t\t\t\tSp\u00e9cialistes des solutions pour prot\u00e9ger votre cargaison pendant le transport\t\t\t\t\t\t\t\t<\/div>\n\t\t\t\t<\/div>\n\t\t\t\t<div class=\"elementor-element elementor-element-362fc308 elementor-align-left botom elementor-widget elementor-widget-button\" data-id=\"362fc308\" data-element_type=\"widget\" data-e-type=\"widget\" data-widget_type=\"button.default\">\n\t\t\t\t<div class=\"elementor-widget-container\">\n\t\t\t\t\t\t\t\t\t<div class=\"elementor-button-wrapper\">\n\t\t\t\t\t<a class=\"elementor-button elementor-button-link elementor-size-sm\" href=\"https:\/\/www.niupack.com\/fr\/contact\/\">\n\t\t\t\t\t\t<span class=\"elementor-button-content-wrapper\">\n\t\t\t\t\t\t<span class=\"elementor-button-icon\">\n\t\t\t\t<svg xmlns=\"http:\/\/www.w3.org\/2000\/svg\" width=\"26.863\" height=\"16.066\" viewBox=\"0 0 26.863 16.066\"><g id=\"Grupo_11939\" data-name=\"Grupo 11939\" transform=\"translate(-522.463 -2444.656)\"><line id=\"L&#xED;nea_17\" data-name=\"L&#xED;nea 17\" x2=\"26.499\" transform=\"translate(522.463 2453.25)\" fill=\"none\" stroke=\"#000\" stroke-width=\"1\"><\/line><line id=\"L&#xED;nea_18\" data-name=\"L&#xED;nea 18\" x1=\"7.806\" y1=\"8.249\" transform=\"translate(541.156 2445)\" fill=\"none\" stroke=\"#000\" stroke-width=\"1\"><\/line><line id=\"L&#xED;nea_19\" data-name=\"L&#xED;nea 19\" y1=\"7.103\" x2=\"7.806\" transform=\"translate(541.156 2453.249)\" fill=\"none\" stroke=\"#000\" stroke-width=\"1\"><\/line><\/g><\/svg>\t\t\t<\/span>\n\t\t\t\t\t\t\t\t\t<span class=\"elementor-button-text\">CONTACTEZ-NOUS<\/span>\n\t\t\t\t\t<\/span>\n\t\t\t\t\t<\/a>\n\t\t\t\t<\/div>\n\t\t\t\t\t\t\t\t<\/div>\n\t\t\t\t<\/div>\n\t\t\t\t\t<\/div>\n\t\t<\/div>\n\t\t\t\t\t<\/div>\n\t\t<\/section>\n\t\t\t\t<section class=\"elementor-section elementor-top-section elementor-element elementor-element-8d31942 elementor-section-boxed elementor-section-height-default elementor-section-height-default\" data-id=\"8d31942\" data-element_type=\"section\" data-e-type=\"section\" data-settings=\"{&quot;background_background&quot;:&quot;classic&quot;}\">\n\t\t\t\t\t\t<div class=\"elementor-container elementor-column-gap-default\">\n\t\t\t\t\t<div class=\"elementor-column elementor-col-50 elementor-top-column elementor-element elementor-element-555a8b6\" data-id=\"555a8b6\" data-element_type=\"column\" data-e-type=\"column\">\n\t\t\t<div class=\"elementor-widget-wrap elementor-element-populated\">\n\t\t\t\t\t\t<div class=\"elementor-element elementor-element-2e15595 elementor-widget elementor-widget-spacer\" data-id=\"2e15595\" data-element_type=\"widget\" data-e-type=\"widget\" data-widget_type=\"spacer.default\">\n\t\t\t\t<div class=\"elementor-widget-container\">\n\t\t\t\t\t\t\t<div class=\"elementor-spacer\">\n\t\t\t<div class=\"elementor-spacer-inner\"><\/div>\n\t\t<\/div>\n\t\t\t\t\t\t<\/div>\n\t\t\t\t<\/div>\n\t\t\t\t<div class=\"elementor-element elementor-element-96aca43 elementor-widget elementor-widget-text-editor\" data-id=\"96aca43\" data-element_type=\"widget\" data-e-type=\"widget\" data-widget_type=\"text-editor.default\">\n\t\t\t\t<div class=\"elementor-widget-container\">\n\t\t\t\t\t\t\t\t\t<span class=\"groc35\">Garantie maximale<\/span> de nos produits et pr\u00e9sence sur tout le territoire europ\u00e9en.\t\t\t\t\t\t\t\t<\/div>\n\t\t\t\t<\/div>\n\t\t\t\t<div class=\"elementor-element elementor-element-51d7ab3 elementor-widget elementor-widget-text-editor\" data-id=\"51d7ab3\" data-element_type=\"widget\" data-e-type=\"widget\" data-widget_type=\"text-editor.default\">\n\t\t\t\t<div class=\"elementor-widget-container\">\n\t\t\t\t\t\t\t\t\t<p>Tous les produits que nous fabriquons sont test\u00e9s dans un laboratoire officiel d\u2019emballage afin d\u2019obtenir la r\u00e9sistance maximale pour chaque mod\u00e8le.<\/p><p>Nous disposons de deux usines de production : l&#8217;une en Espagne (r\u00e9gion de Barcelone) et l&#8217;autre en Italie (r\u00e9gion d&#8217;Anc\u00f4ne), depuis lesquelles nous couvrons l&#8217;ensemble du march\u00e9 europ\u00e9en. Nous produisons tous les types de Niupacks sur ces deux sites, bien que le si\u00e8ge principal se trouve en Espagne (usine de Barcelone). <\/p>\t\t\t\t\t\t\t\t<\/div>\n\t\t\t\t<\/div>\n\t\t\t\t<div class=\"elementor-element elementor-element-ef1a62f elementor-hidden-desktop elementor-widget elementor-widget-spacer\" data-id=\"ef1a62f\" data-element_type=\"widget\" data-e-type=\"widget\" data-widget_type=\"spacer.default\">\n\t\t\t\t<div class=\"elementor-widget-container\">\n\t\t\t\t\t\t\t<div class=\"elementor-spacer\">\n\t\t\t<div class=\"elementor-spacer-inner\"><\/div>\n\t\t<\/div>\n\t\t\t\t\t\t<\/div>\n\t\t\t\t<\/div>\n\t\t\t\t<div class=\"elementor-element elementor-element-e6c56bc elementor-widget elementor-widget-spacer\" data-id=\"e6c56bc\" data-element_type=\"widget\" data-e-type=\"widget\" data-widget_type=\"spacer.default\">\n\t\t\t\t<div class=\"elementor-widget-container\">\n\t\t\t\t\t\t\t<div class=\"elementor-spacer\">\n\t\t\t<div class=\"elementor-spacer-inner\"><\/div>\n\t\t<\/div>\n\t\t\t\t\t\t<\/div>\n\t\t\t\t<\/div>\n\t\t\t\t\t<\/div>\n\t\t<\/div>\n\t\t\t\t<div class=\"elementor-column elementor-col-50 elementor-top-column elementor-element elementor-element-86afc36\" data-id=\"86afc36\" data-element_type=\"column\" data-e-type=\"column\">\n\t\t\t<div class=\"elementor-widget-wrap\">\n\t\t\t\t\t\t\t<\/div>\n\t\t<\/div>\n\t\t\t\t\t<\/div>\n\t\t<\/section>\n\t\t\t\t<\/div>\n\t\t","protected":false},"excerpt":{"rendered":"<p>Home \/ \u00e0 propos de nous \u00c0 propos de nous VOIDFILLER Nous sommes une entreprise qui a plus de 30 ans d\u2019exp\u00e9rience sur le march\u00e9 de l\u2019emballage pour la protection des marchandises pendant le transport. Chez J2 Servid, nous travaillons depuis plus de 30 ans \u00e0 la recherche de diff\u00e9rentes solutions en mati\u00e8re de syst\u00e8mes [&hellip;]<\/p>\n","protected":false},"author":1,"featured_media":0,"parent":0,"menu_order":0,"comment_status":"closed","ping_status":"closed","template":"","meta":{"inline_featured_image":false,"footnotes":""},"class_list":["post-5043","page","type-page","status-publish","hentry"],"yoast_head":"<!-- This site is optimized with the Yoast SEO plugin v27.3 - https:\/\/yoast.com\/product\/yoast-seo-wordpress\/ -->\n<title>\u00c0 propos de nous - Niupack<\/title>\n<meta name=\"description\" content=\"Nous sommes une entreprise qui a plus de 30 ans d&#039;exp\u00e9rience sur le march\u00e9 de l&#039;emballage pour la protection des marchandises pendant le transport.\" \/>\n<meta name=\"robots\" content=\"index, follow, max-snippet:-1, max-image-preview:large, max-video-preview:-1\" \/>\n<link rel=\"canonical\" href=\"https:\/\/www.niupack.com\/fr\/a-propos-de-nous\/\" \/>\n<meta property=\"og:locale\" content=\"fr_FR\" \/>\n<meta property=\"og:type\" content=\"article\" \/>\n<meta property=\"og:title\" content=\"\u00c0 propos de nous - Niupack\" \/>\n<meta property=\"og:description\" content=\"Nous sommes une entreprise qui a plus de 30 ans d&#039;exp\u00e9rience sur le march\u00e9 de l&#039;emballage pour la protection des marchandises pendant le transport.\" \/>\n<meta property=\"og:url\" content=\"https:\/\/www.niupack.com\/fr\/a-propos-de-nous\/\" \/>\n<meta property=\"og:site_name\" content=\"Niupack\" \/>\n<meta property=\"article:modified_time\" content=\"2026-01-26T14:23:52+00:00\" \/>\n<meta name=\"twitter:card\" content=\"summary_large_image\" \/>\n<meta name=\"twitter:label1\" content=\"Dur\u00e9e de lecture estim\u00e9e\" \/>\n\t<meta name=\"twitter:data1\" content=\"2 minutes\" \/>\n<script type=\"application\/ld+json\" class=\"yoast-schema-graph\">{\"@context\":\"https:\\\/\\\/schema.org\",\"@graph\":[{\"@type\":\"WebPage\",\"@id\":\"https:\\\/\\\/www.niupack.com\\\/fr\\\/a-propos-de-nous\\\/\",\"url\":\"https:\\\/\\\/www.niupack.com\\\/fr\\\/a-propos-de-nous\\\/\",\"name\":\"\u00c0 propos de nous - Niupack\",\"isPartOf\":{\"@id\":\"https:\\\/\\\/www.niupack.com\\\/fr\\\/#website\"},\"datePublished\":\"2023-05-29T08:57:24+00:00\",\"dateModified\":\"2026-01-26T14:23:52+00:00\",\"description\":\"Nous sommes une entreprise qui a plus de 30 ans d'exp\u00e9rience sur le march\u00e9 de l'emballage pour la protection des marchandises pendant le transport.\",\"breadcrumb\":{\"@id\":\"https:\\\/\\\/www.niupack.com\\\/fr\\\/a-propos-de-nous\\\/#breadcrumb\"},\"inLanguage\":\"fr-FR\",\"potentialAction\":[{\"@type\":\"ReadAction\",\"target\":[\"https:\\\/\\\/www.niupack.com\\\/fr\\\/a-propos-de-nous\\\/\"]}]},{\"@type\":\"BreadcrumbList\",\"@id\":\"https:\\\/\\\/www.niupack.com\\\/fr\\\/a-propos-de-nous\\\/#breadcrumb\",\"itemListElement\":[{\"@type\":\"ListItem\",\"position\":1,\"name\":\"Portada\",\"item\":\"https:\\\/\\\/www.niupack.com\\\/fr\\\/\"},{\"@type\":\"ListItem\",\"position\":2,\"name\":\"\u00c0 propos de nous\"}]},{\"@type\":\"WebSite\",\"@id\":\"https:\\\/\\\/www.niupack.com\\\/fr\\\/#website\",\"url\":\"https:\\\/\\\/www.niupack.com\\\/fr\\\/\",\"name\":\"Niupack\",\"description\":\"Sistema ecol\u00f3gico para la protecci\u00f3n de mercanc\u00edas\",\"publisher\":{\"@id\":\"https:\\\/\\\/www.niupack.com\\\/fr\\\/#organization\"},\"potentialAction\":[{\"@type\":\"SearchAction\",\"target\":{\"@type\":\"EntryPoint\",\"urlTemplate\":\"https:\\\/\\\/www.niupack.com\\\/fr\\\/?s={search_term_string}\"},\"query-input\":{\"@type\":\"PropertyValueSpecification\",\"valueRequired\":true,\"valueName\":\"search_term_string\"}}],\"inLanguage\":\"fr-FR\"},{\"@type\":\"Organization\",\"@id\":\"https:\\\/\\\/www.niupack.com\\\/fr\\\/#organization\",\"name\":\"Niupack\",\"url\":\"https:\\\/\\\/www.niupack.com\\\/fr\\\/\",\"logo\":{\"@type\":\"ImageObject\",\"inLanguage\":\"fr-FR\",\"@id\":\"https:\\\/\\\/www.niupack.com\\\/fr\\\/#\\\/schema\\\/logo\\\/image\\\/\",\"url\":\"https:\\\/\\\/www.niupack.com\\\/wp-content\\\/uploads\\\/2023\\\/05\\\/Grupo-11931.png\",\"contentUrl\":\"https:\\\/\\\/www.niupack.com\\\/wp-content\\\/uploads\\\/2023\\\/05\\\/Grupo-11931.png\",\"width\":326,\"height\":78,\"caption\":\"Niupack\"},\"image\":{\"@id\":\"https:\\\/\\\/www.niupack.com\\\/fr\\\/#\\\/schema\\\/logo\\\/image\\\/\"}}]}<\/script>\n<!-- \/ Yoast SEO plugin. -->","yoast_head_json":{"title":"\u00c0 propos de nous - Niupack","description":"Nous sommes une entreprise qui a plus de 30 ans d'exp\u00e9rience sur le march\u00e9 de l'emballage pour la protection des marchandises pendant le transport.","robots":{"index":"index","follow":"follow","max-snippet":"max-snippet:-1","max-image-preview":"max-image-preview:large","max-video-preview":"max-video-preview:-1"},"canonical":"https:\/\/www.niupack.com\/fr\/a-propos-de-nous\/","og_locale":"fr_FR","og_type":"article","og_title":"\u00c0 propos de nous - Niupack","og_description":"Nous sommes une entreprise qui a plus de 30 ans d'exp\u00e9rience sur le march\u00e9 de l'emballage pour la protection des marchandises pendant le transport.","og_url":"https:\/\/www.niupack.com\/fr\/a-propos-de-nous\/","og_site_name":"Niupack","article_modified_time":"2026-01-26T14:23:52+00:00","twitter_card":"summary_large_image","twitter_misc":{"Dur\u00e9e de lecture estim\u00e9e":"2 minutes"},"schema":{"@context":"https:\/\/schema.org","@graph":[{"@type":"WebPage","@id":"https:\/\/www.niupack.com\/fr\/a-propos-de-nous\/","url":"https:\/\/www.niupack.com\/fr\/a-propos-de-nous\/","name":"\u00c0 propos de nous - Niupack","isPartOf":{"@id":"https:\/\/www.niupack.com\/fr\/#website"},"datePublished":"2023-05-29T08:57:24+00:00","dateModified":"2026-01-26T14:23:52+00:00","description":"Nous sommes une entreprise qui a plus de 30 ans d'exp\u00e9rience sur le march\u00e9 de l'emballage pour la protection des marchandises pendant le transport.","breadcrumb":{"@id":"https:\/\/www.niupack.com\/fr\/a-propos-de-nous\/#breadcrumb"},"inLanguage":"fr-FR","potentialAction":[{"@type":"ReadAction","target":["https:\/\/www.niupack.com\/fr\/a-propos-de-nous\/"]}]},{"@type":"BreadcrumbList","@id":"https:\/\/www.niupack.com\/fr\/a-propos-de-nous\/#breadcrumb","itemListElement":[{"@type":"ListItem","position":1,"name":"Portada","item":"https:\/\/www.niupack.com\/fr\/"},{"@type":"ListItem","position":2,"name":"\u00c0 propos de nous"}]},{"@type":"WebSite","@id":"https:\/\/www.niupack.com\/fr\/#website","url":"https:\/\/www.niupack.com\/fr\/","name":"Niupack","description":"Sistema ecol\u00f3gico para la protecci\u00f3n de mercanc\u00edas","publisher":{"@id":"https:\/\/www.niupack.com\/fr\/#organization"},"potentialAction":[{"@type":"SearchAction","target":{"@type":"EntryPoint","urlTemplate":"https:\/\/www.niupack.com\/fr\/?s={search_term_string}"},"query-input":{"@type":"PropertyValueSpecification","valueRequired":true,"valueName":"search_term_string"}}],"inLanguage":"fr-FR"},{"@type":"Organization","@id":"https:\/\/www.niupack.com\/fr\/#organization","name":"Niupack","url":"https:\/\/www.niupack.com\/fr\/","logo":{"@type":"ImageObject","inLanguage":"fr-FR","@id":"https:\/\/www.niupack.com\/fr\/#\/schema\/logo\/image\/","url":"https:\/\/www.niupack.com\/wp-content\/uploads\/2023\/05\/Grupo-11931.png","contentUrl":"https:\/\/www.niupack.com\/wp-content\/uploads\/2023\/05\/Grupo-11931.png","width":326,"height":78,"caption":"Niupack"},"image":{"@id":"https:\/\/www.niupack.com\/fr\/#\/schema\/logo\/image\/"}}]}},"_links":{"self":[{"href":"https:\/\/www.niupack.com\/fr\/wp-json\/wp\/v2\/pages\/5043","targetHints":{"allow":["GET"]}}],"collection":[{"href":"https:\/\/www.niupack.com\/fr\/wp-json\/wp\/v2\/pages"}],"about":[{"href":"https:\/\/www.niupack.com\/fr\/wp-json\/wp\/v2\/types\/page"}],"author":[{"embeddable":true,"href":"https:\/\/www.niupack.com\/fr\/wp-json\/wp\/v2\/users\/1"}],"replies":[{"embeddable":true,"href":"https:\/\/www.niupack.com\/fr\/wp-json\/wp\/v2\/comments?post=5043"}],"version-history":[{"count":8,"href":"https:\/\/www.niupack.com\/fr\/wp-json\/wp\/v2\/pages\/5043\/revisions"}],"predecessor-version":[{"id":44268,"href":"https:\/\/www.niupack.com\/fr\/wp-json\/wp\/v2\/pages\/5043\/revisions\/44268"}],"wp:attachment":[{"href":"https:\/\/www.niupack.com\/fr\/wp-json\/wp\/v2\/media?parent=5043"}],"curies":[{"name":"wp","href":"https:\/\/api.w.org\/{rel}","templated":true}]}}