{"id":5055,"date":"2023-05-29T10:22:30","date_gmt":"2023-05-29T10:22:30","guid":{"rendered":"https:\/\/www.niupack.com\/privacidad-2\/"},"modified":"2025-04-03T07:52:11","modified_gmt":"2025-04-03T07:52:11","slug":"confidentialite","status":"publish","type":"page","link":"https:\/\/www.niupack.com\/fr\/confidentialite\/","title":{"rendered":"Privacidad"},"content":{"rendered":"\t\t<div data-elementor-type=\"wp-page\" data-elementor-id=\"5055\" class=\"elementor elementor-5055 elementor-127\" data-elementor-post-type=\"page\">\n\t\t\t\t\t\t<section class=\"elementor-section elementor-top-section elementor-element elementor-element-2a590d22 elementor-section-boxed elementor-section-height-default elementor-section-height-default\" data-id=\"2a590d22\" data-element_type=\"section\" data-e-type=\"section\" data-settings=\"{&quot;background_background&quot;:&quot;classic&quot;}\">\n\t\t\t\t\t\t<div class=\"elementor-container elementor-column-gap-default\">\n\t\t\t\t\t<div class=\"elementor-column elementor-col-50 elementor-top-column elementor-element elementor-element-4c4599d6\" data-id=\"4c4599d6\" data-element_type=\"column\" data-e-type=\"column\">\n\t\t\t<div class=\"elementor-widget-wrap elementor-element-populated\">\n\t\t\t\t\t\t<div class=\"elementor-element elementor-element-794afce4 elementor-widget elementor-widget-spacer\" data-id=\"794afce4\" data-element_type=\"widget\" data-e-type=\"widget\" data-widget_type=\"spacer.default\">\n\t\t\t\t<div class=\"elementor-widget-container\">\n\t\t\t\t\t\t\t<div class=\"elementor-spacer\">\n\t\t\t<div class=\"elementor-spacer-inner\"><\/div>\n\t\t<\/div>\n\t\t\t\t\t\t<\/div>\n\t\t\t\t<\/div>\n\t\t\t\t<div class=\"elementor-element elementor-element-6f74d1ce elementor-widget elementor-widget-text-editor\" data-id=\"6f74d1ce\" data-element_type=\"widget\" data-e-type=\"widget\" data-widget_type=\"text-editor.default\">\n\t\t\t\t<div class=\"elementor-widget-container\">\n\t\t\t\t\t\t\t\t\t<p>Home \/ privacidad<\/p>\n\t\t\t\t\t\t\t\t<\/div>\n\t\t\t\t<\/div>\n\t\t\t\t<div class=\"elementor-element elementor-element-4633e42c elementor-widget elementor-widget-text-editor\" data-id=\"4633e42c\" data-element_type=\"widget\" data-e-type=\"widget\" data-widget_type=\"text-editor.default\">\n\t\t\t\t<div class=\"elementor-widget-container\">\n\t\t\t\t\t\t\t\t\t<p><span class=\"tgroc3\">Privacidad<\/span><\/p>\n\t\t\t\t\t\t\t\t<\/div>\n\t\t\t\t<\/div>\n\t\t\t\t<div class=\"elementor-element elementor-element-13c46820 elementor-widget elementor-widget-text-editor\" data-id=\"13c46820\" data-element_type=\"widget\" data-e-type=\"widget\" data-widget_type=\"text-editor.default\">\n\t\t\t\t<div class=\"elementor-widget-container\">\n\t\t\t\t\t\t\t\t\t<p>VOIDFILLER<\/p>\n\t\t\t\t\t\t\t\t<\/div>\n\t\t\t\t<\/div>\n\t\t\t\t<div class=\"elementor-element elementor-element-2aa9945b elementor-widget elementor-widget-spacer\" data-id=\"2aa9945b\" data-element_type=\"widget\" data-e-type=\"widget\" data-widget_type=\"spacer.default\">\n\t\t\t\t<div class=\"elementor-widget-container\">\n\t\t\t\t\t\t\t<div class=\"elementor-spacer\">\n\t\t\t<div class=\"elementor-spacer-inner\"><\/div>\n\t\t<\/div>\n\t\t\t\t\t\t<\/div>\n\t\t\t\t<\/div>\n\t\t\t\t\t<\/div>\n\t\t<\/div>\n\t\t\t\t<div class=\"elementor-column elementor-col-50 elementor-top-column elementor-element elementor-element-78018319\" data-id=\"78018319\" data-element_type=\"column\" data-e-type=\"column\">\n\t\t\t<div class=\"elementor-widget-wrap\">\n\t\t\t\t\t\t\t<\/div>\n\t\t<\/div>\n\t\t\t\t\t<\/div>\n\t\t<\/section>\n\t\t\t\t<section class=\"elementor-section elementor-top-section elementor-element elementor-element-41103147 elementor-section-boxed elementor-section-height-default elementor-section-height-default\" data-id=\"41103147\" data-element_type=\"section\" data-e-type=\"section\" data-settings=\"{&quot;background_background&quot;:&quot;classic&quot;}\">\n\t\t\t\t\t\t<div class=\"elementor-container elementor-column-gap-default\">\n\t\t\t\t\t<div class=\"elementor-column elementor-col-50 elementor-top-column elementor-element elementor-element-28bd810a\" data-id=\"28bd810a\" data-element_type=\"column\" data-e-type=\"column\">\n\t\t\t<div class=\"elementor-widget-wrap elementor-element-populated\">\n\t\t\t\t\t\t<div class=\"elementor-element elementor-element-6d8d309a elementor-widget elementor-widget-spacer\" data-id=\"6d8d309a\" data-element_type=\"widget\" data-e-type=\"widget\" data-widget_type=\"spacer.default\">\n\t\t\t\t<div class=\"elementor-widget-container\">\n\t\t\t\t\t\t\t<div class=\"elementor-spacer\">\n\t\t\t<div class=\"elementor-spacer-inner\"><\/div>\n\t\t<\/div>\n\t\t\t\t\t\t<\/div>\n\t\t\t\t<\/div>\n\t\t\t\t\t<\/div>\n\t\t<\/div>\n\t\t\t\t<div class=\"elementor-column elementor-col-50 elementor-top-column elementor-element elementor-element-6407b57f\" data-id=\"6407b57f\" data-element_type=\"column\" data-e-type=\"column\">\n\t\t\t<div class=\"elementor-widget-wrap\">\n\t\t\t\t\t\t\t<\/div>\n\t\t<\/div>\n\t\t\t\t\t<\/div>\n\t\t<\/section>\n\t\t\t\t<section class=\"elementor-section elementor-top-section elementor-element elementor-element-71355567 elementor-section-boxed elementor-section-height-default elementor-section-height-default\" data-id=\"71355567\" data-element_type=\"section\" data-e-type=\"section\">\n\t\t\t\t\t\t<div class=\"elementor-container elementor-column-gap-default\">\n\t\t\t\t\t<div class=\"elementor-column elementor-col-100 elementor-top-column elementor-element elementor-element-6db06da7\" data-id=\"6db06da7\" data-element_type=\"column\" data-e-type=\"column\">\n\t\t\t<div class=\"elementor-widget-wrap elementor-element-populated\">\n\t\t\t\t\t\t<section class=\"elementor-section elementor-inner-section elementor-element elementor-element-6951336d elementor-section-boxed elementor-section-height-default elementor-section-height-default\" data-id=\"6951336d\" data-element_type=\"section\" data-e-type=\"section\" data-settings=\"{&quot;background_background&quot;:&quot;classic&quot;}\">\n\t\t\t\t\t\t<div class=\"elementor-container elementor-column-gap-default\">\n\t\t\t\t\t<div class=\"elementor-column elementor-col-100 elementor-inner-column elementor-element elementor-element-67a9db08\" data-id=\"67a9db08\" data-element_type=\"column\" data-e-type=\"column\">\n\t\t\t<div class=\"elementor-widget-wrap elementor-element-populated\">\n\t\t\t\t\t\t<div class=\"elementor-element elementor-element-2ba1fbf9 elementor-widget elementor-widget-text-editor\" data-id=\"2ba1fbf9\" data-element_type=\"widget\" data-e-type=\"widget\" data-widget_type=\"text-editor.default\">\n\t\t\t\t<div class=\"elementor-widget-container\">\n\t\t\t\t\t\t\t\t\t<p class=\"p1\"><b>\u00bfQui\u00e9n es el Responsable del tratamiento de sus datos?<\/b><br \/><br \/><b>Identidad:<\/b>\u00a0Forankra Espa\u00f1a SLU \u2013 CIF: B60092699<br \/><b>Direcci\u00f3n postal:<\/b>\u00a0C\/ de l&#8217;Alguer 2, nave 1 A (Pol. Ind. La Creueta) 08130 &#8211; Santa Perpetua de Mogoda (Barcelona)<br \/><b>Tel\u00e9fono:<\/b>\u00a093.877.50.11<br \/><b>Correo electr\u00f3nico:<\/b>\u00a0marketing@forankra.es<br \/><b>Delegado de Protecci\u00f3n de Datos:<\/b>\u00a0lopd@msanchez.cat<br \/><br \/><b>FINALIDAD<\/b><br \/><b>\u00bfCon que finalidad tratamos sus Datos?<\/b><br \/>En Forankra Espa\u00f1a SLU tratamos la informaci\u00f3n que nos facilita las personas interesadas con el Fin de Gestionar el env\u00edo de la informaci\u00f3n que nos soliciten y facilitar ofertas de productos y\/o servicios de su inter\u00e9s, tambi\u00e9n elaboraremos un \u201cperfil comercial\u201d en base a la informaci\u00f3n facilitada. No se tomar\u00e1n decisiones automatizadas en base a dicho perfil.<br \/><br \/><b>\u00bfPor cu\u00e1nto tiempo conservaremos sus datos?<\/b>\u00a0Criterios de conservaci\u00f3n de los datos: Se conservar\u00e1n mientras exista un inter\u00e9s mutuo para mantener el fin del tratamiento y cuando ya no sea necesario para tal fin, se suprimir\u00e1n con medidas de seguridad adecuadas para garantizar la seudonimizaci\u00f3n de los datos o la destrucci\u00f3n total de los mismos.<br \/><br \/><b>LEGITIMACI\u00d3N<\/b><br \/><b>\u00bfCu\u00e1l es la legitimaci\u00f3n para el tratamiento de sus datos?<\/b><br \/><br \/><b>Inter\u00e9s leg\u00edtimo:<\/b><br \/><br \/>La base legal para el tratamiento de sus datos es mediante el consentimiento del afectado, la ejecuci\u00f3n de contrato de servicios y ofrecer respuestas a sus consultas recibidas mediante el formulario de contacto o correo electr\u00f3nico (seg\u00fan los t\u00e9rminos y condiciones que constan en nuestra pol\u00edtica de privacidad). La oferta prospectiva de productos y servicios est\u00e1 basada en el consentimiento que se solicita, sin que en ning\u00fan caso la retirada de este consentimiento condicione la ejecuci\u00f3n del contrato de servicios.<br \/><br \/><b>DESTINATARIOS<\/b><br \/><b>\u00bfA qu\u00e9 destinatarios se comunicar\u00e1n sus datos?<\/b><br \/><br \/>No se comunicar\u00e1n los datos a ning\u00fan destinatario, salvo obligaci\u00f3n legal.<br \/><br \/><b>DERECHOS<\/b><br \/><b>\u00bfCu\u00e1les son sus derechos cuando nos facilita sus datos?<\/b><br \/><br \/><b>Acceso<\/b>\u00a0Cualquier persona tiene derecho a obtener confirmaci\u00f3n sobre si en Forankra Espa\u00f1a SLU estamos tratando datos personales que les conciernan, o no.<br \/><b>Rectificaci\u00f3n<\/b>\u00a0Las personas interesadas tienen derecho a solicitar la rectificaci\u00f3n de los datos inexactos.<br \/><b>Supresi\u00f3n<\/b>\u00a0Las personas interesadas podr\u00e1n solicitar la eliminaci\u00f3n de sus datos personales y ya no sean necesarios para los fines que fueron recogidos.<br \/><b>Oposici\u00f3n<\/b>\u00a0Los interesados pueden oponerse al tratamiento de sus datos con fines de servicios que nos soliciten de su inter\u00e9s. Forankra Espa\u00f1a SLU dejar\u00e1 de tratar los datos, salvo motivos leg\u00edtimos imperiosos o para ejercer o defender posibles reclamaciones.<br \/><b>Limitaci\u00f3n del Tratamiento<\/b>\u00a0En determinadas circunstancias previstas en el art\u00edculo 18 RGPD, los interesados pueden solicitar la limitaci\u00f3n del tratamiento de sus datos en los siguientes casos:<\/p><ul class=\"ul1\"><li class=\"li1\">Mientras se comprueba la impugnaci\u00f3n de la exactitud de tus datos.<\/li><li class=\"li1\">Cuando el tratamiento es il\u00edcito. Pero se opone a ejercer el derecho a la supresi\u00f3n de sus datos.<\/li><li class=\"li1\">Cuando en Forankra Espa\u00f1a SLU no necesita tratar sus datos, pero usted los necesita para el ejercicio o la defensa de reclamaciones.<\/li><li class=\"li1\">Cuando usted se oponga al tratamiento de datos para el cumplimiento de una misi\u00f3n en inter\u00e9s p\u00fablico o para la satisfacci\u00f3n de un inter\u00e9s leg\u00edtimo. Mientras se verifica si los motivos leg\u00edtimos para el tratamiento prevalecen sobre los de usted.<\/li><\/ul><p class=\"p1\"><br \/><b>Portabilidad<\/b>\u00a0En virtud del derecho a la portabilidad, los interesados tienen derecho a obtener sus datos personales en un formato Electr\u00f3nico estructurado de uso com\u00fan y lectura mec\u00e1nica y transmitirlos a otro responsable.<br \/><br \/><b>Canales de Atenci\u00f3n<\/b><br \/><b>Podr\u00e1 ejercer sus derechos a:<\/b><br \/>lopd@msanchez.cat<br \/>o<br \/>Departamento Protecci\u00f3n de Datos<br \/><b>Direcci\u00f3n postal:<\/b>\u00a0C\/ de l&#8217;Alguer 2, nave 1 A (Pol. Ind. La Creueta) 08130 &#8211; Santa Perpetua de Mogoda (Barcelona)<br \/><b>Tel\u00e9fono:<\/b>\u00a093.877.50.11<br \/><b>\u00bfC\u00f3mo puede ejercer los derechos?<\/b><br \/>Si usted considera que en Forankra Espa\u00f1a SLU no hemos tratado sus datos de acuerdo con la normativa, puede contactar con nuestro delegado de protecci\u00f3n de datos en la siguiente direcci\u00f3n de correo electr\u00f3nico: lopd@msanchez.cat<br \/>Para ejercitar sus derechos, se deber\u00e1 de acompa\u00f1ar a su solicitud, su DNI o documento equivalente que acredite su identidad.<br \/>El ejercicio de estos derechos es gratuito.<br \/><br \/><b>\u00bfQu\u00e9 v\u00edas de reclamaci\u00f3n hay?<\/b><br \/>Los interesados tienen derecho a presentar una reclamaci\u00f3n ante la Autoridad de Control en materia de protecci\u00f3n de datos competente, especialmente cuando no haya obtenido satisfacci\u00f3n en el ejercicio de sus derechos, y la forma de ponerse en contacto con ella es mediante la p\u00e1gina Web. <a href=\"http:\/\/www.agpd.es\"><span class=\"s2\">http:\/\/www.agpd.es<\/span><\/a>.<\/p>\t\t\t\t\t\t\t\t<\/div>\n\t\t\t\t<\/div>\n\t\t\t\t\t<\/div>\n\t\t<\/div>\n\t\t\t\t\t<\/div>\n\t\t<\/section>\n\t\t\t\t\t<\/div>\n\t\t<\/div>\n\t\t\t\t\t<\/div>\n\t\t<\/section>\n\t\t\t\t<\/div>\n\t\t","protected":false},"excerpt":{"rendered":"<p>Home \/ privacidad Privacidad VOIDFILLER \u00bfQui\u00e9n es el Responsable del tratamiento de sus datos? Identidad:\u00a0Forankra Espa\u00f1a SLU \u2013 CIF: B60092699Direcci\u00f3n postal:\u00a0C\/ de l&#8217;Alguer 2, nave 1 A (Pol. Ind. La Creueta) 08130 &#8211; Santa Perpetua de Mogoda (Barcelona)Tel\u00e9fono:\u00a093.877.50.11Correo electr\u00f3nico:\u00a0marketing@forankra.esDelegado de Protecci\u00f3n de Datos:\u00a0lopd@msanchez.cat FINALIDAD\u00bfCon que finalidad tratamos sus Datos?En Forankra Espa\u00f1a SLU tratamos la informaci\u00f3n [&hellip;]<\/p>\n","protected":false},"author":1,"featured_media":0,"parent":0,"menu_order":0,"comment_status":"closed","ping_status":"closed","template":"","meta":{"inline_featured_image":false,"footnotes":""},"class_list":["post-5055","page","type-page","status-publish","hentry"],"yoast_head":"<!-- This site is optimized with the Yoast SEO plugin v27.3 - https:\/\/yoast.com\/product\/yoast-seo-wordpress\/ -->\n<title>Privacidad - Niupack<\/title>\n<meta name=\"robots\" content=\"noindex, follow\" \/>\n<meta property=\"og:locale\" content=\"fr_FR\" \/>\n<meta property=\"og:type\" content=\"article\" \/>\n<meta property=\"og:title\" content=\"Privacidad - Niupack\" \/>\n<meta property=\"og:description\" content=\"Home \/ privacidad Privacidad VOIDFILLER \u00bfQui\u00e9n es el Responsable del tratamiento de sus datos? Identidad:\u00a0Forankra Espa\u00f1a SLU \u2013 CIF: B60092699Direcci\u00f3n postal:\u00a0C\/ de l&#8217;Alguer 2, nave 1 A (Pol. Ind. La Creueta) 08130 &#8211; Santa Perpetua de Mogoda (Barcelona)Tel\u00e9fono:\u00a093.877.50.11Correo electr\u00f3nico:\u00a0marketing@forankra.esDelegado de Protecci\u00f3n de Datos:\u00a0lopd@msanchez.cat FINALIDAD\u00bfCon que finalidad tratamos sus Datos?En Forankra Espa\u00f1a SLU tratamos la informaci\u00f3n [&hellip;]\" \/>\n<meta property=\"og:url\" content=\"https:\/\/www.niupack.com\/fr\/confidentialite\/\" \/>\n<meta property=\"og:site_name\" content=\"Niupack\" \/>\n<meta property=\"article:modified_time\" content=\"2025-04-03T07:52:11+00:00\" \/>\n<meta name=\"twitter:card\" content=\"summary_large_image\" \/>\n<meta name=\"twitter:label1\" content=\"Dur\u00e9e de lecture estim\u00e9e\" \/>\n\t<meta name=\"twitter:data1\" content=\"4 minutes\" \/>\n<script type=\"application\/ld+json\" class=\"yoast-schema-graph\">{\"@context\":\"https:\\\/\\\/schema.org\",\"@graph\":[{\"@type\":\"WebPage\",\"@id\":\"https:\\\/\\\/www.niupack.com\\\/fr\\\/confidentialite\\\/\",\"url\":\"https:\\\/\\\/www.niupack.com\\\/fr\\\/confidentialite\\\/\",\"name\":\"Privacidad - Niupack\",\"isPartOf\":{\"@id\":\"https:\\\/\\\/www.niupack.com\\\/fr\\\/#website\"},\"datePublished\":\"2023-05-29T10:22:30+00:00\",\"dateModified\":\"2025-04-03T07:52:11+00:00\",\"breadcrumb\":{\"@id\":\"https:\\\/\\\/www.niupack.com\\\/fr\\\/confidentialite\\\/#breadcrumb\"},\"inLanguage\":\"fr-FR\",\"potentialAction\":[{\"@type\":\"ReadAction\",\"target\":[\"https:\\\/\\\/www.niupack.com\\\/fr\\\/confidentialite\\\/\"]}]},{\"@type\":\"BreadcrumbList\",\"@id\":\"https:\\\/\\\/www.niupack.com\\\/fr\\\/confidentialite\\\/#breadcrumb\",\"itemListElement\":[{\"@type\":\"ListItem\",\"position\":1,\"name\":\"Portada\",\"item\":\"https:\\\/\\\/www.niupack.com\\\/fr\\\/\"},{\"@type\":\"ListItem\",\"position\":2,\"name\":\"Privacidad\"}]},{\"@type\":\"WebSite\",\"@id\":\"https:\\\/\\\/www.niupack.com\\\/fr\\\/#website\",\"url\":\"https:\\\/\\\/www.niupack.com\\\/fr\\\/\",\"name\":\"Niupack\",\"description\":\"Sistema ecol\u00f3gico para la protecci\u00f3n de mercanc\u00edas\",\"publisher\":{\"@id\":\"https:\\\/\\\/www.niupack.com\\\/fr\\\/#organization\"},\"potentialAction\":[{\"@type\":\"SearchAction\",\"target\":{\"@type\":\"EntryPoint\",\"urlTemplate\":\"https:\\\/\\\/www.niupack.com\\\/fr\\\/?s={search_term_string}\"},\"query-input\":{\"@type\":\"PropertyValueSpecification\",\"valueRequired\":true,\"valueName\":\"search_term_string\"}}],\"inLanguage\":\"fr-FR\"},{\"@type\":\"Organization\",\"@id\":\"https:\\\/\\\/www.niupack.com\\\/fr\\\/#organization\",\"name\":\"Niupack\",\"url\":\"https:\\\/\\\/www.niupack.com\\\/fr\\\/\",\"logo\":{\"@type\":\"ImageObject\",\"inLanguage\":\"fr-FR\",\"@id\":\"https:\\\/\\\/www.niupack.com\\\/fr\\\/#\\\/schema\\\/logo\\\/image\\\/\",\"url\":\"https:\\\/\\\/www.niupack.com\\\/wp-content\\\/uploads\\\/2023\\\/05\\\/Grupo-11931.png\",\"contentUrl\":\"https:\\\/\\\/www.niupack.com\\\/wp-content\\\/uploads\\\/2023\\\/05\\\/Grupo-11931.png\",\"width\":326,\"height\":78,\"caption\":\"Niupack\"},\"image\":{\"@id\":\"https:\\\/\\\/www.niupack.com\\\/fr\\\/#\\\/schema\\\/logo\\\/image\\\/\"}}]}<\/script>\n<!-- \/ Yoast SEO plugin. -->","yoast_head_json":{"title":"Privacidad - Niupack","robots":{"index":"noindex","follow":"follow"},"og_locale":"fr_FR","og_type":"article","og_title":"Privacidad - Niupack","og_description":"Home \/ privacidad Privacidad VOIDFILLER \u00bfQui\u00e9n es el Responsable del tratamiento de sus datos? Identidad:\u00a0Forankra Espa\u00f1a SLU \u2013 CIF: B60092699Direcci\u00f3n postal:\u00a0C\/ de l&#8217;Alguer 2, nave 1 A (Pol. Ind. La Creueta) 08130 &#8211; Santa Perpetua de Mogoda (Barcelona)Tel\u00e9fono:\u00a093.877.50.11Correo electr\u00f3nico:\u00a0marketing@forankra.esDelegado de Protecci\u00f3n de Datos:\u00a0lopd@msanchez.cat FINALIDAD\u00bfCon que finalidad tratamos sus Datos?En Forankra Espa\u00f1a SLU tratamos la informaci\u00f3n [&hellip;]","og_url":"https:\/\/www.niupack.com\/fr\/confidentialite\/","og_site_name":"Niupack","article_modified_time":"2025-04-03T07:52:11+00:00","twitter_card":"summary_large_image","twitter_misc":{"Dur\u00e9e de lecture estim\u00e9e":"4 minutes"},"schema":{"@context":"https:\/\/schema.org","@graph":[{"@type":"WebPage","@id":"https:\/\/www.niupack.com\/fr\/confidentialite\/","url":"https:\/\/www.niupack.com\/fr\/confidentialite\/","name":"Privacidad - Niupack","isPartOf":{"@id":"https:\/\/www.niupack.com\/fr\/#website"},"datePublished":"2023-05-29T10:22:30+00:00","dateModified":"2025-04-03T07:52:11+00:00","breadcrumb":{"@id":"https:\/\/www.niupack.com\/fr\/confidentialite\/#breadcrumb"},"inLanguage":"fr-FR","potentialAction":[{"@type":"ReadAction","target":["https:\/\/www.niupack.com\/fr\/confidentialite\/"]}]},{"@type":"BreadcrumbList","@id":"https:\/\/www.niupack.com\/fr\/confidentialite\/#breadcrumb","itemListElement":[{"@type":"ListItem","position":1,"name":"Portada","item":"https:\/\/www.niupack.com\/fr\/"},{"@type":"ListItem","position":2,"name":"Privacidad"}]},{"@type":"WebSite","@id":"https:\/\/www.niupack.com\/fr\/#website","url":"https:\/\/www.niupack.com\/fr\/","name":"Niupack","description":"Sistema ecol\u00f3gico para la protecci\u00f3n de mercanc\u00edas","publisher":{"@id":"https:\/\/www.niupack.com\/fr\/#organization"},"potentialAction":[{"@type":"SearchAction","target":{"@type":"EntryPoint","urlTemplate":"https:\/\/www.niupack.com\/fr\/?s={search_term_string}"},"query-input":{"@type":"PropertyValueSpecification","valueRequired":true,"valueName":"search_term_string"}}],"inLanguage":"fr-FR"},{"@type":"Organization","@id":"https:\/\/www.niupack.com\/fr\/#organization","name":"Niupack","url":"https:\/\/www.niupack.com\/fr\/","logo":{"@type":"ImageObject","inLanguage":"fr-FR","@id":"https:\/\/www.niupack.com\/fr\/#\/schema\/logo\/image\/","url":"https:\/\/www.niupack.com\/wp-content\/uploads\/2023\/05\/Grupo-11931.png","contentUrl":"https:\/\/www.niupack.com\/wp-content\/uploads\/2023\/05\/Grupo-11931.png","width":326,"height":78,"caption":"Niupack"},"image":{"@id":"https:\/\/www.niupack.com\/fr\/#\/schema\/logo\/image\/"}}]}},"_links":{"self":[{"href":"https:\/\/www.niupack.com\/fr\/wp-json\/wp\/v2\/pages\/5055","targetHints":{"allow":["GET"]}}],"collection":[{"href":"https:\/\/www.niupack.com\/fr\/wp-json\/wp\/v2\/pages"}],"about":[{"href":"https:\/\/www.niupack.com\/fr\/wp-json\/wp\/v2\/types\/page"}],"author":[{"embeddable":true,"href":"https:\/\/www.niupack.com\/fr\/wp-json\/wp\/v2\/users\/1"}],"replies":[{"embeddable":true,"href":"https:\/\/www.niupack.com\/fr\/wp-json\/wp\/v2\/comments?post=5055"}],"version-history":[{"count":4,"href":"https:\/\/www.niupack.com\/fr\/wp-json\/wp\/v2\/pages\/5055\/revisions"}],"predecessor-version":[{"id":12567,"href":"https:\/\/www.niupack.com\/fr\/wp-json\/wp\/v2\/pages\/5055\/revisions\/12567"}],"wp:attachment":[{"href":"https:\/\/www.niupack.com\/fr\/wp-json\/wp\/v2\/media?parent=5055"}],"curies":[{"name":"wp","href":"https:\/\/api.w.org\/{rel}","templated":true}]}}