{"id":3668,"date":"2023-05-29T10:22:55","date_gmt":"2023-05-29T10:22:55","guid":{"rendered":"https:\/\/www.niupack.com\/?page_id=3668"},"modified":"2025-04-03T07:54:18","modified_gmt":"2025-04-03T07:54:18","slug":"avviso-legale","status":"publish","type":"page","link":"https:\/\/www.niupack.com\/it\/avviso-legale\/","title":{"rendered":"Avviso legale"},"content":{"rendered":"\t\t<div data-elementor-type=\"wp-page\" data-elementor-id=\"3668\" class=\"elementor elementor-3668 elementor-131\" data-elementor-post-type=\"page\">\n\t\t\t\t\t\t<section class=\"elementor-section elementor-top-section elementor-element elementor-element-48a7dcf6 elementor-section-boxed elementor-section-height-default elementor-section-height-default\" data-id=\"48a7dcf6\" data-element_type=\"section\" data-e-type=\"section\" data-settings=\"{&quot;background_background&quot;:&quot;classic&quot;}\">\n\t\t\t\t\t\t<div class=\"elementor-container elementor-column-gap-default\">\n\t\t\t\t\t<div class=\"elementor-column elementor-col-50 elementor-top-column elementor-element elementor-element-64059d52\" data-id=\"64059d52\" data-element_type=\"column\" data-e-type=\"column\">\n\t\t\t<div class=\"elementor-widget-wrap elementor-element-populated\">\n\t\t\t\t\t\t<div class=\"elementor-element elementor-element-68bd27e2 elementor-widget elementor-widget-spacer\" data-id=\"68bd27e2\" data-element_type=\"widget\" data-e-type=\"widget\" data-widget_type=\"spacer.default\">\n\t\t\t\t<div class=\"elementor-widget-container\">\n\t\t\t\t\t\t\t<div class=\"elementor-spacer\">\n\t\t\t<div class=\"elementor-spacer-inner\"><\/div>\n\t\t<\/div>\n\t\t\t\t\t\t<\/div>\n\t\t\t\t<\/div>\n\t\t\t\t<div class=\"elementor-element elementor-element-7f0b7191 elementor-widget elementor-widget-text-editor\" data-id=\"7f0b7191\" data-element_type=\"widget\" data-e-type=\"widget\" data-widget_type=\"text-editor.default\">\n\t\t\t\t<div class=\"elementor-widget-container\">\n\t\t\t\t\t\t\t\t\tHome \/ Avviso legale\t\t\t\t\t\t\t\t<\/div>\n\t\t\t\t<\/div>\n\t\t\t\t<div class=\"elementor-element elementor-element-46a096f3 elementor-widget elementor-widget-text-editor\" data-id=\"46a096f3\" data-element_type=\"widget\" data-e-type=\"widget\" data-widget_type=\"text-editor.default\">\n\t\t\t\t<div class=\"elementor-widget-container\">\n\t\t\t\t\t\t\t\t\t<span class=\"tgroc3\">Avviso legale<\/span>\t\t\t\t\t\t\t\t<\/div>\n\t\t\t\t<\/div>\n\t\t\t\t<div class=\"elementor-element elementor-element-2134643d elementor-widget elementor-widget-text-editor\" data-id=\"2134643d\" data-element_type=\"widget\" data-e-type=\"widget\" data-widget_type=\"text-editor.default\">\n\t\t\t\t<div class=\"elementor-widget-container\">\n\t\t\t\t\t\t\t\t\t<p>VOIDFILLER<\/p>\n\t\t\t\t\t\t\t\t<\/div>\n\t\t\t\t<\/div>\n\t\t\t\t<div class=\"elementor-element elementor-element-54a1f518 elementor-widget elementor-widget-spacer\" data-id=\"54a1f518\" data-element_type=\"widget\" data-e-type=\"widget\" data-widget_type=\"spacer.default\">\n\t\t\t\t<div class=\"elementor-widget-container\">\n\t\t\t\t\t\t\t<div class=\"elementor-spacer\">\n\t\t\t<div class=\"elementor-spacer-inner\"><\/div>\n\t\t<\/div>\n\t\t\t\t\t\t<\/div>\n\t\t\t\t<\/div>\n\t\t\t\t\t<\/div>\n\t\t<\/div>\n\t\t\t\t<div class=\"elementor-column elementor-col-50 elementor-top-column elementor-element elementor-element-7a68c2ae\" data-id=\"7a68c2ae\" data-element_type=\"column\" data-e-type=\"column\">\n\t\t\t<div class=\"elementor-widget-wrap\">\n\t\t\t\t\t\t\t<\/div>\n\t\t<\/div>\n\t\t\t\t\t<\/div>\n\t\t<\/section>\n\t\t\t\t<section class=\"elementor-section elementor-top-section elementor-element elementor-element-42a0c008 elementor-section-boxed elementor-section-height-default elementor-section-height-default\" data-id=\"42a0c008\" data-element_type=\"section\" data-e-type=\"section\" data-settings=\"{&quot;background_background&quot;:&quot;classic&quot;}\">\n\t\t\t\t\t\t<div class=\"elementor-container elementor-column-gap-default\">\n\t\t\t\t\t<div class=\"elementor-column elementor-col-50 elementor-top-column elementor-element elementor-element-7571b1c1\" data-id=\"7571b1c1\" data-element_type=\"column\" data-e-type=\"column\">\n\t\t\t<div class=\"elementor-widget-wrap elementor-element-populated\">\n\t\t\t\t\t\t<div class=\"elementor-element elementor-element-70a7f61a elementor-widget elementor-widget-spacer\" data-id=\"70a7f61a\" data-element_type=\"widget\" data-e-type=\"widget\" data-widget_type=\"spacer.default\">\n\t\t\t\t<div class=\"elementor-widget-container\">\n\t\t\t\t\t\t\t<div class=\"elementor-spacer\">\n\t\t\t<div class=\"elementor-spacer-inner\"><\/div>\n\t\t<\/div>\n\t\t\t\t\t\t<\/div>\n\t\t\t\t<\/div>\n\t\t\t\t\t<\/div>\n\t\t<\/div>\n\t\t\t\t<div class=\"elementor-column elementor-col-50 elementor-top-column elementor-element elementor-element-7b6fa665\" data-id=\"7b6fa665\" data-element_type=\"column\" data-e-type=\"column\">\n\t\t\t<div class=\"elementor-widget-wrap\">\n\t\t\t\t\t\t\t<\/div>\n\t\t<\/div>\n\t\t\t\t\t<\/div>\n\t\t<\/section>\n\t\t\t\t<section class=\"elementor-section elementor-top-section elementor-element elementor-element-16c4ebe0 elementor-section-boxed elementor-section-height-default elementor-section-height-default\" data-id=\"16c4ebe0\" data-element_type=\"section\" data-e-type=\"section\">\n\t\t\t\t\t\t<div class=\"elementor-container elementor-column-gap-default\">\n\t\t\t\t\t<div class=\"elementor-column elementor-col-100 elementor-top-column elementor-element elementor-element-3ddc785\" data-id=\"3ddc785\" data-element_type=\"column\" data-e-type=\"column\">\n\t\t\t<div class=\"elementor-widget-wrap elementor-element-populated\">\n\t\t\t\t\t\t<section class=\"elementor-section elementor-inner-section elementor-element elementor-element-33176a99 elementor-section-boxed elementor-section-height-default elementor-section-height-default\" data-id=\"33176a99\" data-element_type=\"section\" data-e-type=\"section\" data-settings=\"{&quot;background_background&quot;:&quot;classic&quot;}\">\n\t\t\t\t\t\t<div class=\"elementor-container elementor-column-gap-default\">\n\t\t\t\t\t<div class=\"elementor-column elementor-col-100 elementor-inner-column elementor-element elementor-element-3ad53a77\" data-id=\"3ad53a77\" data-element_type=\"column\" data-e-type=\"column\">\n\t\t\t<div class=\"elementor-widget-wrap elementor-element-populated\">\n\t\t\t\t\t\t<div class=\"elementor-element elementor-element-14fe29b9 elementor-widget elementor-widget-text-editor\" data-id=\"14fe29b9\" data-element_type=\"widget\" data-e-type=\"widget\" data-widget_type=\"text-editor.default\">\n\t\t\t\t<div class=\"elementor-widget-container\">\n\t\t\t\t\t\t\t\t\t<p class=\"p1\">In compliance with Law 34\/2002 of July 11 on Information Society Services and Electronic Commerce, general information about this website can be found hereby:<\/p><p class=\"p1\"><b>OBJECT<\/b><\/p><p class=\"p1\">The present general conditions (hereinafter, the \u201cGeneral Conditions\u201d) regulate the use of this Website services (hereinafter \u201cthe Website\u201d) that Forankra Espa\u00f1a, SLU makes available to Internet users. By simply using the Website, users express their unreserved acceptance of the aforementioned conditions, which may be modified by Forankra Espa\u00f1a, SLU at any time. Users are subject to all particular conditions, warnings or regulations of instructions that are brought to their knowledge, in relation to the contents or specific services that are considered in these General Conditions, insofar as they are not incompatible therewith.<\/p><p class=\"p1\"><b>1. USER INFORMATION<\/b><\/p><p class=\"p1\">Forankra Espa\u00f1a, SLU is responsible for the handling of the user\u2019s personal data and informs him\/her that these data will be handled in accordance with the provisions of current legislation on the Protection of Personal Data, Regulation (EU) 2016\/679 of 27 April 2016 (GDPR) on the protection of natural persons with regard to the processing of personal data and on the free movement of such data, consequently, the following information is provided:<\/p><p class=\"p1\"><b>Purpose of treatment:<\/b>\u00a0to maintain a commercial relationship with the user. Planned operations for data treatment include:<\/p><ul class=\"ul1\"><li class=\"li1\">Sending commercial advertising communications via e-mail, SMS, MMS, social networks or any other electronic or physical means, in the present or in the future, that allow commercial communication. Such communications shall be carried out by Forankra Espa\u00f1a, SLU and shall be related to its products and services or those of its collaborators or providers with whom an advertising agreement has been reached. In this case, the third parties shall never have access to the personal data.<\/li><li class=\"li1\">Carry out statistical studies.<\/li><li class=\"li1\">Process orders, requests or any type of queries made by the user via any of the available contact means.<\/li><li class=\"li1\">Send the website\u2019s newsletter.<\/li><\/ul><p class=\"p1\"><b>Criteria for data conservation:<\/b>\u00a0Data shall be kept as long as there is a mutual interest to maintain the purpose of the processing. When data is no longer necessary for that purpose, it shall be suppressed with adequate security measures in order to guarantee the pseudonymization of the data or total destruction of the data.<\/p><p class=\"p1\"><b>Data disclosure:<\/b>\u00a0Data shall not be disclosed to any recipient, except under legal obligation.<\/p><p class=\"p1\"><b>User\u2019s rights:<\/b><\/p><ul class=\"ul1\"><li class=\"li1\">Right to withdraw consent at any time.<\/li><li class=\"li1\">Right to access, rectify and suppress his\/her data and to limit or oppose their processing.<\/li><li class=\"li1\">Right to file a complaint with the Control authorities (agpd.es) if the user considers that the processing does not adapt to current regulations.<\/li><\/ul><p class=\"p1\"><b>Contact details to exercise your rights:<\/b><\/p><ul class=\"ul1\"><li class=\"li1\">Postal address: Forankra Espa\u00f1a, SLU &#8211; C\/ de l&#8217;Alguer 2, nave 1 A (Pol. Ind. La Creueta) 08130 &#8211; Santa Perpetua de Mogoda (Barcelona)<\/li><li class=\"li1\">E-mail: marketing@forankra.es<\/li><\/ul><p class=\"p1\"><b>2. OBLIGATORY OR OPTIONAL NATURE OF THE DATA PROVIDED BY THE USER<\/b><\/p><p class=\"p1\">When entering data in the fields of the contact form or in the downloaded forms, users specifically and unambiguously accept that their data are necessary for the provider to deal with their query. and that the inclusion of data in the remaining fields is voluntary. The User guarantees the truthfulness of the personal data provided to Forankra Espa\u00f1a, SLU and is responsible for notifying any change in the data.<\/p><p class=\"p1\">Forankra Espa\u00f1a, SLU informs and expressly guarantees users that their personal data shall not be transferred under any circumstances to third parties and that whenever any kind of personal data is transferred, it shall previously ask for express, informed, unequivocal consent from the users. All data requested through the website are compulsory as they are necessary in order to offer an optimal service to the user. Should not all the data be provided, the company cannot guarantee that the information and services provided shall be completely tailored to the user\u2019s needs.<\/p><p class=\"p1\"><b>3. SECURITY MEASURES<\/b><\/p><p class=\"p1\">In accordance with the current regulation on personal data protection, Forankra Espa\u00f1a, SLU complies with all the dispositions of the GDPR regulations for processing the personal data for which they are responsible and manifestly with the principles described in article 5 of the GDPR, meaning that they are processed lawfully, fairly and in a transparent manner with respect to the interested party and adequate, relevant and limited to what is necessary for the purposes for which they are processed.<\/p><p class=\"p1\">Forankra Espa\u00f1a, SLU guarantees that it has implemented appropriate technical and organizational policies in order to apply the security measures established by the GDPR so as to protect the user\u2019s rights and freedoms of users and has suitably informed them so that they can exercise them.<\/p><p class=\"p1\"><b>4. USE OF THE WEBSITE AND SERVICES FOR THE USERS<\/b><\/p><p class=\"p1\">Except in the case that they have obtained prior and express authorization specifically granted for this purpose by Forankra Espa\u00f1a, SLU, users shall refrain from obtaining or attempting to obtain any type of content, whether text, graphics, drawings, sound files, images or photographs, videos, software and in general any kind of material accessible through the Website or services used by them, by means other than those made available to them for this purpose or those normally used for this purpose on the Internet.<\/p><p class=\"p1\">Reproducing, modifying, copying, using, distributing, commercializing, advertising or any other use of the information contained in Forankra Espa\u00f1a, SLU\u2019s Website (including its own design, settings and layout) without Forankra Espa\u00f1a, SLU\u2019s authorization is an infringement of the law in force with regard to intellectual property.<\/p><p class=\"p1\">To facilitate access, Forankra Espa\u00f1a, SLU may include links to websites belonging to or managed by third parties. When accessing those websites, the user shall examine and accept the website rules before using them. The user shall also accept that Forankra Espa\u00f1a, SLU has no control over the content of these websites and cannot take any responsibility for any material created or published by them. Furthermore, a link to a site other than Forankra Espa\u00f1a, SLU does not imply that it endorses this site or the products or services to which it refers.<\/p><p class=\"p1\"><b>5. COOKIES POLICY<\/b><\/p><p class=\"p1\">User\u2019s personal data shall not be collected without the user\u2019s knowledge and shall not be transferred to a third party.<\/p><p class=\"p1\">With the aim of offering the best service to the users and make its use easier, the website number of visits shall be analysed as well as the activity of the visitors and their frequency of use. To these effects, Forankra Espa\u00f1a, SLU uses statistical information compiled by the Internet services provider.<\/p><p class=\"p1\">Forankra Espa\u00f1a, SLU uses cookies in order to collect information from users and registers access IP addresses. Session cookies and third-party cookies are used for technical purposes (to allow users to navigate through the website and use the different options and services that exist therein).<\/p><p class=\"p1\"><b>6. EXCLUSION OF LIABILITY FOR THE CONTENTS<\/b><\/p><p class=\"p1\">The company is not responsible, directly or subsidiarily, for any content, data, communication, opinion or statement of any kind that has its origin in the user or any person or entity and that is communicated, disseminated, transferred or displayed through this website.<\/p><p class=\"p1\"><b>7. INTELLECTUAL AND INDUSTRIAL PROPERTY<\/b><\/p><p class=\"p1\">All contents, names, logos, trademarks and databases accessible on the Website pages are subject to the intellectual and industrial property rights of Forankra Espa\u00f1a, SLU or third-party holders thereof. Under no circumstances does access to the Website imply any sort of waiver, transmission or total or partial cession of the aforementioned rights, nor does it confer any rights to use, alter, exploit, copy, distribute or communicate publicly any contents or industry property without prior express authorization specifically granted for this purpose by the company or the third party holder of the rights, with the exception of the rights to view and make copies for the user\u2019s personal and exclusive use, which shall always have to be exercised in accordance with the principles of good faith and the applicable legislation.<\/p><p class=\"p1\">Forankra Espa\u00f1a, SLU and other product names, services, graphics and logos are trademarks protected Forankra Espa\u00f1a, SLU. The names of other products, services and companies mentioned in this document may be registered trademarks of their respective owners.<\/p><p class=\"p1\"><b>8. APPLICABLE LAW<\/b><\/p><p class=\"p1\">In case of dispute or conflict of interpretation of the terms that make up this legal notice, as well as any matter related to the services of this Website, the applicable law shall be the Spanish law.<\/p>\t\t\t\t\t\t\t\t<\/div>\n\t\t\t\t<\/div>\n\t\t\t\t\t<\/div>\n\t\t<\/div>\n\t\t\t\t\t<\/div>\n\t\t<\/section>\n\t\t\t\t\t<\/div>\n\t\t<\/div>\n\t\t\t\t\t<\/div>\n\t\t<\/section>\n\t\t\t\t<\/div>\n\t\t","protected":false},"excerpt":{"rendered":"<p>Home \/ Avviso legaleAvviso legale VOIDFILLER In compliance with Law 34\/2002 of July 11 on Information Society Services and Electronic Commerce, general information about this website can be found hereby: OBJECT The present general conditions (hereinafter, the \u201cGeneral Conditions\u201d) regulate the use of this Website services (hereinafter \u201cthe Website\u201d) that Forankra Espa\u00f1a, SLU makes available [&hellip;]<\/p>\n","protected":false},"author":1,"featured_media":0,"parent":0,"menu_order":0,"comment_status":"closed","ping_status":"closed","template":"","meta":{"inline_featured_image":false,"footnotes":""},"class_list":["post-3668","page","type-page","status-publish","hentry"],"yoast_head":"<!-- This site is optimized with the Yoast SEO plugin v27.3 - https:\/\/yoast.com\/product\/yoast-seo-wordpress\/ -->\n<title>Avviso legale - Niupack<\/title>\n<meta name=\"robots\" content=\"noindex, follow\" \/>\n<meta property=\"og:locale\" content=\"it_IT\" \/>\n<meta property=\"og:type\" content=\"article\" \/>\n<meta property=\"og:title\" content=\"Avviso legale - Niupack\" \/>\n<meta property=\"og:description\" content=\"Home \/ Avviso legaleAvviso legale VOIDFILLER In compliance with Law 34\/2002 of July 11 on Information Society Services and Electronic Commerce, general information about this website can be found hereby: OBJECT The present general conditions (hereinafter, the \u201cGeneral Conditions\u201d) regulate the use of this Website services (hereinafter \u201cthe Website\u201d) that Forankra Espa\u00f1a, SLU makes available [&hellip;]\" \/>\n<meta property=\"og:url\" content=\"https:\/\/www.niupack.com\/it\/avviso-legale\/\" \/>\n<meta property=\"og:site_name\" content=\"Niupack\" \/>\n<meta property=\"article:modified_time\" content=\"2025-04-03T07:54:18+00:00\" \/>\n<meta name=\"twitter:card\" content=\"summary_large_image\" \/>\n<meta name=\"twitter:label1\" content=\"Tempo di lettura stimato\" \/>\n\t<meta name=\"twitter:data1\" content=\"8 minuti\" \/>\n<script type=\"application\/ld+json\" class=\"yoast-schema-graph\">{\"@context\":\"https:\\\/\\\/schema.org\",\"@graph\":[{\"@type\":\"WebPage\",\"@id\":\"https:\\\/\\\/www.niupack.com\\\/it\\\/avviso-legale\\\/\",\"url\":\"https:\\\/\\\/www.niupack.com\\\/it\\\/avviso-legale\\\/\",\"name\":\"Avviso legale - Niupack\",\"isPartOf\":{\"@id\":\"https:\\\/\\\/www.niupack.com\\\/it\\\/#website\"},\"datePublished\":\"2023-05-29T10:22:55+00:00\",\"dateModified\":\"2025-04-03T07:54:18+00:00\",\"breadcrumb\":{\"@id\":\"https:\\\/\\\/www.niupack.com\\\/it\\\/avviso-legale\\\/#breadcrumb\"},\"inLanguage\":\"it-IT\",\"potentialAction\":[{\"@type\":\"ReadAction\",\"target\":[\"https:\\\/\\\/www.niupack.com\\\/it\\\/avviso-legale\\\/\"]}]},{\"@type\":\"BreadcrumbList\",\"@id\":\"https:\\\/\\\/www.niupack.com\\\/it\\\/avviso-legale\\\/#breadcrumb\",\"itemListElement\":[{\"@type\":\"ListItem\",\"position\":1,\"name\":\"Portada\",\"item\":\"https:\\\/\\\/www.niupack.com\\\/it\\\/\"},{\"@type\":\"ListItem\",\"position\":2,\"name\":\"Avviso legale\"}]},{\"@type\":\"WebSite\",\"@id\":\"https:\\\/\\\/www.niupack.com\\\/it\\\/#website\",\"url\":\"https:\\\/\\\/www.niupack.com\\\/it\\\/\",\"name\":\"Niupack\",\"description\":\"Sistema ecol\u00f3gico para la protecci\u00f3n de mercanc\u00edas\",\"publisher\":{\"@id\":\"https:\\\/\\\/www.niupack.com\\\/it\\\/#organization\"},\"potentialAction\":[{\"@type\":\"SearchAction\",\"target\":{\"@type\":\"EntryPoint\",\"urlTemplate\":\"https:\\\/\\\/www.niupack.com\\\/it\\\/?s={search_term_string}\"},\"query-input\":{\"@type\":\"PropertyValueSpecification\",\"valueRequired\":true,\"valueName\":\"search_term_string\"}}],\"inLanguage\":\"it-IT\"},{\"@type\":\"Organization\",\"@id\":\"https:\\\/\\\/www.niupack.com\\\/it\\\/#organization\",\"name\":\"Niupack\",\"url\":\"https:\\\/\\\/www.niupack.com\\\/it\\\/\",\"logo\":{\"@type\":\"ImageObject\",\"inLanguage\":\"it-IT\",\"@id\":\"https:\\\/\\\/www.niupack.com\\\/it\\\/#\\\/schema\\\/logo\\\/image\\\/\",\"url\":\"https:\\\/\\\/www.niupack.com\\\/wp-content\\\/uploads\\\/2023\\\/05\\\/Grupo-11931.png\",\"contentUrl\":\"https:\\\/\\\/www.niupack.com\\\/wp-content\\\/uploads\\\/2023\\\/05\\\/Grupo-11931.png\",\"width\":326,\"height\":78,\"caption\":\"Niupack\"},\"image\":{\"@id\":\"https:\\\/\\\/www.niupack.com\\\/it\\\/#\\\/schema\\\/logo\\\/image\\\/\"}}]}<\/script>\n<!-- \/ Yoast SEO plugin. -->","yoast_head_json":{"title":"Avviso legale - Niupack","robots":{"index":"noindex","follow":"follow"},"og_locale":"it_IT","og_type":"article","og_title":"Avviso legale - Niupack","og_description":"Home \/ Avviso legaleAvviso legale VOIDFILLER In compliance with Law 34\/2002 of July 11 on Information Society Services and Electronic Commerce, general information about this website can be found hereby: OBJECT The present general conditions (hereinafter, the \u201cGeneral Conditions\u201d) regulate the use of this Website services (hereinafter \u201cthe Website\u201d) that Forankra Espa\u00f1a, SLU makes available [&hellip;]","og_url":"https:\/\/www.niupack.com\/it\/avviso-legale\/","og_site_name":"Niupack","article_modified_time":"2025-04-03T07:54:18+00:00","twitter_card":"summary_large_image","twitter_misc":{"Tempo di lettura stimato":"8 minuti"},"schema":{"@context":"https:\/\/schema.org","@graph":[{"@type":"WebPage","@id":"https:\/\/www.niupack.com\/it\/avviso-legale\/","url":"https:\/\/www.niupack.com\/it\/avviso-legale\/","name":"Avviso legale - Niupack","isPartOf":{"@id":"https:\/\/www.niupack.com\/it\/#website"},"datePublished":"2023-05-29T10:22:55+00:00","dateModified":"2025-04-03T07:54:18+00:00","breadcrumb":{"@id":"https:\/\/www.niupack.com\/it\/avviso-legale\/#breadcrumb"},"inLanguage":"it-IT","potentialAction":[{"@type":"ReadAction","target":["https:\/\/www.niupack.com\/it\/avviso-legale\/"]}]},{"@type":"BreadcrumbList","@id":"https:\/\/www.niupack.com\/it\/avviso-legale\/#breadcrumb","itemListElement":[{"@type":"ListItem","position":1,"name":"Portada","item":"https:\/\/www.niupack.com\/it\/"},{"@type":"ListItem","position":2,"name":"Avviso legale"}]},{"@type":"WebSite","@id":"https:\/\/www.niupack.com\/it\/#website","url":"https:\/\/www.niupack.com\/it\/","name":"Niupack","description":"Sistema ecol\u00f3gico para la protecci\u00f3n de mercanc\u00edas","publisher":{"@id":"https:\/\/www.niupack.com\/it\/#organization"},"potentialAction":[{"@type":"SearchAction","target":{"@type":"EntryPoint","urlTemplate":"https:\/\/www.niupack.com\/it\/?s={search_term_string}"},"query-input":{"@type":"PropertyValueSpecification","valueRequired":true,"valueName":"search_term_string"}}],"inLanguage":"it-IT"},{"@type":"Organization","@id":"https:\/\/www.niupack.com\/it\/#organization","name":"Niupack","url":"https:\/\/www.niupack.com\/it\/","logo":{"@type":"ImageObject","inLanguage":"it-IT","@id":"https:\/\/www.niupack.com\/it\/#\/schema\/logo\/image\/","url":"https:\/\/www.niupack.com\/wp-content\/uploads\/2023\/05\/Grupo-11931.png","contentUrl":"https:\/\/www.niupack.com\/wp-content\/uploads\/2023\/05\/Grupo-11931.png","width":326,"height":78,"caption":"Niupack"},"image":{"@id":"https:\/\/www.niupack.com\/it\/#\/schema\/logo\/image\/"}}]}},"_links":{"self":[{"href":"https:\/\/www.niupack.com\/it\/wp-json\/wp\/v2\/pages\/3668","targetHints":{"allow":["GET"]}}],"collection":[{"href":"https:\/\/www.niupack.com\/it\/wp-json\/wp\/v2\/pages"}],"about":[{"href":"https:\/\/www.niupack.com\/it\/wp-json\/wp\/v2\/types\/page"}],"author":[{"embeddable":true,"href":"https:\/\/www.niupack.com\/it\/wp-json\/wp\/v2\/users\/1"}],"replies":[{"embeddable":true,"href":"https:\/\/www.niupack.com\/it\/wp-json\/wp\/v2\/comments?post=3668"}],"version-history":[{"count":14,"href":"https:\/\/www.niupack.com\/it\/wp-json\/wp\/v2\/pages\/3668\/revisions"}],"predecessor-version":[{"id":12582,"href":"https:\/\/www.niupack.com\/it\/wp-json\/wp\/v2\/pages\/3668\/revisions\/12582"}],"wp:attachment":[{"href":"https:\/\/www.niupack.com\/it\/wp-json\/wp\/v2\/media?parent=3668"}],"curies":[{"name":"wp","href":"https:\/\/api.w.org\/{rel}","templated":true}]}}